{"id":40,"date":"2021-05-30T06:43:28","date_gmt":"2021-05-30T06:43:28","guid":{"rendered":"https:\/\/ppgsc2.uefs.br\/uros\/?page_id=40"},"modified":"2024-06-07T18:25:59","modified_gmt":"2024-06-07T18:25:59","slug":"equipe","status":"publish","type":"page","link":"https:\/\/ppgsc2.uefs.br\/uros\/equipe\/","title":{"rendered":"Equipe"},"content":{"rendered":"<h4>Coordena\u00e7\u00e3o<\/h4>\n<p>Jos\u00e9 de Bessa Junior<\/p>\n<h4>Docentes<\/h4>\n<p>Ricardo Brianezi Tiraboschi<\/p>\n<h4>Programa de p\u00f3s-gradua\u00e7\u00e3o em Sa\u00fade Coletiva<\/h4>\n<p>Caroline Santos Silva \u2013 Doutoranda<br \/>\nAnna Paloma Martins Rocha Ribeiro \u2013 Doutoranda<br \/>\nJean Carlos Zambrano Contreras \u2013 Doutorando<br \/>\nMonique Tonani Novaes \u2013 Doutoranda<br \/>\nTaciana Leonel Tiraboschi &#8211; Mestranda<br \/>\nNeyara dos Santos Oliveira &#8211; Doutoranda<br \/>\nMatheus Pau Ferro &#8211; Mestrando<br \/>\nRicardo Figueredo Gasmann \u2013 Mestrando<br \/>\nRodolfo Macedo Cruz Pimenta &#8211; Doutorando<\/p>\n<h4>Gradua\u00e7\u00e3o<\/h4>\n<p>Ana Carolina Silva Assun\u00e7\u00e3o<br \/>\nBlenda Maria dos Santos Erdes<br \/>\nBreno Batista de Oliveira<br \/>\nCaroline Nunes Amarante<br \/>\nEusvaldo Barbosa Dourado<br \/>\nEvelly Cerqueira De Amorim Paix\u00e3o<br \/>\nGra\u00e7as de Maria Dias Reis<br \/>\nIgor Vasconcellos Nunes<br \/>\nJair Bonfim Santos<br \/>\nJoice da Silva Santos<br \/>\nLucas dos Santos Silva<br \/>\nLucas Neves de Oliveira<br \/>\nMatheus Souza de Moura<br \/>\nM\u00f4nica Cardoso do Amaral<br \/>\nThais Macedo de Amorim<br \/>\nThiago Bello Santos<br \/>\nTyson Andrade Miranda<br \/>\nWanessa Galv\u00e3o Damas<\/p>\n<h4>Pesquisadores externos<\/h4>\n<p>Cristiano Mendes Gomes \u2013 FMUSP<br \/>\nJos\u00e9 Murillo Bastos Netto &#8211; UFJF<br \/>\nEduardo de Paula Miranda \u2013 UFC<br \/>\nCarlos Henrique Suzuki Bellucci \u2013 FMUSP<br \/>\nFlavia Mrad de Carvalho &#8211; UFMG<\/p>\n","protected":false},"excerpt":{"rendered":"<p>Coordena\u00e7\u00e3o Jos\u00e9 de Bessa Junior Docentes Ricardo Brianezi Tiraboschi Programa de p\u00f3s-gradua\u00e7\u00e3o em Sa\u00fade Coletiva Caroline Santos Silva \u2013 Doutoranda Anna Paloma Martins Rocha Ribeiro \u2013 Doutoranda Jean Carlos Zambrano [&hellip;]<\/p>\n","protected":false},"author":1,"featured_media":0,"parent":0,"menu_order":0,"comment_status":"closed","ping_status":"closed","template":"","meta":{"footnotes":""},"class_list":["post-40","page","type-page","status-publish","hentry"],"_links":{"self":[{"href":"https:\/\/ppgsc2.uefs.br\/uros\/wp-json\/wp\/v2\/pages\/40","targetHints":{"allow":["GET"]}}],"collection":[{"href":"https:\/\/ppgsc2.uefs.br\/uros\/wp-json\/wp\/v2\/pages"}],"about":[{"href":"https:\/\/ppgsc2.uefs.br\/uros\/wp-json\/wp\/v2\/types\/page"}],"author":[{"embeddable":true,"href":"https:\/\/ppgsc2.uefs.br\/uros\/wp-json\/wp\/v2\/users\/1"}],"replies":[{"embeddable":true,"href":"https:\/\/ppgsc2.uefs.br\/uros\/wp-json\/wp\/v2\/comments?post=40"}],"version-history":[{"count":3,"href":"https:\/\/ppgsc2.uefs.br\/uros\/wp-json\/wp\/v2\/pages\/40\/revisions"}],"predecessor-version":[{"id":46,"href":"https:\/\/ppgsc2.uefs.br\/uros\/wp-json\/wp\/v2\/pages\/40\/revisions\/46"}],"wp:attachment":[{"href":"https:\/\/ppgsc2.uefs.br\/uros\/wp-json\/wp\/v2\/media?parent=40"}],"curies":[{"name":"wp","href":"https:\/\/api.w.org\/{rel}","templated":true}]}}