{"id":38,"date":"2021-05-30T06:37:53","date_gmt":"2021-05-30T06:37:53","guid":{"rendered":"https:\/\/ppgsc2.uefs.br\/uros\/?page_id=38"},"modified":"2024-06-07T18:25:59","modified_gmt":"2024-06-07T18:25:59","slug":"apresentacao","status":"publish","type":"page","link":"https:\/\/ppgsc2.uefs.br\/uros\/apresentacao\/","title":{"rendered":"Apresenta\u00e7\u00e3o"},"content":{"rendered":"<p style=\"text-align: justify;\">O N\u00facleo de Pesquisas em Urologia \u2013 Subgrupos populacionais (UroS), iniciou suas atividades em 2009 na Universidade Estadual de Feira de Santana, com o objetivo de desenvolver atividades de pesquisa em Urologia e \u00e1reas correlatas. Surgiu inicialmente como n\u00facleo centralizador das atividades de pesquisa e orienta\u00e7\u00f5es aos estudantes de inicia\u00e7\u00e3o cient\u00edfica e de trabalhos de conclus\u00e3o da gradua\u00e7\u00e3o.<br \/>\nNos \u00faltimos anos com a inser\u00e7\u00e3o de nosso Coordenador no Programa de P\u00f3s Gradua\u00e7\u00e3o em Sa\u00fade Coletiva temos tido maior envolvimento na forma\u00e7\u00e3o de Mestres e Doutores<br \/>\nNosso grupo al\u00e9m desta caracter\u00edstica, (marcada atua\u00e7\u00e3o na inicia\u00e7\u00e3o cient\u00edfica e orienta\u00e7\u00e3o aos acad\u00eamicos da gradua\u00e7\u00e3o , de modo s\u00edncrono com a forma\u00e7\u00e3o dos Mestres e Doutores), caracteriza-se tamb\u00e9m pelo interc\u00e2mbio com outras institui\u00e7\u00f5es Universit\u00e1rias e Centros Urol\u00f3gicos do pa\u00eds.<\/p>\n<h4 style=\"text-align: justify;\"><\/h4>\n<h4 style=\"text-align: justify;\">Objetivo<\/h4>\n<p style=\"text-align: justify;\">Funcionar como centro de investiga\u00e7\u00e3o difusor das melhores pr\u00e1ticas da pesquisa cl\u00ednica focado fundamentalmente em preencher lacunas cient\u00edficas regionais<\/p>\n<p style=\"text-align: justify;\">Colaborar na forma\u00e7\u00e3o de Recursos humanos para atua\u00e7\u00e3o na gest\u00e3o, planejamento e implementa\u00e7\u00e3o dos cuidados a sa\u00fade<\/p>\n<h4 style=\"text-align: justify;\"><\/h4>\n<h4 style=\"text-align: justify;\">Endere\u00e7o no Diret\u00f3rio do Grupo de Pesquisa<\/h4>\n<p style=\"text-align: justify;\"><a href=\"http:\/\/dgp.cnpq.br\/dgp\/espelhogrupo\/2041714270419486\">dgp.cnpq.br\/dgp\/espelhogrupo\/2041714270419486<\/a><\/p>\n","protected":false},"excerpt":{"rendered":"<p>O N\u00facleo de Pesquisas em Urologia \u2013 Subgrupos populacionais (UroS), iniciou suas atividades em 2009 na Universidade Estadual de Feira de Santana, com o objetivo de desenvolver atividades de pesquisa [&hellip;]<\/p>\n","protected":false},"author":1,"featured_media":0,"parent":0,"menu_order":0,"comment_status":"closed","ping_status":"closed","template":"","meta":{"footnotes":""},"class_list":["post-38","page","type-page","status-publish","hentry"],"_links":{"self":[{"href":"https:\/\/ppgsc2.uefs.br\/uros\/wp-json\/wp\/v2\/pages\/38","targetHints":{"allow":["GET"]}}],"collection":[{"href":"https:\/\/ppgsc2.uefs.br\/uros\/wp-json\/wp\/v2\/pages"}],"about":[{"href":"https:\/\/ppgsc2.uefs.br\/uros\/wp-json\/wp\/v2\/types\/page"}],"author":[{"embeddable":true,"href":"https:\/\/ppgsc2.uefs.br\/uros\/wp-json\/wp\/v2\/users\/1"}],"replies":[{"embeddable":true,"href":"https:\/\/ppgsc2.uefs.br\/uros\/wp-json\/wp\/v2\/comments?post=38"}],"version-history":[{"count":7,"href":"https:\/\/ppgsc2.uefs.br\/uros\/wp-json\/wp\/v2\/pages\/38\/revisions"}],"predecessor-version":[{"id":57,"href":"https:\/\/ppgsc2.uefs.br\/uros\/wp-json\/wp\/v2\/pages\/38\/revisions\/57"}],"wp:attachment":[{"href":"https:\/\/ppgsc2.uefs.br\/uros\/wp-json\/wp\/v2\/media?parent=38"}],"curies":[{"name":"wp","href":"https:\/\/api.w.org\/{rel}","templated":true}]}}