{"id":53,"date":"2016-04-10T17:54:28","date_gmt":"2016-04-10T20:54:28","guid":{"rendered":"https:\/\/ppgsc2.uefs.br\/saaee\/?page_id=53"},"modified":"2024-06-07T14:42:53","modified_gmt":"2024-06-07T17:42:53","slug":"projetos","status":"publish","type":"page","link":"https:\/\/ppgsc2.uefs.br\/saaee\/projetos\/","title":{"rendered":"Projetos"},"content":{"rendered":"<h4 style=\"text-align: justify;\">Projetos de pesquisa<\/h4>\n<ul style=\"text-align: justify;\">\n<li><strong>PROPOSTA DE VIGIL\u00c2NCIA \u00c1 SA\u00daDE PARA A DETEC\u00c7\u00c3O DE DIST\u00daRBIOS PS\u00cdQUICOS MENORES, DIABETES MELLITUS E HIPERTENS\u00c3O ARTERIAL EM MUCUG\u00ca, BA.<\/strong> (Financiamento FAPESB Termode Outorga 0018\/2021 &#8211; Resolu\u00e7\u00e3o Consepe: 028\/2021). Coordenador \u2013 Carlito Lopes Nascimento Sobrinho.<\/li>\n<\/ul>\n<p>&nbsp;<\/p>\n<ul style=\"text-align: justify;\">\n<li><strong>SA\u00daDE MENTAL DE TRABALHADORES INTENSIVISTAS DE UMA GRANDE CIDADE DO ESTADO DA BAHIA<\/strong> (Financiamento FAPESB Termo de Outorga 0021\/2021 &#8211; Resolu\u00e7\u00e3o Consepe: 035\/2021). Coordenadores \u2013 Carlito Lopes Nascimento Sobrinho e M\u00f4nica de Andrade Nascimento.<\/li>\n<\/ul>\n<p>&nbsp;<\/p>\n<ul style=\"text-align: justify;\">\n<li><strong>A COVID-19 nos contextos da sa\u00fade e da escola de crian\u00e7as e adolescentes no munic\u00edpio de Feira de Santana &#8211; Bahia.<\/strong> (Resolu\u00e7\u00e3o Consepe: 037\/2021). Coordenadora \u2013 Juliana de Oliveira Freitas Miranda.<\/li>\n<\/ul>\n<p>&nbsp;<\/p>\n<ul style=\"text-align: justify;\">\n<li><strong>RECONHECIMENTO DA DETERIORA\u00c7\u00c3O CL\u00cdNICA PEDI\u00c1TRICA NO CONTEXTO HOSPITALAR DA SA\u00daDE DA CRIAN\u00c7A NO MUNIC\u00cdPIO DE FEIRA DE SANTANA &#8211; BAHIA.<\/strong> (Financiamento CNPq &#8211; Processo 408440\/2018 &#8211; Resolu\u00e7\u00e3o Consepe: 035\/2018). Coordenadora \u2013 Juliana de Oliveira Freitas Miranda.<\/li>\n<\/ul>\n<p>&nbsp;<\/p>\n<ul style=\"text-align: justify;\">\n<li><strong>PREVAL\u00caNCIA DE DIST\u00daRBIOS PS\u00cdQUICOS MENORES E TRANSTORNOS MENTAIS EM FEIRA DE SANTANA, BAHIA.<\/strong> (Financiamento FAPESB Termo de Outorga 0006\/2018 &#8211; CNPq\/Processo n\u02da 408440\/2016-3 &#8211; Resolu\u00e7\u00e3o Consepe: 082\/2017). Coordenadora \u2013 M\u00f4nica de Andrade Nascimento.<\/li>\n<\/ul>\n<p>&nbsp;<\/p>\n<ul style=\"text-align: justify;\">\n<li><strong>TRABALHO, SA\u00daDE E QUALIDADE DE VIDA DOS INTENSIVISTAS, BRASILEIROS<\/strong> (Financiamento FAPESB Termo de Outorga 0032\/2011 &#8211; Resolu\u00e7\u00e3o Consepe: 019\/2012). Coordenador &#8211; Carlito Lopes Nascimento Sobrinho;<\/li>\n<\/ul>\n<p>&nbsp;<\/p>\n<ul style=\"text-align: justify;\">\n<li><strong>ADES\u00c3O AO TRATAMENTO ANTI-HIPERTENSIVO E FATORES ASSOCIADOS NA \u00c1REA DE\u00a0<\/strong><strong>ABRANG\u00caNCIA DA ESTRAT\u00c9GIA DE SA\u00daDE DA FAM\u00cdLIA, S\u00c3O FRANCISCO DO CONDE, BAHIA<\/strong> (Financiamento FAPESB Termo de Outorga 0022\/2013 e Financiamento &#8211; UEFS &#8211; Edital 001\/2011 \u2013 Resolu\u00e7\u00e3o Consepe: 157\/2012). Coordenador &#8211; Carlito Lopes Nascimento sobrinho;<\/li>\n<\/ul>\n<h4 style=\"text-align: justify;\"><\/h4>\n<h4 style=\"text-align: justify;\"><\/h4>\n<h4 style=\"text-align: justify;\">Projetos de extens\u00e3o<\/h4>\n<ul>\n<li style=\"text-align: justify;\"><strong>PROPOSTA DE VIGIL\u00c2NCIA \u00c0 SA\u00daDE PARA A DETEC\u00c7\u00c3O DE DIST\u00daRBIOS PS\u00cdQUICOS MENORES E HIPERTENS\u00c3O ARTERIAL EM S\u00c3O GON\u00c7ALO DOS CAMPOS, BAHIA<\/strong> (Financiamento &#8211; UEFS &#8211; Edital PROEX 001\/2011 &#8211; Resolu\u00e7\u00e3o Consepe: 104\/2011) Coordenador &#8211; Carlito Lopes Nascimento Sobrinho;<\/li>\n<\/ul>\n","protected":false},"excerpt":{"rendered":"<p>Projetos de pesquisa PROPOSTA DE VIGIL\u00c2NCIA \u00c1 SA\u00daDE PARA A DETEC\u00c7\u00c3O DE DIST\u00daRBIOS PS\u00cdQUICOS MENORES, DIABETES MELLITUS E HIPERTENS\u00c3O ARTERIAL EM MUCUG\u00ca, BA. (Financiamento FAPESB Termode Outorga 0018\/2021 &#8211; Resolu\u00e7\u00e3o [&hellip;]<\/p>\n","protected":false},"author":1,"featured_media":0,"parent":0,"menu_order":0,"comment_status":"closed","ping_status":"closed","template":"","meta":{"footnotes":""},"class_list":["post-53","page","type-page","status-publish","hentry"],"_links":{"self":[{"href":"https:\/\/ppgsc2.uefs.br\/saaee\/wp-json\/wp\/v2\/pages\/53","targetHints":{"allow":["GET"]}}],"collection":[{"href":"https:\/\/ppgsc2.uefs.br\/saaee\/wp-json\/wp\/v2\/pages"}],"about":[{"href":"https:\/\/ppgsc2.uefs.br\/saaee\/wp-json\/wp\/v2\/types\/page"}],"author":[{"embeddable":true,"href":"https:\/\/ppgsc2.uefs.br\/saaee\/wp-json\/wp\/v2\/users\/1"}],"replies":[{"embeddable":true,"href":"https:\/\/ppgsc2.uefs.br\/saaee\/wp-json\/wp\/v2\/comments?post=53"}],"version-history":[{"count":4,"href":"https:\/\/ppgsc2.uefs.br\/saaee\/wp-json\/wp\/v2\/pages\/53\/revisions"}],"predecessor-version":[{"id":92,"href":"https:\/\/ppgsc2.uefs.br\/saaee\/wp-json\/wp\/v2\/pages\/53\/revisions\/92"}],"wp:attachment":[{"href":"https:\/\/ppgsc2.uefs.br\/saaee\/wp-json\/wp\/v2\/media?parent=53"}],"curies":[{"name":"wp","href":"https:\/\/api.w.org\/{rel}","templated":true}]}}