{"id":49,"date":"2016-04-10T17:51:11","date_gmt":"2016-04-10T20:51:11","guid":{"rendered":"https:\/\/ppgsc2.uefs.br\/saaee\/?page_id=49"},"modified":"2024-06-07T14:42:53","modified_gmt":"2024-06-07T17:42:53","slug":"linhas-de-pesquisa","status":"publish","type":"page","link":"https:\/\/ppgsc2.uefs.br\/saaee\/linhas-de-pesquisa\/","title":{"rendered":"Linhas de Pesquisa"},"content":{"rendered":"<p>As \u00e1reas predominantes de pesquisa da SSAEE s\u00e3o Sa\u00fade Coletiva e Ci\u00eancias da Sa\u00fade.<\/p>\n<h4>As linhas de pesquisa s\u00e3o:<\/h4>\n<p>\u2981 Trabalho e sa\u00fade dos trabalhadores de sa\u00fade.<br \/>\n\u2981 Indicadores de sa\u00fade.<br \/>\n\u2981 An\u00e1lise de informa\u00e7\u00f5es dos sistemas de informa\u00e7\u00f5es em sa\u00fade.<br \/>\n\u2981 Indicadores de prescri\u00e7\u00e3o farmac\u00eautica.<br \/>\n\u2981 Constru\u00e7\u00e3o, adapta\u00e7\u00e3o e valida\u00e7\u00e3o de instrumentos de medida em sa\u00fade.<br \/>\n\u2981 \u00c9tica e bio\u00e9tica.<\/p>\n","protected":false},"excerpt":{"rendered":"<p>As \u00e1reas predominantes de pesquisa da SSAEE s\u00e3o Sa\u00fade Coletiva e Ci\u00eancias da Sa\u00fade. As linhas de pesquisa s\u00e3o: \u2981 Trabalho e sa\u00fade dos trabalhadores de sa\u00fade. \u2981 Indicadores de [&hellip;]<\/p>\n","protected":false},"author":1,"featured_media":0,"parent":0,"menu_order":0,"comment_status":"closed","ping_status":"closed","template":"","meta":{"footnotes":""},"class_list":["post-49","page","type-page","status-publish","hentry"],"_links":{"self":[{"href":"https:\/\/ppgsc2.uefs.br\/saaee\/wp-json\/wp\/v2\/pages\/49","targetHints":{"allow":["GET"]}}],"collection":[{"href":"https:\/\/ppgsc2.uefs.br\/saaee\/wp-json\/wp\/v2\/pages"}],"about":[{"href":"https:\/\/ppgsc2.uefs.br\/saaee\/wp-json\/wp\/v2\/types\/page"}],"author":[{"embeddable":true,"href":"https:\/\/ppgsc2.uefs.br\/saaee\/wp-json\/wp\/v2\/users\/1"}],"replies":[{"embeddable":true,"href":"https:\/\/ppgsc2.uefs.br\/saaee\/wp-json\/wp\/v2\/comments?post=49"}],"version-history":[{"count":4,"href":"https:\/\/ppgsc2.uefs.br\/saaee\/wp-json\/wp\/v2\/pages\/49\/revisions"}],"predecessor-version":[{"id":90,"href":"https:\/\/ppgsc2.uefs.br\/saaee\/wp-json\/wp\/v2\/pages\/49\/revisions\/90"}],"wp:attachment":[{"href":"https:\/\/ppgsc2.uefs.br\/saaee\/wp-json\/wp\/v2\/media?parent=49"}],"curies":[{"name":"wp","href":"https:\/\/api.w.org\/{rel}","templated":true}]}}