{"id":45,"date":"2016-04-10T17:47:09","date_gmt":"2016-04-10T20:47:09","guid":{"rendered":"https:\/\/ppgsc2.uefs.br\/saaee\/?page_id=45"},"modified":"2024-06-07T14:42:53","modified_gmt":"2024-06-07T17:42:53","slug":"equipe","status":"publish","type":"page","link":"https:\/\/ppgsc2.uefs.br\/saaee\/equipe\/","title":{"rendered":"Equipe"},"content":{"rendered":"<h4 style=\"text-align: justify;\">Coordenador<\/h4>\n<p style=\"text-align: justify;\">Carlito Lopes Nascimento Sobrinho &#8211; Prof. Pleno DSAU\/UEFS<\/p>\n<h4 style=\"text-align: justify;\">Pesquisadores<\/h4>\n<ul>\n<li style=\"text-align: justify;\">Carlito Lopes Nascimento Sobrinho &#8211; Prof. Pleno DSAU\/UEFS<\/li>\n<li style=\"text-align: justify;\">Davi F\u00e9lix Martins J\u00fanior &#8211; Prof. Adjunto DSAU\/UEFS<\/li>\n<li style=\"text-align: justify;\">Juliana de Oliveira Freitas Miranda \u2013 Profa. Adjunta DSAU\/UEFS<\/li>\n<li style=\"text-align: justify;\">M\u00f4nica de Andrade Nascimento &#8211; Profa. Adjunta DSAU\/UEFS<\/li>\n<li style=\"text-align: justify;\">Rosely Cabral de Carvalho &#8211; Profa. Titular DSAU\/UEFS<\/li>\n<li style=\"text-align: justify;\">Kaio Vin\u00edcius Freitas de Andrade &#8211; Prof. Adjunto DSAU\/UEFS<\/li>\n<li style=\"text-align: justify;\">Cl\u00e1udia Cerqueira Gra\u00e7a Carneiro &#8211; Profa. Titular DSAU\/UEFS<\/li>\n<li style=\"text-align: justify;\">Adenilda Lopes Martins &#8211; Profa. Adjunta DSAU\/UEFS<\/li>\n<\/ul>\n<h4 style=\"text-align: justify;\">Colaboradores<\/h4>\n<ul>\n<li style=\"text-align: justify;\">Darci Oliveira Santa Rosa &#8211; Profa. Titular UFBA<\/li>\n<li style=\"text-align: justify;\">\u00c9der Pereira Rodrigues &#8211; Prof. Adjunto UFRB<\/li>\n<li style=\"text-align: justify;\">M\u00e1rcia Oliveira Staffa Tironi \u2013 Profa. EBMSP<\/li>\n<li style=\"text-align: justify;\">Luiz Ant\u00f4nio Nogueira Martins \u2013 Prof. Titular UNIFESP<\/li>\n<li style=\"text-align: justify;\">D\u00e9bora Feij\u00f3 Villas B\u00f4as Vieira &#8211; Profa. Titular UFRGS<\/li>\n<li style=\"text-align: justify;\">Patr\u00edcia Freitas Martins &#8211; Profa. FAN<\/li>\n<li style=\"text-align: justify;\">Gabriella Ben\u00e9 Barbosa \u2013 Profa. UNEF<\/li>\n<\/ul>\n<h4 style=\"text-align: justify;\">DOUTORANDOS, MESTRANDOS E GRADUANDOS<\/h4>\n<ul>\n<li style=\"text-align: justify;\">Ohana Cunha do Nascimento &#8211; Doutoranda PPGSC\/UEFS<\/li>\n<li style=\"text-align: justify;\">N\u00fabia Samara Carib\u00e9 Arag\u00e3o &#8211; Doutoranda PPGSC\/UEFS<\/li>\n<li style=\"text-align: justify;\">Cleide Lucilla Carneiro &#8211; Doutoranda PPGSC\/UEFS<\/li>\n<li style=\"text-align: justify;\">Lorena Pacheco Cordeiro Lisboa &#8211; Mestranda PPGSC\/UEFS (Defesa em 25\/03\/2021)<\/li>\n<li style=\"text-align: justify;\">Shirllei Emmanule da Silva Oliveira &#8211; Mestranda PPGSC\/UEFS<\/li>\n<li style=\"text-align: justify;\">Larine Ferreira Bulhosa \u2013 Mestranda PPGENF\/UEFS<\/li>\n<li style=\"text-align: justify;\">F\u00e1bio Lisboa Barreto &#8211; Mestrando PPGENF\/UEFS<\/li>\n<li style=\"text-align: justify;\">Ermillo Campos Lima &#8211; Mestrando PPGENF\/UEFS<\/li>\n<\/ul>\n","protected":false},"excerpt":{"rendered":"<p>Coordenador Carlito Lopes Nascimento Sobrinho &#8211; Prof. Pleno DSAU\/UEFS Pesquisadores Carlito Lopes Nascimento Sobrinho &#8211; Prof. Pleno DSAU\/UEFS Davi F\u00e9lix Martins J\u00fanior &#8211; Prof. Adjunto DSAU\/UEFS Juliana de Oliveira Freitas [&hellip;]<\/p>\n","protected":false},"author":1,"featured_media":0,"parent":0,"menu_order":0,"comment_status":"closed","ping_status":"closed","template":"","meta":{"footnotes":""},"class_list":["post-45","page","type-page","status-publish","hentry"],"_links":{"self":[{"href":"https:\/\/ppgsc2.uefs.br\/saaee\/wp-json\/wp\/v2\/pages\/45","targetHints":{"allow":["GET"]}}],"collection":[{"href":"https:\/\/ppgsc2.uefs.br\/saaee\/wp-json\/wp\/v2\/pages"}],"about":[{"href":"https:\/\/ppgsc2.uefs.br\/saaee\/wp-json\/wp\/v2\/types\/page"}],"author":[{"embeddable":true,"href":"https:\/\/ppgsc2.uefs.br\/saaee\/wp-json\/wp\/v2\/users\/1"}],"replies":[{"embeddable":true,"href":"https:\/\/ppgsc2.uefs.br\/saaee\/wp-json\/wp\/v2\/comments?post=45"}],"version-history":[{"count":6,"href":"https:\/\/ppgsc2.uefs.br\/saaee\/wp-json\/wp\/v2\/pages\/45\/revisions"}],"predecessor-version":[{"id":88,"href":"https:\/\/ppgsc2.uefs.br\/saaee\/wp-json\/wp\/v2\/pages\/45\/revisions\/88"}],"wp:attachment":[{"href":"https:\/\/ppgsc2.uefs.br\/saaee\/wp-json\/wp\/v2\/media?parent=45"}],"curies":[{"name":"wp","href":"https:\/\/api.w.org\/{rel}","templated":true}]}}