{"id":42,"date":"2016-04-10T17:44:12","date_gmt":"2016-04-10T20:44:12","guid":{"rendered":"https:\/\/ppgsc2.uefs.br\/saaee\/?page_id=42"},"modified":"2024-06-07T14:42:53","modified_gmt":"2024-06-07T17:42:53","slug":"apresentacao","status":"publish","type":"page","link":"https:\/\/ppgsc2.uefs.br\/saaee\/apresentacao\/","title":{"rendered":"Apresenta\u00e7\u00e3o"},"content":{"rendered":"<p><img loading=\"lazy\" decoding=\"async\" class=\"aligncenter size-full wp-image-82\" src=\"https:\/\/ppgsc2.uefs.br\/saaee\/wp-content\/uploads\/sites\/12\/2016\/04\/DSC_0952_r2_c1-min.jpg\" alt=\"dsc_0952_r2_c1-min\" width=\"1200\" height=\"603\" srcset=\"https:\/\/ppgsc2.uefs.br\/saaee\/wp-content\/uploads\/sites\/12\/2016\/04\/DSC_0952_r2_c1-min.jpg 1200w, https:\/\/ppgsc2.uefs.br\/saaee\/wp-content\/uploads\/sites\/12\/2016\/04\/DSC_0952_r2_c1-min-300x151.jpg 300w, https:\/\/ppgsc2.uefs.br\/saaee\/wp-content\/uploads\/sites\/12\/2016\/04\/DSC_0952_r2_c1-min-768x386.jpg 768w, https:\/\/ppgsc2.uefs.br\/saaee\/wp-content\/uploads\/sites\/12\/2016\/04\/DSC_0952_r2_c1-min-1024x515.jpg 1024w, https:\/\/ppgsc2.uefs.br\/saaee\/wp-content\/uploads\/sites\/12\/2016\/04\/DSC_0952_r2_c1-min-1080x543.jpg 1080w\" sizes=\"auto, (max-width: 1200px) 100vw, 1200px\" \/><\/p>\n<p style=\"text-align: justify;\">A Sala de Situa\u00e7\u00e3o e An\u00e1lise Epidemiol\u00f3gica e Estat\u00edstica (SSAEE) do Departamento de Sa\u00fade da Universidade Estadual de Feira de Santana (SSAEE\/DSAU\/UEFS) foi criada em 2002, com o objetivo de organizar um sistema de informa\u00e7\u00e3o capaz de subsidiar o planejamento na \u00e1rea de sa\u00fade, apoiando tecnicamente o Conselho Municipal de Sa\u00fade de Feira de Santana e dos demais munic\u00edpios da regi\u00e3o e propondo desenvolver estudos epidemiol\u00f3gicas.<\/p>\n<p style=\"text-align: justify;\">O foco de atua\u00e7\u00e3o da SSAEE \u00e9 desenvolver projetos de pesquisa e extens\u00e3o que visem contribuir com a melhoria das condi\u00e7\u00f5es de vida e sa\u00fade da popula\u00e7\u00e3o e a qualifica\u00e7\u00e3o da forma\u00e7\u00e3o profissional em sa\u00fade no munic\u00edpio de Feira de Santana e regi\u00e3o.<\/p>\n<h4 style=\"text-align: justify;\">Objetivos:<\/h4>\n<ul>\n<li style=\"text-align: justify;\">Estudar e Interpretar os indicadores de sa\u00fade\/doen\u00e7a no munic\u00edpio de Feira de Santana e regi\u00e3o, descrevendo sua situa\u00e7\u00e3o de sa\u00fade, indicando condi\u00e7\u00f5es de risco e propondo interven\u00e7\u00f5es aos servi\u00e7os e gestores municipais;<\/li>\n<li style=\"text-align: justify;\">Estudar as condi\u00e7\u00f5es de trabalho e sa\u00fade dos trabalhadores de sa\u00fade, por meio de parcerias com outras institui\u00e7\u00f5es e entidades representativas desses trabalhadores, a fim de detectar situa\u00e7\u00f5es de risco e propor interven\u00e7\u00f5es;<\/li>\n<li style=\"text-align: justify;\">Construir, adaptar, validar e implantar instrumentos de medida em sa\u00fade a fim de promover melhorias na aten\u00e7\u00e3o \u00e0 sa\u00fade de grupos populacionais espec\u00edficos.<\/li>\n<\/ul>\n<p>&nbsp;<\/p>\n<h4>Endere\u00e7o no Diret\u00f3rio do Grupo de Pesquisa<\/h4>\n<p><a href=\"http:\/\/dgp.cnpq.br\/dgp\/espelhogrupo\/25192\">http:\/\/dgp.cnpq.br\/dgp\/espelhogrupo\/25192<\/a><\/p>\n","protected":false},"excerpt":{"rendered":"<p>A Sala de Situa\u00e7\u00e3o e An\u00e1lise Epidemiol\u00f3gica e Estat\u00edstica (SSAEE) do Departamento de Sa\u00fade da Universidade Estadual de Feira de Santana (SSAEE\/DSAU\/UEFS) foi criada em 2002, com o objetivo de [&hellip;]<\/p>\n","protected":false},"author":1,"featured_media":0,"parent":0,"menu_order":0,"comment_status":"closed","ping_status":"closed","template":"","meta":{"footnotes":""},"class_list":["post-42","page","type-page","status-publish","hentry"],"_links":{"self":[{"href":"https:\/\/ppgsc2.uefs.br\/saaee\/wp-json\/wp\/v2\/pages\/42","targetHints":{"allow":["GET"]}}],"collection":[{"href":"https:\/\/ppgsc2.uefs.br\/saaee\/wp-json\/wp\/v2\/pages"}],"about":[{"href":"https:\/\/ppgsc2.uefs.br\/saaee\/wp-json\/wp\/v2\/types\/page"}],"author":[{"embeddable":true,"href":"https:\/\/ppgsc2.uefs.br\/saaee\/wp-json\/wp\/v2\/users\/1"}],"replies":[{"embeddable":true,"href":"https:\/\/ppgsc2.uefs.br\/saaee\/wp-json\/wp\/v2\/comments?post=42"}],"version-history":[{"count":10,"href":"https:\/\/ppgsc2.uefs.br\/saaee\/wp-json\/wp\/v2\/pages\/42\/revisions"}],"predecessor-version":[{"id":97,"href":"https:\/\/ppgsc2.uefs.br\/saaee\/wp-json\/wp\/v2\/pages\/42\/revisions\/97"}],"wp:attachment":[{"href":"https:\/\/ppgsc2.uefs.br\/saaee\/wp-json\/wp\/v2\/media?parent=42"}],"curies":[{"name":"wp","href":"https:\/\/api.w.org\/{rel}","templated":true}]}}