{"id":66,"date":"2016-04-10T19:25:06","date_gmt":"2016-04-10T22:25:06","guid":{"rendered":"https:\/\/ppgsc2.uefs.br\/nusc\/?page_id=66"},"modified":"2021-05-30T03:06:02","modified_gmt":"2021-05-30T06:06:02","slug":"contato","status":"publish","type":"page","link":"https:\/\/ppgsc2.uefs.br\/nusc\/contato\/","title":{"rendered":"Contato"},"content":{"rendered":"<p><strong>Endere\u00e7o:<\/strong> Avenida Transnordestina, s\/n &#8211; Novo Horizonte \u2013 Pr\u00e9dio da P\u00f3s<br \/>\nGradua\u00e7\u00e3o em Sa\u00fade Coletiva.<br \/>\n<strong>Telefone Fixo<\/strong>: (75) 31618116<br \/>\n<strong>E-mail<\/strong>: <a href=\"thereza.nusc@uefs.br\">thereza.nusc@uefs.br<\/a><br \/>\n<strong>Website:<\/strong> <a href=\"http:\/\/nuscuide.blogspot.com\/\">http:\/\/nuscuide.blogspot.com\/<\/a><br \/>\n<strong>Facebook<\/strong>: <a href=\"https:\/\/www.facebook.com\/NUSC-N%C3%BAcleo-de-Sa%C3%BAde-Coletiva-641748415960853\/\">https:\/\/www.facebook.com\/NUSC-N%C3%BAcleo-de-Sa%C3%BAde-Coletiva-641748415960853\/<\/a><\/p>\n","protected":false},"excerpt":{"rendered":"<p>Endere\u00e7o: Avenida Transnordestina, s\/n &#8211; Novo Horizonte \u2013 Pr\u00e9dio da P\u00f3s Gradua\u00e7\u00e3o em Sa\u00fade Coletiva. Telefone Fixo: (75) 31618116 E-mail: thereza.nusc@uefs.br Website: http:\/\/nuscuide.blogspot.com\/ Facebook: https:\/\/www.facebook.com\/NUSC-N%C3%BAcleo-de-Sa%C3%BAde-Coletiva-641748415960853\/<\/p>\n","protected":false},"author":1,"featured_media":0,"parent":0,"menu_order":0,"comment_status":"closed","ping_status":"closed","template":"","meta":{"footnotes":""},"class_list":["post-66","page","type-page","status-publish","hentry"],"_links":{"self":[{"href":"https:\/\/ppgsc2.uefs.br\/nusc\/wp-json\/wp\/v2\/pages\/66","targetHints":{"allow":["GET"]}}],"collection":[{"href":"https:\/\/ppgsc2.uefs.br\/nusc\/wp-json\/wp\/v2\/pages"}],"about":[{"href":"https:\/\/ppgsc2.uefs.br\/nusc\/wp-json\/wp\/v2\/types\/page"}],"author":[{"embeddable":true,"href":"https:\/\/ppgsc2.uefs.br\/nusc\/wp-json\/wp\/v2\/users\/1"}],"replies":[{"embeddable":true,"href":"https:\/\/ppgsc2.uefs.br\/nusc\/wp-json\/wp\/v2\/comments?post=66"}],"version-history":[{"count":4,"href":"https:\/\/ppgsc2.uefs.br\/nusc\/wp-json\/wp\/v2\/pages\/66\/revisions"}],"predecessor-version":[{"id":187,"href":"https:\/\/ppgsc2.uefs.br\/nusc\/wp-json\/wp\/v2\/pages\/66\/revisions\/187"}],"wp:attachment":[{"href":"https:\/\/ppgsc2.uefs.br\/nusc\/wp-json\/wp\/v2\/media?parent=66"}],"curies":[{"name":"wp","href":"https:\/\/api.w.org\/{rel}","templated":true}]}}