{"id":53,"date":"2016-04-10T17:54:28","date_gmt":"2016-04-10T20:54:28","guid":{"rendered":"https:\/\/ppgsc2.uefs.br\/nusc\/?page_id=53"},"modified":"2021-05-30T03:56:09","modified_gmt":"2021-05-30T06:56:09","slug":"projetos","status":"publish","type":"page","link":"https:\/\/ppgsc2.uefs.br\/nusc\/projetos\/","title":{"rendered":"Projetos"},"content":{"rendered":"<h4 style=\"text-align: justify;\">Pesquisa<\/h4>\n<p style=\"text-align: justify;\">Pol\u00edticas de sa\u00fade mental na Am\u00e9rica do Sul e novos modelos de\u00a0cuidado.<\/p>\n<p style=\"padding-left: 30px; text-align: justify;\"><strong>Subprojeto 1:\u00a0<\/strong>Avalia\u00e7\u00e3o\u00a0de\u00a0rede de\u00a0aten\u00e7\u00e3o psicossocial no\u00a0contexto da reforma psiqui\u00e1trica;<\/p>\n<p style=\"padding-left: 30px; text-align: justify;\"><strong>Subprojeto 2:<\/strong> A sa\u00fade mental desde a perspectiva interdisciplinar e intersetorial em Am\u00e9rica do Sul;<\/p>\n<p style=\"padding-left: 30px; text-align: justify;\"><strong>Subprojeto 3:<\/strong>\u00a0processo\u00a0de trabalho em servi\u00e7os da rede de aten\u00e7\u00e3o\u00a0psicossocial de um munic\u00edpio do nordeste.<\/p>\n<h4 style=\"text-align: justify;\"><\/h4>\n<p style=\"text-align: justify;\">Capacidade de Gest\u00e3o e Cuidado \u00e0 Sa\u00fade em uma Rede Hospitalar do SUS.<\/p>\n<p style=\"padding-left: 30px; text-align: justify;\"><strong>Sub-projeto 1:<\/strong> Caracterizar a Rede Hospitalar Pr\u00f3pria (RHP) da Secretaria de Sa\u00fade do Estado da Bahia (SESAB) &#8211; conclu\u00eddo;<\/p>\n<p style=\"padding-left: 30px; text-align: justify;\"><strong>Sub-projeto 2:<\/strong> Analisar a capacidade de gest\u00e3o de tr\u00eas organiza\u00e7\u00f5es hospitalares, que comp\u00f5em a Rede Pr\u00f3pria da SESAB, sob gest\u00e3o indireta- conclu\u00eddo;<\/p>\n<p style=\"padding-left: 30px; text-align: justify;\"><strong>Sub-projeto 3.<\/strong>\u00a0Analisar os modelos de gest\u00e3o adotados em hospitais da Rede Hospitalar Pr\u00f3pria (RHP) da Secretaria Estadual de Sa\u00fade da Bahia (SESAB), sob gest\u00e3o direta &#8211;\u00a0conclu\u00eddo;<\/p>\n<p style=\"padding-left: 30px; text-align: justify;\"><strong>Subprojeto 4:<\/strong> Analisar a incorpora\u00e7\u00e3o tecnol\u00f3gica e seus efeitos na humaniza\u00e7\u00e3o da gest\u00e3o e da aten\u00e7\u00e3o hospitalar conclu\u00eddo;<\/p>\n<p style=\"padding-left: 30px; text-align: justify;\"><strong>Subprojeto 5:<\/strong> Analisar o processo de trabalho de profissionais e gestores que atuam em unidades hospitalares da rede pr\u00f3pria da SESAB (em andamento).<\/p>\n<h4 style=\"text-align: justify;\"><\/h4>\n<p style=\"text-align: justify;\">Sistemas de Contas em Sa\u00fade.<\/p>\n<p style=\"text-align: justify;\">FASE I<\/p>\n<p style=\"padding-left: 30px; text-align: justify;\"><strong>Subprojeto 1:<\/strong> Sistemas de Contas Municipais em Sa\u00fade: Feira de Santana (conclu\u00eddo);<\/p>\n<p style=\"padding-left: 30px; text-align: justify;\"><strong> Subprojeto 2:<\/strong> Contas em Sa\u00fade da Macro Regi\u00e3o Centro Leste (Financiado pela FAPESB) (conclu\u00eddo).<\/p>\n<p style=\"text-align: justify;\">FASE II<\/p>\n<p style=\"padding-left: 30px; text-align: justify;\"><strong>Subprojeto 1:<\/strong> Contas Bahia 2003 a 2012 (em andamento). Financiamento cobre bolsas de mestrado (CNPq) e Inicia\u00e7\u00e3o Cient\u00edfica (FAPESB, CNPq e PROBIC).<\/p>\n<p style=\"text-align: justify;\">FASE\u00a0III<\/p>\n<p style=\"padding-left: 30px; text-align: justify;\"><strong>Sub projeto1:<\/strong> Financiamento da Aten\u00e7\u00e3o prim\u00e1ria do Chile (em andamento; Sub 2: Financiamento da Sa\u00fade no Haiti.<\/p>\n<h4 style=\"text-align: justify;\"><\/h4>\n<p style=\"text-align: justify;\">Rede de aten\u00e7\u00e3o \u00e0 sa\u00fade da mulher na linha de cuidado de c\u00e2ncer de colo de \u00fatero em duas macrorregi\u00f5es de sa\u00fade no estado da Bahia, Brasil.<\/p>\n<p style=\"text-align: justify;\">\n<h4 style=\"text-align: justify;\">Extens\u00e3o<\/h4>\n<p style=\"text-align: justify;\">Lopes Vive: estrutura\u00e7\u00e3o de um complexo regional de servi\u00e7os de aten\u00e7\u00e3o sa\u00fade mental integral.<\/p>\n<p style=\"text-align: justify;\">Editora\u00e7\u00e3o da Revista de Sa\u00fade Coletiva da UEFS.<\/p>\n<p style=\"text-align: justify;\">Implanta\u00e7\u00e3o do curso de Resid\u00eancia em Medicina Familiar e Comunit\u00e1ria.<\/p>\n","protected":false},"excerpt":{"rendered":"<p>Pesquisa Pol\u00edticas de sa\u00fade mental na Am\u00e9rica do Sul e novos modelos de\u00a0cuidado. Subprojeto 1:\u00a0Avalia\u00e7\u00e3o\u00a0de\u00a0rede de\u00a0aten\u00e7\u00e3o psicossocial no\u00a0contexto da reforma psiqui\u00e1trica; Subprojeto 2: A sa\u00fade mental desde a perspectiva interdisciplinar [&hellip;]<\/p>\n","protected":false},"author":1,"featured_media":0,"parent":0,"menu_order":0,"comment_status":"closed","ping_status":"closed","template":"","meta":{"footnotes":""},"class_list":["post-53","page","type-page","status-publish","hentry"],"_links":{"self":[{"href":"https:\/\/ppgsc2.uefs.br\/nusc\/wp-json\/wp\/v2\/pages\/53","targetHints":{"allow":["GET"]}}],"collection":[{"href":"https:\/\/ppgsc2.uefs.br\/nusc\/wp-json\/wp\/v2\/pages"}],"about":[{"href":"https:\/\/ppgsc2.uefs.br\/nusc\/wp-json\/wp\/v2\/types\/page"}],"author":[{"embeddable":true,"href":"https:\/\/ppgsc2.uefs.br\/nusc\/wp-json\/wp\/v2\/users\/1"}],"replies":[{"embeddable":true,"href":"https:\/\/ppgsc2.uefs.br\/nusc\/wp-json\/wp\/v2\/comments?post=53"}],"version-history":[{"count":24,"href":"https:\/\/ppgsc2.uefs.br\/nusc\/wp-json\/wp\/v2\/pages\/53\/revisions"}],"predecessor-version":[{"id":191,"href":"https:\/\/ppgsc2.uefs.br\/nusc\/wp-json\/wp\/v2\/pages\/53\/revisions\/191"}],"wp:attachment":[{"href":"https:\/\/ppgsc2.uefs.br\/nusc\/wp-json\/wp\/v2\/media?parent=53"}],"curies":[{"name":"wp","href":"https:\/\/api.w.org\/{rel}","templated":true}]}}