{"id":45,"date":"2016-04-10T17:47:09","date_gmt":"2016-04-10T20:47:09","guid":{"rendered":"https:\/\/ppgsc2.uefs.br\/nusc\/?page_id=45"},"modified":"2026-05-05T11:24:49","modified_gmt":"2026-05-05T14:24:49","slug":"equipe","status":"publish","type":"page","link":"https:\/\/ppgsc2.uefs.br\/nusc\/equipe\/","title":{"rendered":"Equipe"},"content":{"rendered":"<h5><strong>Atualizado em 05\/05\/26<\/strong><\/h5>\n\n\n<p><strong>L\u00edderes<\/strong><\/p>\n\n\n\n<p>Coordenadora\/L\u00edder: Clara Aleida Prada Sanabria (UEFS\/Doutorado) <a href=\"http:\/\/lattes.cnpq.br\/0166590798914047\"><\/a><a href=\"http:\/\/lattes.cnpq.br\/0166590798914047\"><u>http:\/\/lattes.cnpq.br\/0166590798914047<\/u><\/a><\/p>\n\n\n\n<p>Vice-Coordenadora\/L\u00edder:&nbsp; Milla Pauline da Silva Ferreira Teles&nbsp; (UEFS\/Doutorado) <a href=\"http:\/\/lattes.cnpq.br\/3443459687540217\"><u>http:\/\/lattes.cnpq.br\/3443459687540217<\/u><\/a><\/p>\n\n\n\n<p><strong>Pesquisadores:<\/strong><\/p>\n\n\n\n<p><strong>Estudantes:<\/strong><\/p>\n\n\n\n<p>Ver\u00f4nica Lima (Doutoranda)<a href=\"http:\/\/lattes.cnpq.br\/6085773318279859\"><u> http:\/\/lattes.cnpq.br\/6085773318279859<\/u><\/a><\/p>\n\n\n\n<p>J\u00falio C\u00e9sar Rab\u00ealo Alves (Doutorando) <a href=\"http:\/\/lattes.cnpq.br\/8824583310463881\"><u>http:\/\/lattes.cnpq.br\/8824583310463881<\/u><\/a><\/p>\n\n\n\n<p>Rander Jorge Alc\u00e2ntara (Doutorando) <a href=\"http:\/\/lattes.cnpq.br\/7796542951449983\"><u>http:\/\/lattes.cnpq.br\/7796542951449983<\/u><\/a><\/p>\n\n\n\n<p>Hernandes Machado de Jesus(Doutorando) <a href=\"http:\/\/lattes.cnpq.br\/7839278556698917\"><u>http:\/\/lattes.cnpq.br\/7839278556698917<\/u><\/a><\/p>\n\n\n\n<p>Felipe do Carmo de Carvalho (Doutorando) <a href=\"http:\/\/lattes.cnpq.br\/3802199796533234\"><u>http:\/\/lattes.cnpq.br\/3802199796533234<\/u><\/a><\/p>\n\n\n\n<p>Expedito Sillas Braga Moreira Sampaio (Mestrando) <a href=\"http:\/\/lattes.cnpq.br\/8690629568276899\"><u>http:\/\/lattes.cnpq.br\/8690629568276899<\/u><\/a><\/p>\n\n\n\n<p>Sidney Sheldon Oliveira Bessa (Mestrando) <a href=\"http:\/\/lattes.cnpq.br\/7138145306232500\"><u>http:\/\/lattes.cnpq.br\/7138145306232500<\/u><\/a><\/p>\n\n\n\n<p>Maria Clara Carneiro Bastos&nbsp; (Mestrando) <a href=\"http:\/\/lattes.cnpq.br\/5562939956559952\"><u>http:\/\/lattes.cnpq.br\/5562939956559952<\/u><\/a><\/p>\n\n\n\n<p>K\u00e9zia de Oliveira Nascimento Souza (Mestrando) <a href=\"http:\/\/lattes.cnpq.br\/9986601405917876\"><u>http:\/\/lattes.cnpq.br\/9986601405917876<\/u><\/a><\/p>\n\n\n\n<p>Larissa Carneiro de Souza Matos (Gradua\u00e7\u00e3o em medicina) <a href=\"https:\/\/lattes.cnpq.br\/0326483634168387\"><u>https:\/\/lattes.cnpq.br\/0326483634168387<\/u><\/a><\/p>\n\n\n\n<p>Maria Carolina Oliveira Santos (Gradua\u00e7\u00e3o em medicina)<\/p>\n\n\n\n<p>Brenno Jesus Pereira Rabello (Gradua\u00e7\u00e3o em medicina)<\/p>\n\n\n\n<p>Manoel Louzado Barreto Neto (Gradua\u00e7\u00e3o em medicina)<\/p>\n\n\n\n<p>Fernanda Santos Da Anuncia\u00e7\u00e3o (Gradua\u00e7\u00e3o em medicina)<\/p>\n\n\n\n<p>Stephanie Kimberlin da Concei\u00e7\u00e3o Evangelista (Gradua\u00e7\u00e3o em medicina)<\/p>\n\n\n\n<p>Fernanda Santos da Anuncia\u00e7\u00e3o (Gradua\u00e7\u00e3o em medicina)<\/p>\n\n\n\n<p>Ana Samiry Da Silva Gomes (Gradua\u00e7\u00e3o em medicina)<\/p>\n\n\n\n<p>Giovanna Oliveira St (Gradua\u00e7\u00e3o em medicina)<\/p>\n\n\n\n<p>Alanderson Miranda Da Silva (Gradua\u00e7\u00e3o em medicina)<\/p>\n\n\n\n<p>Iasmim Luise Dos Santos Silva (Gradua\u00e7\u00e3o em medicina)<\/p>\n\n\n\n<p><\/p>\n\n\n\n<p><strong>Colaboradores:<\/strong><\/p>\n\n\n\n<p>Ver\u00f3nica Mar\u00eda Cecilia Cancinos (Argentina\/Mestrado)<\/p>\n\n\n\n<p>Fabian Andres Moraga Cortes Mestrado (Fondo Nacional de Salud\/Chile\/Mestrado)<\/p>\n\n\n\n<p>Paula Pricila Souza Santos (Brasil)&nbsp;<\/p>\n\n\n<h4>\u00a0<\/h4>\n<h4>\u00a0<\/h4>\n<\/p>\n<h1>Hist\u00f3rico<\/h1>\n<h4><strong>Pesquisadores:<\/strong><\/h4>\n<p>Coordenadora\/L\u00edder: Thereza Christina Bahia Coelho (UEFS\/Doutorado)<br \/>Vice-Coordenadora\/L\u00edder:\u00a0Clara Aleida Prada Sanabria (UEFS\/Doutorado)<br \/>Andrei Souza Teles (UFRB\/Doutorado)<br \/>Inalva Freitas\u00a0(UEFS\/Doutorado)<\/p>\n<p>Milla Pauline da Silva Ferreira Teles (CBMBA\/Doutorado)<br \/>Diego Carneiro Ramos (UFOB\/Mestrado)<br \/>Fabian Andres Moraga Cortes Mestrado (Fondo Nacional de<br \/>Salud\/Chile\/Mestrado)<br \/>Cristian David Osorio Figueroa (ISIS\/Guatemala\/Doutorando UFBA)<br \/>Manoela Cerqueira Reis (CASSI\/Mestrado)<br \/>Karole Brito Alves Costa (M\u00e9dica)<br \/>Guilherme Braga Alencar de Novais (M\u00e9dico)<br \/>J\u00falio Moraes Brito Regis (M\u00e9dico)<\/p>\n<h4>\u00a0<\/h4>\n<h4><b>Estudantes:<\/b><\/h4>\n<p>M\u00e1rcia Reis Rocha Rosa (UEFS\/Doutoranda)<br \/>Ma\u00edza Sandra Ribeiro Macedo Silva (SAMU\/Doutoranda)<br \/>John Alexander Benavides Pirac\u00f3n (Universidad EAN\/Colombia\/Doutorado)<br \/>Mar\u00eda Gabriela Borda (Argentina\/Doutoranda)<br \/>Hayana Leal Barbosa (UNIFTC\/Doutoranda)<br \/>Andrea Lais Santos e Santos (Mestranda)<br \/>J\u00e9ssica Vieira dos Santos Mestrado (Mestranda)<br \/>Ver\u00f3nica Mar\u00eda Cecilia Cancinos (Argentina\/Mestranda)<br \/>Bertune Salomon (Haiti\/Mestranda)<br \/>Ver\u00f4nica Lima (Mestranda)<br \/>Alana Merc\u00eas de Almeida (IC\/Medicina\/UEFS)<br \/>Rosimary Alves da Silva (IC\/Medicina\/UEFS)<\/p>","protected":false},"excerpt":{"rendered":"<p>Atualizado em 05\/05\/26 L\u00edderes Coordenadora\/L\u00edder: Clara Aleida Prada Sanabria (UEFS\/Doutorado) http:\/\/lattes.cnpq.br\/0166590798914047 Vice-Coordenadora\/L\u00edder:&nbsp; Milla Pauline da Silva Ferreira Teles&nbsp; (UEFS\/Doutorado) http:\/\/lattes.cnpq.br\/3443459687540217 Pesquisadores: Estudantes: Ver\u00f4nica Lima (Doutoranda) http:\/\/lattes.cnpq.br\/6085773318279859 J\u00falio C\u00e9sar Rab\u00ealo Alves [&hellip;]<\/p>\n","protected":false},"author":1,"featured_media":0,"parent":0,"menu_order":0,"comment_status":"closed","ping_status":"closed","template":"","meta":{"footnotes":""},"class_list":["post-45","page","type-page","status-publish","hentry"],"_links":{"self":[{"href":"https:\/\/ppgsc2.uefs.br\/nusc\/wp-json\/wp\/v2\/pages\/45","targetHints":{"allow":["GET"]}}],"collection":[{"href":"https:\/\/ppgsc2.uefs.br\/nusc\/wp-json\/wp\/v2\/pages"}],"about":[{"href":"https:\/\/ppgsc2.uefs.br\/nusc\/wp-json\/wp\/v2\/types\/page"}],"author":[{"embeddable":true,"href":"https:\/\/ppgsc2.uefs.br\/nusc\/wp-json\/wp\/v2\/users\/1"}],"replies":[{"embeddable":true,"href":"https:\/\/ppgsc2.uefs.br\/nusc\/wp-json\/wp\/v2\/comments?post=45"}],"version-history":[{"count":13,"href":"https:\/\/ppgsc2.uefs.br\/nusc\/wp-json\/wp\/v2\/pages\/45\/revisions"}],"predecessor-version":[{"id":289,"href":"https:\/\/ppgsc2.uefs.br\/nusc\/wp-json\/wp\/v2\/pages\/45\/revisions\/289"}],"wp:attachment":[{"href":"https:\/\/ppgsc2.uefs.br\/nusc\/wp-json\/wp\/v2\/media?parent=45"}],"curies":[{"name":"wp","href":"https:\/\/api.w.org\/{rel}","templated":true}]}}