{"id":42,"date":"2016-04-10T17:44:12","date_gmt":"2016-04-10T20:44:12","guid":{"rendered":"https:\/\/ppgsc2.uefs.br\/nusc\/?page_id=42"},"modified":"2021-06-13T21:33:02","modified_gmt":"2021-06-14T00:33:02","slug":"apresentacao","status":"publish","type":"page","link":"https:\/\/ppgsc2.uefs.br\/nusc\/apresentacao\/","title":{"rendered":"Apresenta\u00e7\u00e3o"},"content":{"rendered":"<p style=\"text-align: justify;\">O NUSC promove pesquisas na \u00e1rea de planejamento, gest\u00e3o e avalia\u00e7\u00e3o de pol\u00edticas, sistemas e servi\u00e7os de sa\u00fade. Surgiu em 1995, quando o Departamento de Sa\u00fade (DSAU) da UEFS constituiu o \u201cProjeto de Implanta\u00e7\u00e3o do NUSC\u201d. Os objetivos da proposta eram amplos e previam atividades de pesquisa e extens\u00e3o, assim, em 1996, surgiram o Mestrado de Sa\u00fade Coletiva, primeiro curso stricto sensu das UEBA, e o Projeto \u201cSa\u00fade e Qualidade de Vida no Semi\u00e1rido Baiano\u201d. Tendo cumprido com a fun\u00e7\u00e3o inicial de criar a \u00e1rea de sa\u00fade coletiva dentro da UEFS, o NUSC foi remodelado em 1999 e cadastrado no CNPQ em 2002. Em 2004, o NUSC passou a ter representa\u00e7\u00e3o no colegiado do Programa de P\u00f3s-Gradua\u00e7\u00e3o em Sa\u00fade Coletiva com o qual j\u00e1 colaborava desde o nascimento e ser respons\u00e1vel pela linha de pesquisa a Linha de Pesquisa Planejamento, Gest\u00e3o e Pr\u00e1ticas de Sa\u00fade do Programa de P\u00f3s-Gradua\u00e7\u00e3o em Sa\u00fade Coletiva (PPGSC). De 2011 a 2013 e de 2015 a 2017 participou da gest\u00e3o do colegiado sempre colaborando com as comiss\u00f5es de sele\u00e7\u00e3o dos cursos, implanta\u00e7\u00e3o do doutorado e avalia\u00e7\u00e3o do programa. Os docentes do NUSC j\u00e1 atuaram ou atuam tamb\u00e9m nos cursos da gradua\u00e7\u00e3o: enfermagem, medicina, odontologia e farm\u00e1cia, de onde prov\u00e9m a maioria dos bolsistas IC e PET, sendo uma das trincheiras do SUS dentro da UEFS, sempre comprometido com ensino, extens\u00e3o e pesquisa de qualidade em prol da sa\u00fade e justi\u00e7a social. O NUSC O NUSC faz parte da Red de Gesti\u00f3n del Conocimiento, Desarrollo e Innovaci\u00f3n en Seguridad y Salud en el Trabajo e desenvolve pesquisas com os temas do Financiamento e Seguridade Social, Processo de Trabalho, Pol\u00edticas de Sa\u00fade, Sistemas Comparados, Seguran\u00e7a Alimentar, Medicamentos e Agrot\u00f3xicos, Aten\u00e7\u00e3o Prim\u00e1ria \u00e0 Sa\u00fade, Gest\u00e3o Hospitalar e Sa\u00fade Mental, dentre outros.<\/p>\n<p style=\"text-align: justify;\">\n<h4 style=\"text-align: justify;\">Endere\u00e7o do Diret\u00f3rio de Grupos de Pesquisa<\/h4>\n<p style=\"text-align: justify;\"><a href=\"http:\/\/dgp.cnpq.br\/dgp\/espelhogrupo\/12730\">http:\/\/dgp.cnpq.br\/dgp\/espelhogrupo\/12730<\/a><\/p>\n","protected":false},"excerpt":{"rendered":"<p>O NUSC promove pesquisas na \u00e1rea de planejamento, gest\u00e3o e avalia\u00e7\u00e3o de pol\u00edticas, sistemas e servi\u00e7os de sa\u00fade. Surgiu em 1995, quando o Departamento de Sa\u00fade (DSAU) da UEFS constituiu [&hellip;]<\/p>\n","protected":false},"author":1,"featured_media":0,"parent":0,"menu_order":0,"comment_status":"closed","ping_status":"closed","template":"","meta":{"footnotes":""},"class_list":["post-42","page","type-page","status-publish","hentry"],"_links":{"self":[{"href":"https:\/\/ppgsc2.uefs.br\/nusc\/wp-json\/wp\/v2\/pages\/42","targetHints":{"allow":["GET"]}}],"collection":[{"href":"https:\/\/ppgsc2.uefs.br\/nusc\/wp-json\/wp\/v2\/pages"}],"about":[{"href":"https:\/\/ppgsc2.uefs.br\/nusc\/wp-json\/wp\/v2\/types\/page"}],"author":[{"embeddable":true,"href":"https:\/\/ppgsc2.uefs.br\/nusc\/wp-json\/wp\/v2\/users\/1"}],"replies":[{"embeddable":true,"href":"https:\/\/ppgsc2.uefs.br\/nusc\/wp-json\/wp\/v2\/comments?post=42"}],"version-history":[{"count":10,"href":"https:\/\/ppgsc2.uefs.br\/nusc\/wp-json\/wp\/v2\/pages\/42\/revisions"}],"predecessor-version":[{"id":199,"href":"https:\/\/ppgsc2.uefs.br\/nusc\/wp-json\/wp\/v2\/pages\/42\/revisions\/199"}],"wp:attachment":[{"href":"https:\/\/ppgsc2.uefs.br\/nusc\/wp-json\/wp\/v2\/media?parent=42"}],"curies":[{"name":"wp","href":"https:\/\/api.w.org\/{rel}","templated":true}]}}