{"id":45,"date":"2016-04-10T17:47:09","date_gmt":"2016-04-10T20:47:09","guid":{"rendered":"https:\/\/ppgsc2.uefs.br\/nuppiim\/?page_id=45"},"modified":"2024-06-07T14:17:46","modified_gmt":"2024-06-07T17:17:46","slug":"equipe","status":"publish","type":"page","link":"https:\/\/ppgsc2.uefs.br\/nuppiim\/equipe\/","title":{"rendered":"Equipe"},"content":{"rendered":"<h4>Coordena\u00e7\u00e3o<\/h4>\n<p><a href=\"http:\/\/lattes.cnpq.br\/6619912248482019\" target=\"_blank\" rel=\"noopener\">Prof. Dr. Isaac Suzart Gomes Filho<\/a><\/p>\n<p>&nbsp;<\/p>\n<h4>Vice-coordena\u00e7\u00e3o<\/h4>\n<p><a href=\"http:\/\/lattes.cnpq.br\/4927186541075656\" target=\"_blank\" rel=\"noopener\">Profa. Dra. Soraya Castro Trindade<\/a><\/p>\n<p>&nbsp;<\/p>\n<h4>Professores e Pesquisadores<\/h4>\n<ul>\n<li><a href=\"http:\/\/lattes.cnpq.br\/1517855289825408\" target=\"_blank\" rel=\"noopener\">Eneida de Moraes Marc\u00edlio Cerqueira <\/a><\/li>\n<li><a href=\"http:\/\/lattes.cnpq.br\/9201558596072227\" target=\"_blank\" rel=\"noopener\">Johelle de Santana Passos Soares <\/a><\/li>\n<li><a href=\"http:\/\/lattes.cnpq.br\/6362103907763593\" target=\"_blank\" rel=\"noopener\">Julita Maria Freitas Coelho <\/a><\/li>\n<li><a href=\"http:\/\/lattes.cnpq.br\/3699965077755163\" target=\"_blank\" rel=\"noopener\">Simone Seixas da Cruz<\/a><\/li>\n<li><a href=\"http:\/\/lattes.cnpq.br\/1685402449556308\" target=\"_blank\" rel=\"noopener\">Viviane Almeida Sarmento<\/a><\/li>\n<\/ul>\n<h4><\/h4>\n<h4>Estudantes de gradua\u00e7\u00e3o:<\/h4>\n<ul>\n<li><a href=\"http:\/\/lattes.cnpq.br\/0021137632824827\">Anderson de Moura Oliveira<\/a><\/li>\n<li><a href=\"http:\/\/lattes.cnpq.br\/1849732376958927\">Beatriz Santos Serra Teixeira<\/a><\/li>\n<li><a href=\"http:\/\/lattes.cnpq.br\/8788165572923199\">Gabriel Estrela Cerqueira<\/a><\/li>\n<li><a href=\"http:\/\/lattes.cnpq.br\/7610191476891077\">Gabriel Santos Gon\u00e7alves<\/a><\/li>\n<li><a href=\"http:\/\/lattes.cnpq.br\/1577775461707136\">Gabriela Florentino de Oliveira Silva<\/a><\/li>\n<li><a href=\"http:\/\/lattes.cnpq.br\/4192334396374741\">Isis Carolina de Oliveira Cordeiro<\/a><\/li>\n<li><a href=\"http:\/\/lattes.cnpq.br\/4502411521063848\">Jamile de Oliveira Azevedo<\/a><\/li>\n<li><a href=\"http:\/\/lattes.cnpq.br\/0782609987054418\">Josimar Martins da Silva<\/a><\/li>\n<li><a href=\"http:\/\/lattes.cnpq.br\/0269971618485804\">Julia Maria Benites de Jesus<\/a><\/li>\n<li><a href=\"http:\/\/lattes.cnpq.br\/1159727703338866\">Larissa da Silva Amorim Bispo<\/a><\/li>\n<li><a href=\"http:\/\/lattes.cnpq.br\/6798259291870605\">Larissa Souza Costa<\/a><\/li>\n<li><a href=\"http:\/\/lattes.cnpq.br\/3365299523947953\">Let\u00edcia Carneiro de Oliveira<\/a><\/li>\n<li><a href=\"http:\/\/lattes.cnpq.br\/0329288974458474\">Luan Henrique Oliveira Macedo<\/a><\/li>\n<li><a href=\"http:\/\/lattes.cnpq.br\/5069265358305520\">Lucas Lacerda da Cruz<\/a><\/li>\n<li><a href=\"http:\/\/lattes.cnpq.br\/8638959769876490\">Luiza Isabela Pereira da Costa<\/a><\/li>\n<li><a href=\"http:\/\/lattes.cnpq.br\/2750116211514334\">Maiara Brito da Silva<\/a><\/li>\n<li><a href=\"http:\/\/lattes.cnpq.br\/0593549286895702\">Manoel Rocha Souza Filho<\/a><\/li>\n<li><a href=\"http:\/\/lattes.cnpq.br\/4783149229210389\">Mariza Mascarenhas Cordeiro<\/a><\/li>\n<li><a href=\"http:\/\/lattes.cnpq.br\/5897623728791536\">Nielson Carvalho Cardoso<\/a><\/li>\n<li><a href=\"http:\/\/lattes.cnpq.br\/5961206670541356\">Priscila Alves Torre\u00e3o<\/a><\/li>\n<li><a href=\"http:\/\/lattes.cnpq.br\/7044747252638119\">Rodolfo dos Santos Santana<\/a><\/li>\n<li><a href=\"http:\/\/lattes.cnpq.br\/2777207965048378\">Thamiles Rodrigues dos Santos<\/a><\/li>\n<li><a href=\"http:\/\/lattes.cnpq.br\/8166762772106144\">Yalle Oliveira Dias<\/a><\/li>\n<\/ul>\n<h4>Mestrado:<\/h4>\n<ul>\n<li><a href=\"http:\/\/lattes.cnpq.br\/9419482026187779\">Alexandre Marcelo Hintz<\/a><\/li>\n<li><a href=\"http:\/\/lattes.cnpq.br\/4463626888941131\">Ana Paula Rios<\/a><\/li>\n<li><a href=\"http:\/\/lattes.cnpq.br\/5981919975787728\">Fernanda Oliveira de Azevedo<\/a><\/li>\n<li><a href=\"http:\/\/lattes.cnpq.br\/6589630245566432\">Karla Rodrigues Queiroz<\/a><\/li>\n<li><a href=\"http:\/\/lattes.cnpq.br\/2743179780848392\">Liliane Brito de Oliveira <\/a><a href=\"http:\/\/lattes.cnpq.br\/9189677141547511\">Taiane de Mac\u00eado Gondim<\/a><\/li>\n<li><\/li>\n<li><a href=\"http:\/\/lattes.cnpq.br\/0497568683941666\">Yasmine Silva Santos Rios\u00a0<\/a><\/li>\n<li><a href=\"http:\/\/lattes.cnpq.br\/7967038972429456\">Yuri Andrade de Oliveira\u00a0<\/a><\/li>\n<\/ul>\n<h4>Doutorado:<\/h4>\n<ul>\n<li><a href=\"http:\/\/lattes.cnpq.br\/5659911767800565\">G\u00e9ssica Santana Orrico<\/a><\/li>\n<li><a href=\"http:\/\/lattes.cnpq.br\/8212250591782444\">Josic\u00e9lia Estrela Tuy Batista<\/a><\/li>\n<li><a href=\"http:\/\/lattes.cnpq.br\/6824985256305694\">Marcela Beatriz Aguiar Moreira<\/a><\/li>\n<li><a href=\"http:\/\/lattes.cnpq.br\/0690266481187488\">Patr\u00edcia Mares de Miranda<\/a><\/li>\n<li><a href=\"http:\/\/lattes.cnpq.br\/6326262157407560\">Rebeca Pereira Bulhosa<\/a><\/li>\n<\/ul>\n<h4>P\u00f3s-doutorado:<\/h4>\n<ul>\n<li><a href=\"http:\/\/lattes.cnpq.br\/8797445009338023\">Antonio Pedro Froes de Farias<\/a><\/li>\n<\/ul>\n","protected":false},"excerpt":{"rendered":"<p>Coordena\u00e7\u00e3o Prof. Dr. Isaac Suzart Gomes Filho &nbsp; Vice-coordena\u00e7\u00e3o Profa. Dra. Soraya Castro Trindade &nbsp; Professores e Pesquisadores Eneida de Moraes Marc\u00edlio Cerqueira Johelle de Santana Passos Soares Julita Maria [&hellip;]<\/p>\n","protected":false},"author":1,"featured_media":0,"parent":0,"menu_order":0,"comment_status":"closed","ping_status":"closed","template":"","meta":{"footnotes":""},"class_list":["post-45","page","type-page","status-publish","hentry"],"_links":{"self":[{"href":"https:\/\/ppgsc2.uefs.br\/nuppiim\/wp-json\/wp\/v2\/pages\/45","targetHints":{"allow":["GET"]}}],"collection":[{"href":"https:\/\/ppgsc2.uefs.br\/nuppiim\/wp-json\/wp\/v2\/pages"}],"about":[{"href":"https:\/\/ppgsc2.uefs.br\/nuppiim\/wp-json\/wp\/v2\/types\/page"}],"author":[{"embeddable":true,"href":"https:\/\/ppgsc2.uefs.br\/nuppiim\/wp-json\/wp\/v2\/users\/1"}],"replies":[{"embeddable":true,"href":"https:\/\/ppgsc2.uefs.br\/nuppiim\/wp-json\/wp\/v2\/comments?post=45"}],"version-history":[{"count":24,"href":"https:\/\/ppgsc2.uefs.br\/nuppiim\/wp-json\/wp\/v2\/pages\/45\/revisions"}],"predecessor-version":[{"id":208,"href":"https:\/\/ppgsc2.uefs.br\/nuppiim\/wp-json\/wp\/v2\/pages\/45\/revisions\/208"}],"wp:attachment":[{"href":"https:\/\/ppgsc2.uefs.br\/nuppiim\/wp-json\/wp\/v2\/media?parent=45"}],"curies":[{"name":"wp","href":"https:\/\/api.w.org\/{rel}","templated":true}]}}