{"id":42,"date":"2016-04-10T17:44:12","date_gmt":"2016-04-10T20:44:12","guid":{"rendered":"https:\/\/ppgsc2.uefs.br\/nuppiim\/?page_id=42"},"modified":"2024-06-07T14:17:46","modified_gmt":"2024-06-07T17:17:46","slug":"apresentacao","status":"publish","type":"page","link":"https:\/\/ppgsc2.uefs.br\/nuppiim\/apresentacao\/","title":{"rendered":"Apresenta\u00e7\u00e3o"},"content":{"rendered":"<p style=\"text-align: justify;\">O N\u00facleo de Pesquisa, Pr\u00e1tica Integrada e Investiga\u00e7\u00e3o Multidisciplinar da Universidade Estadual de Feira de Santana (NUPPIIM\/UEFS) tem como objetivo desenvolver atividades de pesquisa, ensino e extens\u00e3o com aten\u00e7\u00e3o voltada ao conhecimento da sa\u00fade do indiv\u00edduo, com enfoque na sa\u00fade coletiva e a rela\u00e7\u00e3o das doen\u00e7as bucais com as condi\u00e7\u00f5es e doen\u00e7as sist\u00eamicas, buscando sempre com uma abordagem multidisciplinar. As investiga\u00e7\u00f5es em desenvolvimento no NUPPIIM t\u00eam estudado a rela\u00e7\u00e3o das doen\u00e7as periodontais com diversos agravos sist\u00eamicos, com investiga\u00e7\u00f5es de car\u00e1ter epidemiol\u00f3gico, imunol\u00f3gico e microbiol\u00f3gico. As linhas de pesquisa em andamento tamb\u00e9m contribuem para a produ\u00e7\u00e3o cient\u00edfica e treinamento dos p\u00f3s-graduandos do Programa de P\u00f3s-Gradua\u00e7\u00e3o em Sa\u00fade Coletiva, Programa de P\u00f3s-Gradua\u00e7\u00e3o em Biotecnologia e Mestrado Profissional em Sa\u00fade Coletiva da UEFS.<\/p>\n<h4 style=\"text-align: justify;\"><\/h4>\n<h4 style=\"text-align: justify;\">Endere\u00e7o no Diret\u00f3rio do Grupo de Pesquisa<\/h4>\n<p style=\"text-align: justify;\"><a href=\"http:\/\/dgp.cnpq.br\/dgp\/espelhogrupo\/8440293540913859\">dgp.cnpq.br\/dgp\/espelhogrupo\/8440293540913859<\/a><\/p>\n","protected":false},"excerpt":{"rendered":"<p>O N\u00facleo de Pesquisa, Pr\u00e1tica Integrada e Investiga\u00e7\u00e3o Multidisciplinar da Universidade Estadual de Feira de Santana (NUPPIIM\/UEFS) tem como objetivo desenvolver atividades de pesquisa, ensino e extens\u00e3o com aten\u00e7\u00e3o voltada [&hellip;]<\/p>\n","protected":false},"author":1,"featured_media":0,"parent":0,"menu_order":0,"comment_status":"closed","ping_status":"closed","template":"","meta":{"footnotes":""},"class_list":["post-42","page","type-page","status-publish","hentry"],"_links":{"self":[{"href":"https:\/\/ppgsc2.uefs.br\/nuppiim\/wp-json\/wp\/v2\/pages\/42","targetHints":{"allow":["GET"]}}],"collection":[{"href":"https:\/\/ppgsc2.uefs.br\/nuppiim\/wp-json\/wp\/v2\/pages"}],"about":[{"href":"https:\/\/ppgsc2.uefs.br\/nuppiim\/wp-json\/wp\/v2\/types\/page"}],"author":[{"embeddable":true,"href":"https:\/\/ppgsc2.uefs.br\/nuppiim\/wp-json\/wp\/v2\/users\/1"}],"replies":[{"embeddable":true,"href":"https:\/\/ppgsc2.uefs.br\/nuppiim\/wp-json\/wp\/v2\/comments?post=42"}],"version-history":[{"count":13,"href":"https:\/\/ppgsc2.uefs.br\/nuppiim\/wp-json\/wp\/v2\/pages\/42\/revisions"}],"predecessor-version":[{"id":191,"href":"https:\/\/ppgsc2.uefs.br\/nuppiim\/wp-json\/wp\/v2\/pages\/42\/revisions\/191"}],"wp:attachment":[{"href":"https:\/\/ppgsc2.uefs.br\/nuppiim\/wp-json\/wp\/v2\/media?parent=42"}],"curies":[{"name":"wp","href":"https:\/\/api.w.org\/{rel}","templated":true}]}}