{"id":66,"date":"2016-04-10T19:25:06","date_gmt":"2016-04-10T22:25:06","guid":{"rendered":"https:\/\/ppgsc2.uefs.br\/nupisc\/?page_id=66"},"modified":"2024-06-07T12:40:23","modified_gmt":"2024-06-07T15:40:23","slug":"contato","status":"publish","type":"page","link":"https:\/\/ppgsc2.uefs.br\/nupisc\/contato\/","title":{"rendered":"Contato"},"content":{"rendered":"<p><strong>Endere\u00e7o:<\/strong> Avenida Transnordestina, s\/n &#8211; Novo Horizonte \u2013 Pr\u00e9dio da P\u00f3s Gradua\u00e7\u00e3o em Sa\u00fade Coletiva.<\/p>\n<p><strong>Telefone Fixo:<\/strong> (75) 3161-8162<\/p>\n<p><strong>E-mail:<\/strong> uefsnupisc@gmail.com<\/p>\n<p><strong>Redes sociais:<\/strong><br \/>\nInstagram: <a href=\"https:\/\/www.instagram.com\/nupiscuefs\/\">@nupiscuefs<\/a><br \/>\nYoutube: <a href=\"https:\/\/www.youtube.com\/channel\/UCoWxF-IXIyyAkU8FDijbDQQ\">https:\/\/www.youtube.com\/channel\/UCoWxF-IXIyyAkU8FDijbDQQ<\/a><br \/>\nFacebook: <a href=\"https:\/\/www.facebook.com\/nupisc.uefs\">facebook.com\/nupisc.uefs<\/a><\/p>\n<p>&nbsp;<\/p>\n","protected":false},"excerpt":{"rendered":"<p>Endere\u00e7o: Avenida Transnordestina, s\/n &#8211; Novo Horizonte \u2013 Pr\u00e9dio da P\u00f3s Gradua\u00e7\u00e3o em Sa\u00fade Coletiva. Telefone Fixo: (75) 3161-8162 E-mail: uefsnupisc@gmail.com Redes sociais: Instagram: @nupiscuefs Youtube: https:\/\/www.youtube.com\/channel\/UCoWxF-IXIyyAkU8FDijbDQQ Facebook: facebook.com\/nupisc.uefs &nbsp;<\/p>\n","protected":false},"author":1,"featured_media":0,"parent":0,"menu_order":0,"comment_status":"closed","ping_status":"closed","template":"","meta":{"footnotes":""},"class_list":["post-66","page","type-page","status-publish","hentry"],"_links":{"self":[{"href":"https:\/\/ppgsc2.uefs.br\/nupisc\/wp-json\/wp\/v2\/pages\/66","targetHints":{"allow":["GET"]}}],"collection":[{"href":"https:\/\/ppgsc2.uefs.br\/nupisc\/wp-json\/wp\/v2\/pages"}],"about":[{"href":"https:\/\/ppgsc2.uefs.br\/nupisc\/wp-json\/wp\/v2\/types\/page"}],"author":[{"embeddable":true,"href":"https:\/\/ppgsc2.uefs.br\/nupisc\/wp-json\/wp\/v2\/users\/1"}],"replies":[{"embeddable":true,"href":"https:\/\/ppgsc2.uefs.br\/nupisc\/wp-json\/wp\/v2\/comments?post=66"}],"version-history":[{"count":4,"href":"https:\/\/ppgsc2.uefs.br\/nupisc\/wp-json\/wp\/v2\/pages\/66\/revisions"}],"predecessor-version":[{"id":146,"href":"https:\/\/ppgsc2.uefs.br\/nupisc\/wp-json\/wp\/v2\/pages\/66\/revisions\/146"}],"wp:attachment":[{"href":"https:\/\/ppgsc2.uefs.br\/nupisc\/wp-json\/wp\/v2\/media?parent=66"}],"curies":[{"name":"wp","href":"https:\/\/api.w.org\/{rel}","templated":true}]}}