{"id":53,"date":"2016-04-10T17:54:28","date_gmt":"2016-04-10T20:54:28","guid":{"rendered":"https:\/\/ppgsc2.uefs.br\/nupisc\/?page_id=53"},"modified":"2024-06-07T12:40:23","modified_gmt":"2024-06-07T15:40:23","slug":"projetos","status":"publish","type":"page","link":"https:\/\/ppgsc2.uefs.br\/nupisc\/projetos\/","title":{"rendered":"Projetos"},"content":{"rendered":"<h4 style=\"text-align: justify;\"><strong>Acesso \u00e0 sa\u00fade como direito em sistemas universais<\/strong><\/h4>\n<p style=\"text-align: justify;\"><strong>Coordena\u00e7\u00e3o<\/strong>: Prof\u00aa Luciane Cristina Feltrin de Oliveira<\/p>\n<p style=\"text-align: justify;\"><strong>Sub-projetos<\/strong><\/p>\n<p style=\"text-align: justify;\">Volunt\u00e1rios:<\/p>\n<ol style=\"text-align: justify;\">\n<li style=\"padding-left: 30px;\">Itiner\u00e1rios terap\u00eauticos de crian\u00e7a e adolescentes com diagn\u00f3stico de depress\u00e3o: uma an\u00e1lise do acesso aos servi\u00e7os de sa\u00fade mental em um munic\u00edpio baiano<\/li>\n<li style=\"padding-left: 30px;\">Acesso a medicamentos controlados pertencentes \u00e0 Portaria 344\/98 na Aten\u00e7\u00e3o B\u00e1sica \u00e0 Sa\u00fade do Munic\u00edpio de Feira de Santana-BA<\/li>\n<li style=\"padding-left: 30px;\">Percep\u00e7\u00e3o dos usu\u00e1rios sobre o acesso a medicamentos do Componente Especializado da Assist\u00eancia Farmac\u00eautica em um munic\u00edpio do interior da Bahia<\/li>\n<li style=\"padding-left: 30px;\">Acesso aos servi\u00e7os de planejamento familiar pelos usu\u00e1rios de Unidades de Sa\u00fade da Fam\u00edlia<\/li>\n<li style=\"padding-left: 30px;\">Garantia do acesso ao direito \u00e0 sa\u00fade para a popula\u00e7\u00e3o em situa\u00e7\u00e3o de rua em Feira de Santana &#8211; BA<\/li>\n<li style=\"padding-left: 30px;\">O acesso ao cuidado em sa\u00fade mental no \u00e2mbito de um Hospital Geral P\u00fablico de Feira de Santana<\/li>\n<li style=\"padding-left: 30px;\">Acesso aos Servi\u00e7os de sa\u00fade bucal \u00e0s pessoas com les\u00f5es orais malignas ou potencialmente malignas<\/li>\n<li style=\"padding-left: 30px;\">Judicializa\u00e7\u00e3o do direito \u00e0 sa\u00fade de usu\u00e1rios do SUS em Feira de Santana-BA: an\u00e1lise de decis\u00f5es judiciais em segunda inst\u00e2ncia<\/li>\n<li style=\"padding-left: 30px;\">Acesso ao Sistema \u00danico de Sa\u00fade na perspectiva do Direito \u00e0 Sa\u00fade: compreens\u00e3o dos futuros m\u00e9dicos e enfermeiros<\/li>\n<li style=\"padding-left: 30px;\">Acesso aos Servi\u00e7os de Sa\u00fade Oferecidos no Campus da UEFS<\/li>\n<li style=\"padding-left: 30px;\">Itiner\u00e1rio terap\u00eautico dos usu\u00e1rios do SUS no Acesso \u00e0 Aten\u00e7\u00e3o Psicossocial como um direito no Munic\u00edpio de Feira de Santana-BA<\/li>\n<\/ol>\n<p style=\"text-align: justify;\">Bolsista:<\/p>\n<ol style=\"text-align: justify;\">\n<li style=\"padding-left: 30px;\">Acesso a medicamentos do Componente Especializado da Assist\u00eancia Farmac\u00eautica: uma revis\u00e3o integrativa<\/li>\n<li style=\"padding-left: 30px;\">Acesso \u00e0 medicamentos anti hipertensivos por pacientes cadastrados no programa sa\u00fade da fam\u00edlia<\/li>\n<li style=\"padding-left: 30px;\">EDUCA\u00c7\u00c3O EM SA\u00daDE COMO INSTRUMENTO PARA O ACESSO NA PANDEMIA DE COVID-19: percep\u00e7\u00e3o de enfermeiras da Estrat\u00e9gia Sa\u00fade da Fam\u00edlia<\/li>\n<li style=\"padding-left: 30px;\">Pol\u00edticas P\u00fablicas de Sa\u00fade Bucal e seus desafios acerca da acessibilidade e desigualdades<\/li>\n<li style=\"padding-left: 30px;\">Acesso \u00e0 aten\u00e7\u00e3o \u00e0 sa\u00fade de adolescentes no programa sa\u00fade da fam\u00edlia de Feira de Santana<\/li>\n<li style=\"padding-left: 30px;\">Acesso ao tratamento da Anafilaxia no Brasil pela via judicial no \u00e2mbito do SUS: O caso da Adrenalina (epinefrina) autoinjet\u00e1vel<\/li>\n<\/ol>\n<h4 style=\"text-align: justify;\"><\/h4>\n<p>&nbsp;<\/p>\n<h4 style=\"text-align: justify;\"><strong>Forma\u00e7\u00e3o m\u00e9dica na aten\u00e7\u00e3o prim\u00e1ria \u00e0 sa\u00fade nos cursos de gradua\u00e7\u00e3o da Bahia, Brasil<\/strong><\/h4>\n<p style=\"text-align: justify;\"><strong>Coordena\u00e7\u00e3o:<\/strong> Prof. Marcelo Torres Peixoto<br \/>\n<strong>Subprojeto:<\/strong><\/p>\n<ol style=\"text-align: justify;\">\n<li style=\"text-align: justify;\">Estudo comparado sobre a forma\u00e7\u00e3o m\u00e9dica em pa\u00edses com Sistema Universal de Sa\u00fade orientados pela Aten\u00e7\u00e3o Prim\u00e1ria \u00e0 Sa\u00fade<\/li>\n<\/ol>\n<h4 style=\"text-align: justify;\"><\/h4>\n<p>&nbsp;<\/p>\n<h4 style=\"text-align: justify;\"><strong>An\u00e1lise do Processo de Forma\u00e7\u00e3o Profissional na Aten\u00e7\u00e3o Prim\u00e1ria \u00e0 Sa\u00fade nos cursos de gradua\u00e7\u00e3o da \u00e1rea da Sa\u00fade na Bahia\/Brasil<\/strong><\/h4>\n<p style=\"text-align: justify;\"><strong>Coordena\u00e7\u00e3o:<\/strong> Prof. Marcelo Torres Peixoto<br \/>\n<strong>Subprojeto:<\/strong><\/p>\n<ol style=\"text-align: justify;\">\n<li>\u2981 A Inser\u00e7\u00e3o Profissional dos egressos dos cursos de Enfermagem, Medicina e Odontologia da Universidade Estadual de Feira de Santana na Rede de Aten\u00e7\u00e3o \u00e0 Sa\u00fade do Sistema \u00danico de Sa\u00fade<\/li>\n<\/ol>\n<h4 style=\"text-align: justify;\"><\/h4>\n<p>&nbsp;<\/p>\n<h4 style=\"text-align: justify;\"><strong>Estresse no Processo de Trabalho de Supervis\u00e3o em Enfermagem em Feira de Santana<\/strong><\/h4>\n<p style=\"text-align: justify;\"><strong>Coordena\u00e7\u00e3o:<\/strong> Prof\u00aa Maria L\u00facia Silva Servo<\/p>\n<h4 style=\"text-align: justify;\"><\/h4>\n<p>&nbsp;<\/p>\n<h4 style=\"text-align: justify;\"><strong>Condi\u00e7\u00f5es de vida, determinantes socioecon\u00f4micos e sua rela\u00e7\u00e3o com ades\u00e3o ao tratamento e gravidade em duas doen\u00e7as negligenciadas: tuberculose e hansen\u00edase<\/strong><\/h4>\n<p style=\"text-align: justify;\"><strong>Coordena\u00e7\u00e3o:<\/strong> Prof\u00aa Maria Yan\u00e1 Guimar\u00e3es Silva Freitas<br \/>\n<strong>Subprojeto:<\/strong><\/p>\n<ol style=\"text-align: justify;\">\n<li>\u2981 Fatores de risco para ocorr\u00eancia da hansen\u00edase em munic\u00edpio baiano.<\/li>\n<li>\u2981 Fatores de risco associados \u00e0 tuberculose em popula\u00e7\u00f5es vulner\u00e1veis em Feira de Santana &#8211; BA.<\/li>\n<\/ol>\n<h4 style=\"text-align: justify;\"><\/h4>\n<p>&nbsp;<\/p>\n<h4 style=\"text-align: justify;\"><strong>Busca Ativa de Sintom\u00e1ticos Respirat\u00f3rios em Popula\u00e7\u00f5es Vulner\u00e1veis em Feira de Santana-BA<\/strong><\/h4>\n<p style=\"text-align: justify;\"><strong>Coordena\u00e7\u00e3o:<\/strong> Prof\u00aa Maria Yan\u00e1 Guimar\u00e3es Silva Freitas<\/p>\n<ol style=\"text-align: justify;\">\n<li>\u2981 Desafios e Possibilidades Referidas pelos Profissionais do Consult\u00f3rio na Rua na Detec\u00e7\u00e3o e Tratamento da Tuberculose em Pessoas em Situa\u00e7\u00e3o de Rua<\/li>\n<\/ol>\n<h4 style=\"text-align: justify;\"><\/h4>\n<p>&nbsp;<\/p>\n<h4 style=\"text-align: justify;\"><strong>Projeto de Extens\u00e3o DivulgaSUS &#8211; Divulga\u00e7\u00e3o do Sistema \u00danico de Sa\u00fade na promo\u00e7\u00e3o da sa\u00fade enquanto direito de cidadania.<\/strong><\/h4>\n<p style=\"text-align: justify;\"><strong>Coordena\u00e7\u00e3o:<\/strong> Prof\u00aa Dr\u00aa Mariana de Oliveira Ara\u00fajo<\/p>\n<div id=\"attachment_151\" style=\"width: 410px\" class=\"wp-caption alignleft\"><a href=\"https:\/\/ppgsc2.uefs.br\/nupisc\/wp-content\/uploads\/sites\/8\/2016\/04\/min-DIVULGASUS.jpg\"><img loading=\"lazy\" decoding=\"async\" aria-describedby=\"caption-attachment-151\" class=\"size-full wp-image-151\" src=\"https:\/\/ppgsc2.uefs.br\/nupisc\/wp-content\/uploads\/sites\/8\/2016\/04\/min-DIVULGASUS.jpg\" alt=\"Logomarca\" width=\"400\" height=\"281\" \/><\/a><p id=\"caption-attachment-151\" class=\"wp-caption-text\">Logomarca<\/p><\/div>\n<h4 style=\"text-align: justify;\"><\/h4>\n<h4 style=\"text-align: justify;\"><\/h4>\n<h4 style=\"text-align: justify;\"><\/h4>\n<h4 style=\"text-align: justify;\"><\/h4>\n<h4 style=\"text-align: justify;\"><\/h4>\n<h4 style=\"text-align: justify;\"><\/h4>\n<h4 style=\"text-align: justify;\"><\/h4>\n<h4 style=\"text-align: justify;\"><\/h4>\n<h4 style=\"text-align: justify;\"><\/h4>\n<h4 style=\"text-align: justify;\"><\/h4>\n<h4 style=\"text-align: justify;\"><\/h4>\n<h4 style=\"text-align: justify;\"><\/h4>\n<h4 style=\"text-align: justify;\"><\/h4>\n<h4 style=\"text-align: justify;\"><\/h4>\n<h4 style=\"text-align: justify;\"><\/h4>\n<h4 style=\"text-align: justify;\"><\/h4>\n<h4 style=\"text-align: justify;\"><\/h4>\n<h4 style=\"text-align: justify;\"><\/h4>\n<h4 style=\"text-align: justify;\"><\/h4>\n<h4 style=\"text-align: justify;\"><\/h4>\n<h4 style=\"text-align: justify;\"><\/h4>\n<h4 style=\"text-align: justify;\"><\/h4>\n<h4 style=\"text-align: justify;\"><\/h4>\n<p style=\"text-align: justify;\"><strong>Subprojetos:<\/strong><\/p>\n<ol>\n<li style=\"text-align: justify;\">Divulga\u00e7\u00e3o do Sistema \u00danico de Sa\u00fade em m\u00eddias e plataformas digitais.<\/li>\n<li style=\"text-align: justify;\">Divulga\u00e7\u00e3o do Sistema \u00danico de Sa\u00fade aos graduandos da Universidade Estadual de Feira de Santana-BA.<\/li>\n<li style=\"text-align: justify;\">Divulga\u00e7\u00e3o do Sistema \u00danico de Sa\u00fade e das das redes de servi\u00e7os odontol\u00f3gicos enquanto direito de cidadania.<\/li>\n<\/ol>\n","protected":false},"excerpt":{"rendered":"<p>Acesso \u00e0 sa\u00fade como direito em sistemas universais Coordena\u00e7\u00e3o: Prof\u00aa Luciane Cristina Feltrin de Oliveira Sub-projetos Volunt\u00e1rios: Itiner\u00e1rios terap\u00eauticos de crian\u00e7a e adolescentes com diagn\u00f3stico de depress\u00e3o: uma an\u00e1lise do [&hellip;]<\/p>\n","protected":false},"author":1,"featured_media":0,"parent":0,"menu_order":0,"comment_status":"closed","ping_status":"closed","template":"","meta":{"footnotes":""},"class_list":["post-53","page","type-page","status-publish","hentry"],"_links":{"self":[{"href":"https:\/\/ppgsc2.uefs.br\/nupisc\/wp-json\/wp\/v2\/pages\/53","targetHints":{"allow":["GET"]}}],"collection":[{"href":"https:\/\/ppgsc2.uefs.br\/nupisc\/wp-json\/wp\/v2\/pages"}],"about":[{"href":"https:\/\/ppgsc2.uefs.br\/nupisc\/wp-json\/wp\/v2\/types\/page"}],"author":[{"embeddable":true,"href":"https:\/\/ppgsc2.uefs.br\/nupisc\/wp-json\/wp\/v2\/users\/1"}],"replies":[{"embeddable":true,"href":"https:\/\/ppgsc2.uefs.br\/nupisc\/wp-json\/wp\/v2\/comments?post=53"}],"version-history":[{"count":10,"href":"https:\/\/ppgsc2.uefs.br\/nupisc\/wp-json\/wp\/v2\/pages\/53\/revisions"}],"predecessor-version":[{"id":156,"href":"https:\/\/ppgsc2.uefs.br\/nupisc\/wp-json\/wp\/v2\/pages\/53\/revisions\/156"}],"wp:attachment":[{"href":"https:\/\/ppgsc2.uefs.br\/nupisc\/wp-json\/wp\/v2\/media?parent=53"}],"curies":[{"name":"wp","href":"https:\/\/api.w.org\/{rel}","templated":true}]}}