{"id":45,"date":"2016-04-10T17:47:09","date_gmt":"2016-04-10T20:47:09","guid":{"rendered":"https:\/\/ppgsc2.uefs.br\/nupisc\/?page_id=45"},"modified":"2024-06-07T12:40:23","modified_gmt":"2024-06-07T15:40:23","slug":"equipe","status":"publish","type":"page","link":"https:\/\/ppgsc2.uefs.br\/nupisc\/equipe\/","title":{"rendered":"Equipe"},"content":{"rendered":"<h4 style=\"text-align: justify;\">Pesquisadores<\/h4>\n<ul style=\"text-align: justify;\">\n<li>Prof\u00aa Dr\u00aa Ana \u00c1urea Al\u00e9cio de Oliveira Rodrigues<\/li>\n<li>Prof\u00aa Ms\u00aa Bianca de Oliveira Araujo<\/li>\n<li>Prof\u00ba Ms Bruno Rodrigues Alencar<\/li>\n<li>Prof\u00aa Dr\u00aa Dalva de Andrade Monteiro<\/li>\n<li>Prof\u00aa Dr\u00aa Dayliz Quinto Pereira<\/li>\n<li>Prof\u00aa Ms\u00aa Gizelly Braga Pires<\/li>\n<li>Prof\u00aa Ms Iraildes Andrade Juliano<\/li>\n<li>Prof\u00aa Dr\u00aa Juliana Alves Leite Leal<\/li>\n<li>Prof\u00aa Dr\u00aa Kleize Ara\u00fajo de Oliveira Souza<\/li>\n<li>Prof\u00aa Dr\u00aa Luciane Cristina Feltrin de Oliveira<\/li>\n<li>Prof. Dr. Marcelo Torres Peixoto<\/li>\n<li>Prof\u00aa Dr\u00aa Maria Angela Alves do Nascimento<\/li>\n<li>Prof\u00aa Dr\u00aa Maria Cristina de Camargo Fonseca<\/li>\n<li>Prof\u00aa Dr\u00aa Maria Jos\u00e9 Bistafa Pereira<\/li>\n<li>Prof\u00aa Dr\u00aa Maria L\u00facia Silva Servo<\/li>\n<li>Prof\u00aa Dr\u00aa Maria Yan\u00e1 Guimar\u00e3es Silva Freitas<\/li>\n<li>Prof\u00aa Dr\u00aa Mariana de Oliveira Araujo<\/li>\n<li>Prof M\u00e1rlon Vin\u00edcius Gama Almeida<\/li>\n<li>Prof\u00aa Dr\u00aa Marluce Maria Ara\u00fajo Assis<\/li>\n<li>Prof\u00aa Ms N\u00eddia Oliveira Bezerra<\/li>\n<li>Prof\u00aa Dr\u00aa Silv\u00e2nia Sales de Oliveira<\/li>\n<li>Prof\u00aa Dr\u00aa Simone Santana da Silva<\/li>\n<li>Prof\u00aa Dr\u00aa Tatiane de Oliveira Silva Alencar<\/li>\n<li>Prof. Ms Thiago da Silva Santana<\/li>\n<li>Prof Ms. Valesca Silveira Correia<\/li>\n<\/ul>\n<h4 style=\"text-align: justify;\">Bolsistas de Inicia\u00e7\u00e3o Cient\u00edfica<\/h4>\n<ul style=\"text-align: justify;\">\n<li>AC\u00c1CIA DA HORA BRITO<\/li>\n<li>ALINE BARBOSA DOS SANTOS<\/li>\n<li>CEC\u00cdLIA OLIVEIRA DA SILVA<\/li>\n<li>DEISIANE ALMEIDA CERQUEIRA SILVA<\/li>\n<li>DENISE RIOS DE OLIVEIRA<\/li>\n<li>FERNANDA AGATHA CARVALHO SANTANA<\/li>\n<li>IRENE DO NASCIMENTO MILCENT<\/li>\n<li>JENNY CAROLINE VIEIRA MOURA<\/li>\n<li>KAROLAINE DOS SANTOS OLIVEIRA<\/li>\n<li>L\u00cdVIA DE SOUZA E SOUZA<\/li>\n<li>MARCOS VINICIUS DE ASSIS SILVA<\/li>\n<li>MARIANA DA SILVA DEUTT FERREIRA<\/li>\n<li>MATHEUS ALMEIDA MARQUES<\/li>\n<li>STEFANY COSTA SILVA<\/li>\n<li>SIDELY DE JESUS GON\u00c7ALVES<\/li>\n<li>THAYNAN CRUZ DE JESUS<\/li>\n<li>VITOR DE OLIVEIRA SILVA<\/li>\n<\/ul>\n<h4 style=\"text-align: justify;\">Bolsista de extens\u00e3o<\/h4>\n<ul style=\"text-align: justify;\">\n<li>MARCOS VINICIUS DE ASSIS SILVA (volunt\u00e1rio)<\/li>\n<li>PAULO DA SILVA MOURA J\u00daNIOR<\/li>\n<li>VERBENA LIMA PINTO<\/li>\n<li>WESLAINE DOS SANTOS ALMEIDA<\/li>\n<\/ul>\n<h4 style=\"text-align: justify;\">Doutorandas<\/h4>\n<ul style=\"text-align: justify;\">\n<li>Bianca de Oliveira Araujo<\/li>\n<li>Gizelly Braga Pires<\/li>\n<li>M\u00f4nica de Oliveira Rios<\/li>\n<li>Izabel Flores<\/li>\n<\/ul>\n<h4 style=\"text-align: justify;\">Mestrandas<\/h4>\n<ul>\n<li style=\"text-align: justify;\">Marcia Veronica Oliveira de Jesus Santos<\/li>\n<li style=\"text-align: justify;\">Josilda dos Santos Lima Gomes<\/li>\n<li style=\"text-align: justify;\">Jamile Campos Oliveira<\/li>\n<li style=\"text-align: justify;\">Fernanda Gomes Ara\u00fajo<\/li>\n<li style=\"text-align: justify;\">Gearlla Silva de Oliveira Velloso<\/li>\n<li style=\"text-align: justify;\">Thaiane Barbosa de Jesus<\/li>\n<li style=\"text-align: justify;\">Nelma Nunes Ramos<\/li>\n<\/ul>\n","protected":false},"excerpt":{"rendered":"<p>Pesquisadores Prof\u00aa Dr\u00aa Ana \u00c1urea Al\u00e9cio de Oliveira Rodrigues Prof\u00aa Ms\u00aa Bianca de Oliveira Araujo Prof\u00ba Ms Bruno Rodrigues Alencar Prof\u00aa Dr\u00aa Dalva de Andrade Monteiro Prof\u00aa Dr\u00aa Dayliz Quinto [&hellip;]<\/p>\n","protected":false},"author":1,"featured_media":0,"parent":0,"menu_order":0,"comment_status":"closed","ping_status":"closed","template":"","meta":{"footnotes":""},"class_list":["post-45","page","type-page","status-publish","hentry"],"_links":{"self":[{"href":"https:\/\/ppgsc2.uefs.br\/nupisc\/wp-json\/wp\/v2\/pages\/45","targetHints":{"allow":["GET"]}}],"collection":[{"href":"https:\/\/ppgsc2.uefs.br\/nupisc\/wp-json\/wp\/v2\/pages"}],"about":[{"href":"https:\/\/ppgsc2.uefs.br\/nupisc\/wp-json\/wp\/v2\/types\/page"}],"author":[{"embeddable":true,"href":"https:\/\/ppgsc2.uefs.br\/nupisc\/wp-json\/wp\/v2\/users\/1"}],"replies":[{"embeddable":true,"href":"https:\/\/ppgsc2.uefs.br\/nupisc\/wp-json\/wp\/v2\/comments?post=45"}],"version-history":[{"count":11,"href":"https:\/\/ppgsc2.uefs.br\/nupisc\/wp-json\/wp\/v2\/pages\/45\/revisions"}],"predecessor-version":[{"id":164,"href":"https:\/\/ppgsc2.uefs.br\/nupisc\/wp-json\/wp\/v2\/pages\/45\/revisions\/164"}],"wp:attachment":[{"href":"https:\/\/ppgsc2.uefs.br\/nupisc\/wp-json\/wp\/v2\/media?parent=45"}],"curies":[{"name":"wp","href":"https:\/\/api.w.org\/{rel}","templated":true}]}}