{"id":42,"date":"2016-04-10T17:44:12","date_gmt":"2016-04-10T20:44:12","guid":{"rendered":"https:\/\/ppgsc2.uefs.br\/nupisc\/?page_id=42"},"modified":"2024-06-07T12:40:23","modified_gmt":"2024-06-07T15:40:23","slug":"apresentacao","status":"publish","type":"page","link":"https:\/\/ppgsc2.uefs.br\/nupisc\/apresentacao\/","title":{"rendered":"Apresenta\u00e7\u00e3o"},"content":{"rendered":"<p style=\"text-align: justify;\">O NUPISC surgiu como uma necessidade de fortalecimento do Mestrado em Sa\u00fade Coletiva da UEFS, implantado em 1997 atualmente Programa de P\u00f3s-Gradua\u00e7\u00e3o em Sa\u00fade Coletiva &#8211; UEFS e, posteriormente, mais de uma d\u00e9cada depois, com a cria\u00e7\u00e3o do Mestrado Profissional em Sa\u00fade Coletiva e do Mestrado Profissional em Enfermagem implantados respectivamente em 2011 e 2012.<\/p>\n<p style=\"text-align: justify;\">Os campos de estudo e interven\u00e7\u00e3o est\u00e3o voltados para as pol\u00edticas de sa\u00fade, planejamento e organiza\u00e7\u00e3o dos servi\u00e7os, programas e pr\u00e1ticas de sa\u00fade, com \u00eanfase na Estrat\u00e9gia Sa\u00fade da Fam\u00edlia, toma como refer\u00eancia os princ\u00edpios e as diretrizes do SUS, al\u00e9m de considerar as estrat\u00e9gias de reordenamento do modelo de aten\u00e7\u00e3o \u00e0 sa\u00fade como um bem p\u00fablico e para al\u00e9m dos aspectos biol\u00f3gicos, a constitui\u00e7\u00e3o produ\u00e7\u00e3o de sujeitos sociais no processo de reformula\u00e7\u00e3o do setor sa\u00fade e na forma\u00e7\u00e3o e educa\u00e7\u00e3o permanente de recursos humanos e a constitui\u00e7\u00e3o de equipes multidisciplinares na perspectiva da interdisciplinaridade. As pesquisas abordam tamb\u00e9m objetos sobre saberes e pr\u00e1ticas de sa\u00fade e seus determinantes hist\u00f3rico-sociais, em busca de novos paradigmas na sa\u00fade e na reconstru\u00e7\u00e3o de um modelo de sa\u00fade em defesa da vida do cidad\u00e3o, tendo em vista pesquisas que possam intervir na sa\u00fade do indiv\u00edduo, fam\u00edlia e grupos da comunidade.<\/p>\n<p style=\"text-align: justify;\">O N\u00facleo tamb\u00e9m desenvolve estudos sobre avalia\u00e7\u00e3o de servi\u00e7os e programas, considerando a din\u00e2mica do sistema de sa\u00fade e incorpora\u00e7\u00e3o de novos pesquisadores. Al\u00e9m de pesquisas realizadas em parceria com outras institui\u00e7\u00f5es nacionais e internacionais, estabelece rela\u00e7\u00f5es com a comunidade, os servi\u00e7os de sa\u00fade e a gest\u00e3o de munic\u00edpios a partir dos trabalhos de extens\u00e3o e consultoria.<\/p>\n<h4 style=\"text-align: justify;\">Objetivos<\/h4>\n<ul>\n<li style=\"text-align: justify;\">Formar pesquisadores na \u00e1rea de Sa\u00fade Coletiva e de Enfermagem;<\/li>\n<li style=\"text-align: justify;\">Possibilitar a participa\u00e7\u00e3o de docentes, discentes de gradua\u00e7\u00e3o e p\u00f3s-gradua\u00e7\u00e3o e profissionais de servi\u00e7o motivados no desenvolvimento de pesquisas na \u00e1rea da sa\u00fade;<\/li>\n<li style=\"text-align: justify;\">Desenvolver estudos voltados para as transforma\u00e7\u00f5es do Sistema de Sa\u00fade;<\/li>\n<li style=\"text-align: justify;\">Elaborar projetos de interven\u00e7\u00e3o a partir dos limites e potencialidades na organiza\u00e7\u00e3o dos servi\u00e7os e pr\u00e1ticas.<\/li>\n<\/ul>\n<p>&nbsp;<\/p>\n<h4 style=\"text-align: justify;\">Endere\u00e7o do Diret\u00f3rio de Grupos de Pesquisa<\/h4>\n<p><a href=\"http:\/\/dgp.cnpq.br\/dgp\/espelhogrupo\/4175379070604281\">dgp.cnpq.br\/dgp\/espelhogrupo\/4175379070604281<\/a><\/p>\n","protected":false},"excerpt":{"rendered":"<p>O NUPISC surgiu como uma necessidade de fortalecimento do Mestrado em Sa\u00fade Coletiva da UEFS, implantado em 1997 atualmente Programa de P\u00f3s-Gradua\u00e7\u00e3o em Sa\u00fade Coletiva &#8211; UEFS e, posteriormente, mais [&hellip;]<\/p>\n","protected":false},"author":1,"featured_media":0,"parent":0,"menu_order":0,"comment_status":"closed","ping_status":"closed","template":"","meta":{"footnotes":""},"class_list":["post-42","page","type-page","status-publish","hentry"],"_links":{"self":[{"href":"https:\/\/ppgsc2.uefs.br\/nupisc\/wp-json\/wp\/v2\/pages\/42","targetHints":{"allow":["GET"]}}],"collection":[{"href":"https:\/\/ppgsc2.uefs.br\/nupisc\/wp-json\/wp\/v2\/pages"}],"about":[{"href":"https:\/\/ppgsc2.uefs.br\/nupisc\/wp-json\/wp\/v2\/types\/page"}],"author":[{"embeddable":true,"href":"https:\/\/ppgsc2.uefs.br\/nupisc\/wp-json\/wp\/v2\/users\/1"}],"replies":[{"embeddable":true,"href":"https:\/\/ppgsc2.uefs.br\/nupisc\/wp-json\/wp\/v2\/comments?post=42"}],"version-history":[{"count":9,"href":"https:\/\/ppgsc2.uefs.br\/nupisc\/wp-json\/wp\/v2\/pages\/42\/revisions"}],"predecessor-version":[{"id":169,"href":"https:\/\/ppgsc2.uefs.br\/nupisc\/wp-json\/wp\/v2\/pages\/42\/revisions\/169"}],"wp:attachment":[{"href":"https:\/\/ppgsc2.uefs.br\/nupisc\/wp-json\/wp\/v2\/media?parent=42"}],"curies":[{"name":"wp","href":"https:\/\/api.w.org\/{rel}","templated":true}]}}