{"id":66,"date":"2016-04-10T19:25:06","date_gmt":"2016-04-10T22:25:06","guid":{"rendered":"https:\/\/ppgsc2.uefs.br\/nupes\/?page_id=66"},"modified":"2024-06-07T14:56:55","modified_gmt":"2024-06-07T17:56:55","slug":"contato","status":"publish","type":"page","link":"https:\/\/ppgsc2.uefs.br\/nupes\/contato\/","title":{"rendered":"Contato"},"content":{"rendered":"<p><strong>Endere\u00e7o:<\/strong><br \/>\nAvenida transnordestina, S\/N. Centro de P\u00f3s Gradua\u00e7\u00e3o em Sa\u00fade Coletiva<br \/>\nAv. dos Laborat\u00f3rios &#8211; M\u00f3dulo 6<br \/>\nBairro Novo Horizonte . Feira de Santana &#8211; Ba<br \/>\nCep : 44036900<\/p>\n<p><strong>Telefone Fixo:<br \/>\n<\/strong>(75) 3161-8095<\/p>\n<p><strong>E-mail:<br \/>\n<\/strong><a href=\"nupesuefs@gmail.com\">nupesuefs@gmail.com<\/a><\/p>\n","protected":false},"excerpt":{"rendered":"<p>Endere\u00e7o: Avenida transnordestina, S\/N. Centro de P\u00f3s Gradua\u00e7\u00e3o em Sa\u00fade Coletiva Av. dos Laborat\u00f3rios &#8211; M\u00f3dulo 6 Bairro Novo Horizonte . Feira de Santana &#8211; Ba Cep : 44036900 Telefone [&hellip;]<\/p>\n","protected":false},"author":1,"featured_media":0,"parent":0,"menu_order":0,"comment_status":"closed","ping_status":"closed","template":"","meta":{"footnotes":""},"class_list":["post-66","page","type-page","status-publish","hentry"],"_links":{"self":[{"href":"https:\/\/ppgsc2.uefs.br\/nupes\/wp-json\/wp\/v2\/pages\/66","targetHints":{"allow":["GET"]}}],"collection":[{"href":"https:\/\/ppgsc2.uefs.br\/nupes\/wp-json\/wp\/v2\/pages"}],"about":[{"href":"https:\/\/ppgsc2.uefs.br\/nupes\/wp-json\/wp\/v2\/types\/page"}],"author":[{"embeddable":true,"href":"https:\/\/ppgsc2.uefs.br\/nupes\/wp-json\/wp\/v2\/users\/1"}],"replies":[{"embeddable":true,"href":"https:\/\/ppgsc2.uefs.br\/nupes\/wp-json\/wp\/v2\/comments?post=66"}],"version-history":[{"count":3,"href":"https:\/\/ppgsc2.uefs.br\/nupes\/wp-json\/wp\/v2\/pages\/66\/revisions"}],"predecessor-version":[{"id":151,"href":"https:\/\/ppgsc2.uefs.br\/nupes\/wp-json\/wp\/v2\/pages\/66\/revisions\/151"}],"wp:attachment":[{"href":"https:\/\/ppgsc2.uefs.br\/nupes\/wp-json\/wp\/v2\/media?parent=66"}],"curies":[{"name":"wp","href":"https:\/\/api.w.org\/{rel}","templated":true}]}}