{"id":53,"date":"2016-04-10T17:54:28","date_gmt":"2016-04-10T20:54:28","guid":{"rendered":"https:\/\/ppgsc2.uefs.br\/nupes\/?page_id=53"},"modified":"2024-06-07T14:56:55","modified_gmt":"2024-06-07T17:56:55","slug":"projetos","status":"publish","type":"page","link":"https:\/\/ppgsc2.uefs.br\/nupes\/projetos\/","title":{"rendered":"Projetos"},"content":{"rendered":"<h4>Pesquisa<\/h4>\n<p>Padr\u00f5es de atividades f\u00edsicas e comportamentos sedent\u00e1rios de escolares do 2\u00ba ao 5\u00ba ano do Ensino Fundamental no Nordeste do Brasil<br \/>\n<strong>Autor:<\/strong> Lizziane Andrade Dias (Doutoranda)<br \/>\n<strong>Orientador:<\/strong> Graciete Oliveira Vieira<br \/>\n<strong>Co-orientador:<\/strong> Gilmar Merc\u00eas de Jesus<\/p>\n<p>Colostroterapia e pneumonia em RNPT\/MBP: Revis\u00e3o Sistem\u00e1tica<br \/>\n<strong>Autor:<\/strong> Jociene Roberto da Silva (Mestranda)<br \/>\n<strong>Orientador:<\/strong> Graciete Oliveira Vieira<br \/>\n<strong>Co-orientador:<\/strong> Heli Vieira Brand\u00e3o<\/p>\n<p>Colostroterapia e sepse neonatal tardia em rec\u00e9m-nascidos prematuros de muito baixo peso internados em unidade de terapia intensiva neonatal<br \/>\n<strong>Autor:<\/strong> Gabriela Cintra dos Santos (Mestranda)<br \/>\n<strong>Orientador:<\/strong> Graciete Oliveira Vieira<br \/>\n<strong>Co-orientador:<\/strong> Tatiana de Oliveira Vieira<\/p>\n<p>Imunoterapia orofar\u00edngea de colostro e crescimento ponderal de rec\u00e9m-nascidos prematuros de muito baixo peso<br \/>\n<strong>Autor:<\/strong> Ellayne Souza Cerqueira (Mestranda)<br \/>\n<strong>Orientador:<\/strong> Priscila Ribas<br \/>\n<strong>Co-orientador:<\/strong> Maria Ester Da Concei\u00e7\u00e3o Machado<\/p>\n<p>Imunoterapia orofar\u00edngea de colostro e tempo de internamento de prematuros de muito baixo peso na unidade neonatal: ensaio cl\u00ednico<br \/>\n<strong>Autor:<\/strong> Matheus Gomes Reis Costa (Inicia\u00e7\u00e3o Cient\u00edfica)<br \/>\n<strong>Orientador:<\/strong> Tatiana de Oliveira Vieira<br \/>\n<strong>Co-orientador:<\/strong> Camilla da Cruz Martins<\/p>\n<p>Associa\u00e7\u00e3o entre comportamento sedent\u00e1rio baseado em tela e o consumo de alimentos ultraprocessados: um estudo transversal com escolares do 2\u00ba ao 5\u00ba ano do Ensino Fundamental do munic\u00edpio de Feira de Santana<br \/>\n<strong>Autor:<\/strong> Anna Karolina Cerqueira Barros (Mestranda)<br \/>\n<strong>Orientador:<\/strong> Graciete Oliveira Vieira<br \/>\n<strong>Co-orientador:<\/strong> Gilmar Merc\u00eas de Jesus<\/p>\n<p>Projetos de pesquisa conclu\u00eddos<\/p>\n<h4><\/h4>\n<h4>Orienta\u00e7\u00f5es de doutorado<\/h4>\n<ul>\n<li>Michelle de Santana Xavier Ramos. Tese: Imunoterapia orofar\u00edngea de colostro e nutri\u00e7\u00e3o de rec\u00e9m-nascidos prematuros: Estudo de interven\u00e7\u00e3o e s\u00edntese de evid\u00eancia. (Coorientadora). Trabalho de conclus\u00e3o de doutorado. UEFS. 2021.<\/li>\n<li>Camilla da Cruz Martins. Tese: Imunoterapia orofar\u00edngea de colostro e redu\u00e7\u00e3o do risco de mortalidade em prematuros de muito baixo peso: ensaio cl\u00ednico. Trabalho de conclus\u00e3o de doutorado. UEFS. 2021.<\/li>\n<\/ul>\n<h4><\/h4>\n<h4>Orienta\u00e7\u00f5es de mestrado<\/h4>\n<ul>\n<li>J\u00e9ssica Santos Passos Costa. Disserta\u00e7\u00e3o: Associa\u00e7\u00e3o entre status do peso e n\u00edveis tensionais em crian\u00e7as pr\u00e9-escolares. Mestrado Acad\u00eamico em Sa\u00fade Coletiva, UEFS. 2019.<\/li>\n<li>Ang\u00e9lica Morgana Ara\u00fajo Freitas. Disserta\u00e7\u00e3o: Padr\u00f5es de consumo alimentar e asma na inf\u00e2ncia. Mestrado Acad\u00eamico em Sa\u00fade Coletiva, UEFS. 2015-2016.<\/li>\n<li>Fl\u00e1via Lima Carvalho. Disserta\u00e7\u00e3o: Preval\u00eancia de constipa\u00e7\u00e3o intestinal e fatores associados aos seis meses de idade. Mestrado Acad\u00eamico em Sa\u00fade Coletiva, UEFS. 2015-2016.<\/li>\n<li>Thaize Carvalho Estrela do Vale Morais. Disserta\u00e7\u00e3o: T\u00e9cnica de amamentar e a incid\u00eancia de traumas mamilares em pu\u00e9rperas atendidas em um hospital municipal de Feira de Santana\/Bahia. Mestrado Profissional em Sa\u00fade Coletiva, UEFS. 2015-2016.<\/li>\n<li>T\u00e2mara Oliveira Souza. Disserta\u00e7\u00e3o: O impacto de uma interven\u00e7\u00e3o sobre a t\u00e9cnica de amamenta\u00e7\u00e3o na preval\u00eancia do aleitamento materno exclusivo. Mestrado Profissional em Sa\u00fade Coletiva, UEFS. 2015-2016.<\/li>\n<li>Pryscila de Argolo Cerqueira. Disserta\u00e7\u00e3o: Fatores associados ao aleitamento materno exclusivo no primeiro m\u00eas de idade. Mestrado Acad\u00eamico em Sa\u00fade Coletiva, UEFS. 2014-2015.<\/li>\n<li>Jana\u00edna Silva Dias. Disserta\u00e7\u00e3o: Fatores associados ao trauma mamilar no primeiro m\u00eas p\u00f3s-parto. Mestrado Acad\u00eamico em Sa\u00fade Coletiva, UEFS. 2014-2015.<\/li>\n<li>Kamila Juliana Santos. Disserta\u00e7\u00e3o: Fatores associados \u00e0 mastite lactacional e trauma mamilar: incid\u00eancia e fatores de risco em lactantes de Feira de Santana \u2013 Bahia. Mestrado Acad\u00eamico em Sa\u00fade Coletiva, UEFS. 2013-2014.<\/li>\n<li>Milena de Oliveira P\u00e9rsico Monteiro. Disserta\u00e7\u00e3o: Preval\u00eancia e fatores associados \u00e0 infec\u00e7\u00e3o por s\u00edfilis em adolescentes em Feira de Santana \u2013 BA. Mestrado Acad\u00eamico em Sa\u00fade Coletiva, UEFS. 2012-2013.<\/li>\n<li>Daiene Rosa Gomes. Disserta\u00e7\u00e3o: Nascimento por parto ces\u00e1reo e o risco de excesso de peso aos seis anos de idade: resultados de uma coorte. Mestrado Acad\u00eamico em Sa\u00fade Coletiva, UEFS. 2012-2013.<\/li>\n<li>Guacyra Almeida Leal. Disserta\u00e7\u00e3o: Fatores de risco da transmiss\u00e3o vertical do HIV em crian\u00e7as acompanhadas no Centro de Refer\u00eancia DST\/HIV\/AIDS de Feira de Santana, Bahia. Mestrado Acad\u00eamico em Sa\u00fade Coletiva, UEFS. 2011 \u2013 2012.<\/li>\n<li>Aline Lima Xavier. Disserta\u00e7\u00e3o: Avalia\u00e7\u00e3o de indicadores de sa\u00fade materno-infantil na aten\u00e7\u00e3o prim\u00e1ria \u00e0 sa\u00fade de munic\u00edpios baianos. Mestrado Profissional em Sa\u00fade Coletiva, UEFS. 2011-2012.<\/li>\n<li>D\u00e9bora Santa M\u00f4nica Santos. Disserta\u00e7\u00e3o: Fatores associados \u00e0s manifesta\u00e7\u00f5es cl\u00ednicas da alergia \u00e0 prote\u00edna do leite de vaca em crian\u00e7as menores de dois anos de idade. Mestrado Profissional em Sa\u00fade Coletiva, UEFS. 2011-2012.<\/li>\n<li>Daniel Sales Portela. Disserta\u00e7\u00e3o: Preval\u00eancia de sobrepeso\/obesidade aos seis anos de idade e associa\u00e7\u00e3o com os fatores socioecon\u00f4micos, gen\u00e9ticos e ambientais. Mestrado Acad\u00eamico em Sa\u00fade Coletiva, UEFS. 2011-2012.<\/li>\n<li>Su\u00e9lem Maria Santana Pinheiro. Disserta\u00e7\u00e3o: Aleitamento materno e h\u00e1bitos orais de suc\u00e7\u00e3o no primeiro ano de vida. Mestrado Acad\u00eamico em Sa\u00fade Coletiva, UEFS. 2010-2011. Coorienta\u00e7\u00e3o.<\/li>\n<li>Karina Emanuella Peixoto de Souza Gomes. Disserta\u00e7\u00e3o: Consumo alimentar e estado nutricional de crian\u00e7as menores de 4 anos em Feira de Santana \u2013 BA. Mestrado Acad\u00eamico em Sa\u00fade Coletiva, UEFS. 2010-2011.<\/li>\n<li>Cileide Mascarenhas Lopes Brito. Disserta\u00e7\u00e3o: Fatores biol\u00f3gicos, sociais e educacionais associados \u00e0 suspeita de atraso no desenvolvimento neuropsicomotor em pr\u00e9-escolares em Feira de Santana, BA. Mestrado Acad\u00eamico em Sa\u00fade Coletiva, UEFS. 2009-2010.<\/li>\n<li>Mariana Ribeiro dos Reis. Disserta\u00e7\u00e3o: Preval\u00eancia de aleitamento materno em crian\u00e7as menores de um ano de idade em Feira de Santana \u2013 BA. Mestrado Acad\u00eamico em Sa\u00fade Coletiva, UEFS. 2009-2010.<\/li>\n<li>Camilla da Cruz Martins. Disserta\u00e7\u00e3o: Fatores determinantes para a interrup\u00e7\u00e3o precoce do aleitamento materno exclusivo em crian\u00e7as menores de 1 m\u00eas de vida, em Feira de Santana, Bahia. Mestrado Acad\u00eamico em Sa\u00fade Coletiva, UEFS. 2007-2008.<\/li>\n<li>Gilmar Merc\u00eas de Jesus. Disserta\u00e7\u00e3o: Fatores associados ao estado nutricional de crian\u00e7as de Feira de Santana, Bahia, Brasil. Mestrado Acad\u00eamico em Sa\u00fade Coletiva, UEFS. 2007-2008.<\/li>\n<li>Suelly Pinto Teixeira de Morais Ara\u00fajo. Disserta\u00e7\u00e3o: Amamenta\u00e7\u00e3o, crescimento e desenvolvimento do sistema estomatogn\u00e1tico. Mestrado Acad\u00eamico em Sa\u00fade Coletiva, UEFS. 2006-2007. Coorienta\u00e7\u00e3o.<\/li>\n<\/ul>\n<h4><\/h4>\n<h4>Orienta\u00e7\u00f5es de trabalho de conclus\u00e3o de curso (TCC) de gradua\u00e7\u00e3o (1998-2016)<\/h4>\n<ul>\n<li>G\u00e9ssica Silva Santana. TCC: Fatores associados \u00e0 manuten\u00e7\u00e3o da amamenta\u00e7\u00e3o por 12 meses ou mais: revis\u00e3o sistem\u00e1tica. UEFS, 2016.<\/li>\n<li>Isane Souza Santos Moreira. TCC: Rela\u00e7\u00e3o entre aleitamento materno e diarreia em crian\u00e7as menores de um ano de idade. UEFS, 2009, 2010, 2011, 2012.<\/li>\n<li>L\u00edgia Maria Silva Campos. TCC: H\u00e1bitos alimentares em crian\u00e7as menores de um ano de idade em Feira de Santana &#8211; BA. Institui\u00e7\u00e3o: UEFS 2009, 2010, 2011, 2012.<\/li>\n<li>Lorena Gabriel Fernandes. TCC: Associa\u00e7\u00e3o entre os tipos de parto e o pr\u00e9-natal com o aleitamento materno. UEFS 2009, 2010, 2011, 2012.<\/li>\n<li>Mila Cruz Oliveira. TCC: Doen\u00e7a cel\u00edaca: manifesta\u00e7\u00f5es cl\u00ednicas at\u00edpicas. Institui\u00e7\u00e3o: UEFS, 2010.<\/li>\n<li>Maiara Coutinho Bastos. TCC: Avalia\u00e7\u00e3o do uso da Caderneta da Sa\u00fade da Crian\u00e7a na cidade de Feira de Santana, no ano de 2009. Institui\u00e7\u00e3o: UEFS, 2010.<\/li>\n<li>Tha\u00eds Oliveira Sousa. TCC: Constipa\u00e7\u00e3o intestinal e h\u00e1bitos alimentares de crian\u00e7as menores de 6 meses de idade, em Feira de Santana, Bahia. Institui\u00e7\u00e3o: UEFS, 2008, 2009, 2010.<\/li>\n<li>Tha\u00eds Carvalho dos Anjos. TCC: Pr\u00e1tica alimentar de crian\u00e7as com obesidade menores de 3 anos no munic\u00edpio de Feira de Santana. Institui\u00e7\u00e3o: UEFS, 2008, 2009, 2010.<\/li>\n<li>El\u00edzia Sim\u00f5es Castel\u00e3o. TCC: Caracter\u00edsticas socioecon\u00f4micas e demogr\u00e1ficas de crian\u00e7as desnutridas aos trinta meses de vida. Institui\u00e7\u00e3o: UEFS, 2007, 2008, 2009.<\/li>\n<li>Maria Carolina Tabosa Duarte. TCC: Aleitamento materno e mastite lactacional. Institui\u00e7\u00e3o: UEFS, 2007, 2008, 2009.<\/li>\n<li>Adrielly Costa Freire de Carvalho. TCC: A Iniciativa Hospital Amigo da crian\u00e7a, fissura mamilar e a mastite lactacional em Feira de Santana &#8211; BA. Institui\u00e7\u00e3o: UEFS, 2007, 2008.<\/li>\n<li>Camilla da Cruz Martins. TCC: Amamenta\u00e7\u00e3o e uso de ch\u00e1s em crian\u00e7as menores de seis meses de idade, na cidade de Feira de Santana, Bahia. Institui\u00e7\u00e3o: UEFS, 2006.<\/li>\n<li>Camila Pereira Fernandes Dias. TCC: Conhecimento materno sobre aleitamento: estudo piloto, Salvador, Bahia. Institui\u00e7\u00e3o: UFBA, Coorienta\u00e7\u00e3o. 2005.<\/li>\n<li>Poliana Louzada Soares. TCC: Incid\u00eancia do desmame precoce no terceiro e sexto m\u00eas de vida de lactentes nascidos em hospitais credenciados e n\u00e3o credenciados como amigos da crian\u00e7a. Institui\u00e7\u00e3o: UFBA, Coorienta\u00e7\u00e3o. 2005.<\/li>\n<li>Daniel May. TCC: Conhecimento dos obstetras sobre amamenta\u00e7\u00e3o. Institui\u00e7\u00e3o: UFBA, Coorienta\u00e7\u00e3o. 2005.<\/li>\n<li>Mateus Freire de Lima e Souza. TCC: Pr\u00e1ticas de aleitamento materno em hospitais credenciados e n\u00e3o credenciados como amigos da crian\u00e7a em Salvador. Institui\u00e7\u00e3o: UFBA, Coorienta\u00e7\u00e3o. 2005.<\/li>\n<li>Camilla da Cruz Martins. TCC: As barreiras entre o discurso cient\u00edfico e o discurso popular na rela\u00e7\u00e3o entre profissionais de sa\u00fade e pacientes quanto \u00e0 a\u00e7\u00e3o educativa de incentivo \u00e0 amamenta\u00e7\u00e3o do Hospital Amigo da Crian\u00e7a, Feira de Santana, Bahia. Institui\u00e7\u00e3o: UEFS, 2005.<\/li>\n<li>Alexsandra da Silva Felipe. TCC: Uso racional das penicilinas de import\u00e2ncia odontol\u00f3gica face \u00e0 resist\u00eancia bacteriana. Institui\u00e7\u00e3o: UEFS, 1998.<\/li>\n<li>Gabriella Dourado Teixeira. TCC: Uso racional das penicilinas de import\u00e2ncia odontol\u00f3gica em face da resist\u00eancia bacteriana. Institui\u00e7\u00e3o: UEFS, 1998.<\/li>\n<\/ul>\n<h4><\/h4>\n<h4>Extens\u00e3o<\/h4>\n<p>Encontrinhos de aleitamento materno em Feira de Santana<br \/>\n<strong>Autor:<\/strong> Laura Sabrina de Almeida Fernandes e Rebeca Magalh\u00e3es Ara\u00fajo<br \/>\n<strong>Orientador:<\/strong> Heli Vieira Brand\u00e3o<br \/>\n<strong>Co-orientador:<\/strong> Graciete Oliveira Vieira<\/p>\n","protected":false},"excerpt":{"rendered":"<p>Pesquisa Padr\u00f5es de atividades f\u00edsicas e comportamentos sedent\u00e1rios de escolares do 2\u00ba ao 5\u00ba ano do Ensino Fundamental no Nordeste do Brasil Autor: Lizziane Andrade Dias (Doutoranda) Orientador: Graciete Oliveira [&hellip;]<\/p>\n","protected":false},"author":1,"featured_media":0,"parent":0,"menu_order":0,"comment_status":"closed","ping_status":"closed","template":"","meta":{"footnotes":""},"class_list":["post-53","page","type-page","status-publish","hentry"],"_links":{"self":[{"href":"https:\/\/ppgsc2.uefs.br\/nupes\/wp-json\/wp\/v2\/pages\/53","targetHints":{"allow":["GET"]}}],"collection":[{"href":"https:\/\/ppgsc2.uefs.br\/nupes\/wp-json\/wp\/v2\/pages"}],"about":[{"href":"https:\/\/ppgsc2.uefs.br\/nupes\/wp-json\/wp\/v2\/types\/page"}],"author":[{"embeddable":true,"href":"https:\/\/ppgsc2.uefs.br\/nupes\/wp-json\/wp\/v2\/users\/1"}],"replies":[{"embeddable":true,"href":"https:\/\/ppgsc2.uefs.br\/nupes\/wp-json\/wp\/v2\/comments?post=53"}],"version-history":[{"count":7,"href":"https:\/\/ppgsc2.uefs.br\/nupes\/wp-json\/wp\/v2\/pages\/53\/revisions"}],"predecessor-version":[{"id":150,"href":"https:\/\/ppgsc2.uefs.br\/nupes\/wp-json\/wp\/v2\/pages\/53\/revisions\/150"}],"wp:attachment":[{"href":"https:\/\/ppgsc2.uefs.br\/nupes\/wp-json\/wp\/v2\/media?parent=53"}],"curies":[{"name":"wp","href":"https:\/\/api.w.org\/{rel}","templated":true}]}}