{"id":49,"date":"2016-04-10T17:51:11","date_gmt":"2016-04-10T20:51:11","guid":{"rendered":"https:\/\/ppgsc2.uefs.br\/nupes\/?page_id=49"},"modified":"2024-06-07T14:56:55","modified_gmt":"2024-06-07T17:56:55","slug":"linhas-de-pesquisa","status":"publish","type":"page","link":"https:\/\/ppgsc2.uefs.br\/nupes\/linhas-de-pesquisa\/","title":{"rendered":"Linhas de Pesquisa"},"content":{"rendered":"<p>Aleitamento materno, nutri\u00e7\u00e3o da crian\u00e7a e sa\u00fade materno-infantil<\/p>\n<p><strong>Objetivo:<\/strong> Desenvolver pesquisas que envolvam a tem\u00e1tica do aleitamento materno e nutri\u00e7\u00e3o da crian\u00e7a; bem como, as repercuss\u00f5es dessas para a sa\u00fade materna e para o crescimento e desenvolvimento infantil.<\/p>\n<p>&nbsp;<\/p>\n<p>Colostroterapia, nutri\u00e7\u00e3o, crescimento pondero-estatural e morbimortalidade de rec\u00e9m-nascidos prematuros de muito baixo peso atendidos pelo Sistema \u00danico de Sa\u00fade (SUS).<\/p>\n<p><strong>Objetivo:<\/strong> Avaliar os efeitos da colostroterapia nas caracter\u00edsticas cl\u00ednicas, nutricionais, crescimento pondero-estatural e morbimortalidade de rec\u00e9m-nascidos prematuros de muito baixo peso atendidos no servi\u00e7o p\u00fablico de sa\u00fade. Estudo de interven\u00e7\u00e3o, tipo ensaio cl\u00ednico quase experimental com controle hist\u00f3rico. Aprovado no CEP\/UEFS sob CAAE 93056218.0.0000.0053; Registro REBEC UTN: U1111-1222-0598 e registro RBR-2cyp7c. Financiado pela FAPESB, Edital 003\/2017 PPSUS\/FAPESB\/SESAB\/CNPQ\/MS.<\/p>\n","protected":false},"excerpt":{"rendered":"<p>Aleitamento materno, nutri\u00e7\u00e3o da crian\u00e7a e sa\u00fade materno-infantil Objetivo: Desenvolver pesquisas que envolvam a tem\u00e1tica do aleitamento materno e nutri\u00e7\u00e3o da crian\u00e7a; bem como, as repercuss\u00f5es dessas para a sa\u00fade [&hellip;]<\/p>\n","protected":false},"author":1,"featured_media":0,"parent":0,"menu_order":0,"comment_status":"closed","ping_status":"closed","template":"","meta":{"footnotes":""},"class_list":["post-49","page","type-page","status-publish","hentry"],"_links":{"self":[{"href":"https:\/\/ppgsc2.uefs.br\/nupes\/wp-json\/wp\/v2\/pages\/49","targetHints":{"allow":["GET"]}}],"collection":[{"href":"https:\/\/ppgsc2.uefs.br\/nupes\/wp-json\/wp\/v2\/pages"}],"about":[{"href":"https:\/\/ppgsc2.uefs.br\/nupes\/wp-json\/wp\/v2\/types\/page"}],"author":[{"embeddable":true,"href":"https:\/\/ppgsc2.uefs.br\/nupes\/wp-json\/wp\/v2\/users\/1"}],"replies":[{"embeddable":true,"href":"https:\/\/ppgsc2.uefs.br\/nupes\/wp-json\/wp\/v2\/comments?post=49"}],"version-history":[{"count":4,"href":"https:\/\/ppgsc2.uefs.br\/nupes\/wp-json\/wp\/v2\/pages\/49\/revisions"}],"predecessor-version":[{"id":143,"href":"https:\/\/ppgsc2.uefs.br\/nupes\/wp-json\/wp\/v2\/pages\/49\/revisions\/143"}],"wp:attachment":[{"href":"https:\/\/ppgsc2.uefs.br\/nupes\/wp-json\/wp\/v2\/media?parent=49"}],"curies":[{"name":"wp","href":"https:\/\/api.w.org\/{rel}","templated":true}]}}