{"id":66,"date":"2016-04-10T19:25:06","date_gmt":"2016-04-10T22:25:06","guid":{"rendered":"https:\/\/ppgsc2.uefs.br\/nudes\/?page_id=66"},"modified":"2021-05-11T20:32:04","modified_gmt":"2021-05-11T23:32:04","slug":"contato","status":"publish","type":"page","link":"https:\/\/ppgsc2.uefs.br\/nudes\/contato\/","title":{"rendered":"Contato"},"content":{"rendered":"<p><b>Endere\u00e7o:<\/b> <span style=\"font-weight: 400;\">Avenida Transnordestina, s\/n &#8211; Novo Horizonte \u2013 Pr\u00e9dio da P\u00f3s Gradua\u00e7\u00e3o em Sa\u00fade Coletiva<\/span><\/p>\n<p><b>Telefone Fixo:<\/b>(75) 3161 &#8211; 8183<\/p>\n<p><b>E-mail: <\/b><a href=\"mailto:fsdnery@uefs.br\"><span style=\"font-weight: 400;\">fsdnery@uefs.br<\/span><\/a><span style=\"font-weight: 400;\">\u00a0<\/span><\/p>\n<p><b>Redes sociais:<\/b><\/p>\n<p><b>Instagram: <\/b><span style=\"font-weight: 400;\">@grupodepesquisanudes<\/span><\/p>\n","protected":false},"excerpt":{"rendered":"<p>Endere\u00e7o: Avenida Transnordestina, s\/n &#8211; Novo Horizonte \u2013 Pr\u00e9dio da P\u00f3s Gradua\u00e7\u00e3o em Sa\u00fade Coletiva Telefone Fixo:(75) 3161 &#8211; 8183 E-mail: fsdnery@uefs.br\u00a0 Redes sociais: Instagram: @grupodepesquisanudes<\/p>\n","protected":false},"author":1,"featured_media":0,"parent":0,"menu_order":0,"comment_status":"closed","ping_status":"closed","template":"","meta":{"footnotes":""},"class_list":["post-66","page","type-page","status-publish","hentry"],"_links":{"self":[{"href":"https:\/\/ppgsc2.uefs.br\/nudes\/wp-json\/wp\/v2\/pages\/66","targetHints":{"allow":["GET"]}}],"collection":[{"href":"https:\/\/ppgsc2.uefs.br\/nudes\/wp-json\/wp\/v2\/pages"}],"about":[{"href":"https:\/\/ppgsc2.uefs.br\/nudes\/wp-json\/wp\/v2\/types\/page"}],"author":[{"embeddable":true,"href":"https:\/\/ppgsc2.uefs.br\/nudes\/wp-json\/wp\/v2\/users\/1"}],"replies":[{"embeddable":true,"href":"https:\/\/ppgsc2.uefs.br\/nudes\/wp-json\/wp\/v2\/comments?post=66"}],"version-history":[{"count":4,"href":"https:\/\/ppgsc2.uefs.br\/nudes\/wp-json\/wp\/v2\/pages\/66\/revisions"}],"predecessor-version":[{"id":166,"href":"https:\/\/ppgsc2.uefs.br\/nudes\/wp-json\/wp\/v2\/pages\/66\/revisions\/166"}],"wp:attachment":[{"href":"https:\/\/ppgsc2.uefs.br\/nudes\/wp-json\/wp\/v2\/media?parent=66"}],"curies":[{"name":"wp","href":"https:\/\/api.w.org\/{rel}","templated":true}]}}