{"id":53,"date":"2016-04-10T17:54:28","date_gmt":"2016-04-10T20:54:28","guid":{"rendered":"https:\/\/ppgsc2.uefs.br\/nudes\/?page_id=53"},"modified":"2021-05-11T20:29:58","modified_gmt":"2021-05-11T23:29:58","slug":"projetos","status":"publish","type":"page","link":"https:\/\/ppgsc2.uefs.br\/nudes\/projetos\/","title":{"rendered":"Projetos"},"content":{"rendered":"<ul>\n<li>Avalia\u00e7\u00e3o da Aten\u00e7\u00e3o \u00e0 Sa\u00fade da Popula\u00e7\u00e3o Negra e a Intersec\u00e7\u00e3o do Racismo sobre as Pr\u00e1ticas de Cuidado em Estados do Nordeste e do Sudeste Brasileiro\n<ul>\n<li><span style=\"font-weight: 400;\">Avalia\u00e7\u00e3o da Pol\u00edtica Nacional de Sa\u00fade da Popula\u00e7\u00e3o Negra na Bahia, Sergipe, Alagoas e S\u00e3o Paulo<\/span><\/li>\n<\/ul>\n<\/li>\n<li><span style=\"font-weight: 400;\">Aspectos epidemiol\u00f3gicos e criminais do feminic\u00eddio na Bahia segundo ra\u00e7a\/cor da pele e fatores associados.<\/span>\n<ul>\n<li><span style=\"font-weight: 400;\">Revis\u00e3o sistem\u00e1tica dos fatores associados a viol\u00eancia contra a mulher no Brasil e no mundo.<\/span><\/li>\n<li><span style=\"font-weight: 400;\">A evolu\u00e7\u00e3o espa\u00e7o-temporal das taxas de homic\u00eddio contra mulheres e seus fatores associados, segundo ra\u00e7a\/cor da pele, ocorridos no estado da Bahia.<\/span><\/li>\n<li><span style=\"font-weight: 400;\">O impacto da impunidade do feminic\u00eddio na Bahia, segundo ra\u00e7a\/cor da pele<\/span><\/li>\n<\/ul>\n<\/li>\n<li><span style=\"font-weight: 400;\">Doen\u00e7as sexualmente transmiss\u00edveis na Bahia: Uma modelagem estat\u00edstica e\u00a0<\/span><span style=\"font-weight: 400;\">computacional com os casos notificados de S\u00edfilis e AIDS.<\/span><\/li>\n<li><span style=\"font-weight: 400;\">Tuberculose atr\u00e1s das grades (parceria com o NUPISC e EEUFBA).<\/span><\/li>\n<li><span style=\"font-weight: 400;\">Transnational Exchange to Develop Intersectional Approaches to Reduce Health Inequity<\/span><\/li>\n<li><span style=\"font-weight: 400;\">Fatores maternos de risco para o baixo peso ao nascer, prematuridade e retardo do crescimento intra-uterino, no Rec\u00f4ncavo da Bahia.<\/span><\/li>\n<li><span style=\"font-weight: 400;\">Tabagismo Materno em gestantes do rec\u00f4ncavo da Bahia: Preval\u00eancia e Fatores Associados<\/span><\/li>\n<li><span style=\"font-weight: 400;\">A doen\u00e7a cr\u00f4nica e as implica\u00e7\u00f5es na pr\u00e1tica docente: professores e familiares em movimento de forma\u00e7\u00e3o<\/span><\/li>\n<\/ul>\n","protected":false},"excerpt":{"rendered":"<p>Avalia\u00e7\u00e3o da Aten\u00e7\u00e3o \u00e0 Sa\u00fade da Popula\u00e7\u00e3o Negra e a Intersec\u00e7\u00e3o do Racismo sobre as Pr\u00e1ticas de Cuidado em Estados do Nordeste e do Sudeste Brasileiro Avalia\u00e7\u00e3o da Pol\u00edtica Nacional [&hellip;]<\/p>\n","protected":false},"author":1,"featured_media":0,"parent":0,"menu_order":0,"comment_status":"closed","ping_status":"closed","template":"","meta":{"footnotes":""},"class_list":["post-53","page","type-page","status-publish","hentry"],"_links":{"self":[{"href":"https:\/\/ppgsc2.uefs.br\/nudes\/wp-json\/wp\/v2\/pages\/53","targetHints":{"allow":["GET"]}}],"collection":[{"href":"https:\/\/ppgsc2.uefs.br\/nudes\/wp-json\/wp\/v2\/pages"}],"about":[{"href":"https:\/\/ppgsc2.uefs.br\/nudes\/wp-json\/wp\/v2\/types\/page"}],"author":[{"embeddable":true,"href":"https:\/\/ppgsc2.uefs.br\/nudes\/wp-json\/wp\/v2\/users\/1"}],"replies":[{"embeddable":true,"href":"https:\/\/ppgsc2.uefs.br\/nudes\/wp-json\/wp\/v2\/comments?post=53"}],"version-history":[{"count":7,"href":"https:\/\/ppgsc2.uefs.br\/nudes\/wp-json\/wp\/v2\/pages\/53\/revisions"}],"predecessor-version":[{"id":164,"href":"https:\/\/ppgsc2.uefs.br\/nudes\/wp-json\/wp\/v2\/pages\/53\/revisions\/164"}],"wp:attachment":[{"href":"https:\/\/ppgsc2.uefs.br\/nudes\/wp-json\/wp\/v2\/media?parent=53"}],"curies":[{"name":"wp","href":"https:\/\/api.w.org\/{rel}","templated":true}]}}