{"id":66,"date":"2016-04-10T19:25:06","date_gmt":"2016-04-10T22:25:06","guid":{"rendered":"https:\/\/ppgsc2.uefs.br\/nucao\/?page_id=66"},"modified":"2024-06-07T14:06:27","modified_gmt":"2024-06-07T17:06:27","slug":"contato","status":"publish","type":"page","link":"https:\/\/ppgsc2.uefs.br\/nucao\/contato\/","title":{"rendered":"Contato"},"content":{"rendered":"<p><strong>Endere\u00e7o:<br \/>\n<\/strong> Avenida Transnordestina, s\/n &#8211; Novo Horizonte \u2013 Pr\u00e9dio da P\u00f3s Gradua\u00e7\u00e3o em Sa\u00fade Coletiva.<\/p>\n<p><strong>Telefone Fixo:<\/strong><br \/>\n(75) 3161-8248<\/p>\n<p><strong>E-mail:<\/strong><br \/>\nnucaouefs@gmail.com<\/p>\n<p>Redes sociais:<br \/>\nInstagram: <a href=\"https:\/\/www.instagram.com\/extensao_nucao\/\">@extensao_nucao<\/a><br \/>\nYoutube: <a href=\"https:\/\/www.youtube.com\/channel\/UCI-gw75EGxTAyDa2EO2TQrg\">NUCAO UEFS<\/a><br \/>\nSpotify: <a href=\"https:\/\/open.spotify.com\/show\/4i7hPU100s3IFZiNKYT0vj\">https:\/\/open.spotify.com\/show\/4i7hPU100s3IFZiNKYT0vj <\/a><\/p>\n","protected":false},"excerpt":{"rendered":"<p>Endere\u00e7o: Avenida Transnordestina, s\/n &#8211; Novo Horizonte \u2013 Pr\u00e9dio da P\u00f3s Gradua\u00e7\u00e3o em Sa\u00fade Coletiva. Telefone Fixo: (75) 3161-8248 E-mail: nucaouefs@gmail.com Redes sociais: Instagram: @extensao_nucao Youtube: NUCAO UEFS Spotify: https:\/\/open.spotify.com\/show\/4i7hPU100s3IFZiNKYT0vj<\/p>\n","protected":false},"author":1,"featured_media":0,"parent":0,"menu_order":0,"comment_status":"closed","ping_status":"closed","template":"","meta":{"footnotes":""},"class_list":["post-66","page","type-page","status-publish","hentry"],"_links":{"self":[{"href":"https:\/\/ppgsc2.uefs.br\/nucao\/wp-json\/wp\/v2\/pages\/66","targetHints":{"allow":["GET"]}}],"collection":[{"href":"https:\/\/ppgsc2.uefs.br\/nucao\/wp-json\/wp\/v2\/pages"}],"about":[{"href":"https:\/\/ppgsc2.uefs.br\/nucao\/wp-json\/wp\/v2\/types\/page"}],"author":[{"embeddable":true,"href":"https:\/\/ppgsc2.uefs.br\/nucao\/wp-json\/wp\/v2\/users\/1"}],"replies":[{"embeddable":true,"href":"https:\/\/ppgsc2.uefs.br\/nucao\/wp-json\/wp\/v2\/comments?post=66"}],"version-history":[{"count":4,"href":"https:\/\/ppgsc2.uefs.br\/nucao\/wp-json\/wp\/v2\/pages\/66\/revisions"}],"predecessor-version":[{"id":117,"href":"https:\/\/ppgsc2.uefs.br\/nucao\/wp-json\/wp\/v2\/pages\/66\/revisions\/117"}],"wp:attachment":[{"href":"https:\/\/ppgsc2.uefs.br\/nucao\/wp-json\/wp\/v2\/media?parent=66"}],"curies":[{"name":"wp","href":"https:\/\/api.w.org\/{rel}","templated":true}]}}