{"id":53,"date":"2016-04-10T17:54:28","date_gmt":"2016-04-10T20:54:28","guid":{"rendered":"https:\/\/ppgsc2.uefs.br\/nucao\/?page_id=53"},"modified":"2024-06-07T14:06:27","modified_gmt":"2024-06-07T17:06:27","slug":"projetos","status":"publish","type":"page","link":"https:\/\/ppgsc2.uefs.br\/nucao\/projetos\/","title":{"rendered":"Projetos"},"content":{"rendered":"<h4><strong>Pesquisa<\/strong><\/h4>\n<p>Associa\u00e7\u00e3o entre l\u00edquen plano bucal e estresse, ansiedade e depress\u00e3o<\/p>\n<p><strong>Coordenadora:<\/strong> Val\u00e9ria Souza Freitas<br \/>\n<strong>Financiamento:<\/strong> CNPq<\/p>\n<p>&nbsp;<\/p>\n<p>Biomarcadores e testes psicom\u00e9tricos para avalia\u00e7\u00e3o da associa\u00e7\u00e3o entre l\u00edquen plano bucal e estados psicol\u00f3gicos<br \/>\n<strong>Coordenadora:<\/strong> Val\u00e9ria Souza Freitas<br \/>\n<strong>Financiamento:<\/strong> FAPESB<\/p>\n<p>&nbsp;<\/p>\n<p>Tecnologias para pesquisa em diagn\u00f3stico de les\u00f5es bucais em grupos populacionais espec\u00edficos<br \/>\n<strong>Coordenadora:<\/strong> Val\u00e9ria Souza Freitas<br \/>\n<strong>Financiamento:<\/strong> CAPES<\/p>\n<p>&nbsp;<\/p>\n<p>Adapta\u00e7\u00e3o transcultural e valida\u00e7\u00e3o de construto do question\u00e1rio de qualidade de vida para indiv\u00edduos com desordens orais potencialmente malignas para o contexto brasileiro<br \/>\n<strong>Coordenador:<\/strong> Marcio Campos Oliveira<\/p>\n<p>&nbsp;<\/p>\n<p>Avalia\u00e7\u00e3o de qualidade de vida, qualidade de voz e n\u00edveis de estresse em pacientes com c\u00e2ncer de cabe\u00e7a e pesco\u00e7o antes e ap\u00f3s tratamento oncol\u00f3gico<br \/>\n<strong>Coordenador:<\/strong> Marcio Campos Oliveira<\/p>\n<p>&nbsp;<\/p>\n<p>Estudo clinico-patol\u00f3gico das les\u00f5es orais identificadas em unidades de refer\u00eancia das universidades p\u00fablicas baianas<br \/>\n<strong>Coordenador:<\/strong> Marcio Campos Oliveira<\/p>\n<p>&nbsp;<\/p>\n<p>Levantamento das condi\u00e7\u00f5es de sa\u00fade bucal e organiza\u00e7\u00e3o do trabalho das equipes de sa\u00fade bucal no territ\u00f3rio do sisal<br \/>\n<strong>Coordenador:<\/strong> Marcio Campos Oliveira<\/p>\n<p>&nbsp;<\/p>\n<p>Par\u00e2metros nutricionais como marcadores progn\u00f3sticos p\u00f3s-operat\u00f3rios no c\u00e2ncer de cabe\u00e7a e pesco\u00e7o<br \/>\n<strong>Coordenador:<\/strong> Marcio Campos Oliveira<\/p>\n<p>&nbsp;<\/p>\n<p>Levantamento das bi\u00f3psias da regi\u00e3o buco-maxilo-facial encaminhadas ao Centro de Refer\u00eancia de Les\u00f5es Bucais (CRLB) da UEFS<br \/>\n<strong>Coordenadora:<\/strong> Tarsila de Carvalho Freitas Ramos<\/p>\n<p>&nbsp;<\/p>\n<p>Determina\u00e7\u00e3o da dose de exposi\u00e7\u00e3o a fluoreto em crian\u00e7as na faixa et\u00e1ria cr\u00edtica para o desenvolvimento de fluorose dental, residentes em uma regi\u00e3o de clima semi-\u00e1rido<br \/>\n<strong>Coordenadora:<\/strong> Ynara Bosco de Oliveira Lima-Arsati<br \/>\n<strong>Financiamento:<\/strong> FAPESB<\/p>\n<p>&nbsp;<\/p>\n<p>Ingest\u00e3o de fluoreto e risco de fluorose dent\u00e1ria<br \/>\n<strong>Coordenadora:\u00a0<\/strong>Ynara Bosco de Oliveira Lima-Arsati<\/p>\n<p>&nbsp;<\/p>\n<p>Manifesta\u00e7\u00f5es orais da radioterapia em cabe\u00e7a e pesco\u00e7o<br \/>\n<strong>Coordenadora:<\/strong> \u00c2ngela Guimar\u00e3es Martins<\/p>\n<p>&nbsp;<\/p>\n<p>Rela\u00e7\u00e3o entre aspectos cl\u00ednicos e psicol\u00f3gicos com a capacidade induzida pela dor cr\u00f4nica em pacientes com disfun\u00e7\u00e3o temporomandibular<br \/>\n<strong>Coordenadora:\u00a0<\/strong>Ynara Bosco de Oliveira Lima-Arsati<\/p>\n<p>&nbsp;<\/p>\n<p>Avalia\u00e7\u00e3o da preval\u00eancia e caracter\u00edsticas da disfun\u00e7\u00e3o temporomandibular em pacientes idosos<br \/>\n<strong>Coordenadora:\u00a0<\/strong>Ynara Bosco de Oliveira Lima-Arsati<\/p>\n<h4><\/h4>\n<p>&nbsp;<\/p>\n<h4>\n<strong>Extens\u00e3o<\/strong><\/h4>\n<p>A\u00e7\u00f5es Estrat\u00e9gicas para a Preven\u00e7\u00e3o do C\u00e2ncer de Boca<br \/>\n<strong>Coordenadora:\u00a0<\/strong>Val\u00e9ria Souza Freitas<br \/>\n<strong>Financiamento:\u00a0<\/strong>MEC<\/p>\n<p>&nbsp;<\/p>\n<p>Programa de Preven\u00e7\u00e3o e Controle do C\u00e2ncer de Boca no Munic\u00edpio de Feira de Santana<br \/>\n<strong>Coordenadora:\u00a0<\/strong>Val\u00e9ria Souza Freitas<br \/>\n<strong>Financiamento:\u00a0<\/strong>UEFS<\/p>\n<p>&nbsp;<\/p>\n<p>Observat\u00f3rio de Sa\u00fade Bucal Coletiva: um olhar sobre o Territ\u00f3rio do Sisal na Bahia<br \/>\n<strong>Coordenador:\u00a0<\/strong>M\u00e1rcio Campos Oliveira<br \/>\n<strong>Financiamento:\u00a0<\/strong>MEC<\/p>\n","protected":false},"excerpt":{"rendered":"<p>Pesquisa Associa\u00e7\u00e3o entre l\u00edquen plano bucal e estresse, ansiedade e depress\u00e3o Coordenadora: Val\u00e9ria Souza Freitas Financiamento: CNPq &nbsp; Biomarcadores e testes psicom\u00e9tricos para avalia\u00e7\u00e3o da associa\u00e7\u00e3o entre l\u00edquen plano bucal [&hellip;]<\/p>\n","protected":false},"author":1,"featured_media":0,"parent":0,"menu_order":0,"comment_status":"closed","ping_status":"closed","template":"","meta":{"footnotes":""},"class_list":["post-53","page","type-page","status-publish","hentry"],"_links":{"self":[{"href":"https:\/\/ppgsc2.uefs.br\/nucao\/wp-json\/wp\/v2\/pages\/53","targetHints":{"allow":["GET"]}}],"collection":[{"href":"https:\/\/ppgsc2.uefs.br\/nucao\/wp-json\/wp\/v2\/pages"}],"about":[{"href":"https:\/\/ppgsc2.uefs.br\/nucao\/wp-json\/wp\/v2\/types\/page"}],"author":[{"embeddable":true,"href":"https:\/\/ppgsc2.uefs.br\/nucao\/wp-json\/wp\/v2\/users\/1"}],"replies":[{"embeddable":true,"href":"https:\/\/ppgsc2.uefs.br\/nucao\/wp-json\/wp\/v2\/comments?post=53"}],"version-history":[{"count":4,"href":"https:\/\/ppgsc2.uefs.br\/nucao\/wp-json\/wp\/v2\/pages\/53\/revisions"}],"predecessor-version":[{"id":122,"href":"https:\/\/ppgsc2.uefs.br\/nucao\/wp-json\/wp\/v2\/pages\/53\/revisions\/122"}],"wp:attachment":[{"href":"https:\/\/ppgsc2.uefs.br\/nucao\/wp-json\/wp\/v2\/media?parent=53"}],"curies":[{"name":"wp","href":"https:\/\/api.w.org\/{rel}","templated":true}]}}