{"id":49,"date":"2016-04-10T17:51:11","date_gmt":"2016-04-10T20:51:11","guid":{"rendered":"https:\/\/ppgsc2.uefs.br\/nucao\/?page_id=49"},"modified":"2024-06-07T14:06:27","modified_gmt":"2024-06-07T17:06:27","slug":"linhas-de-pesquisa","status":"publish","type":"page","link":"https:\/\/ppgsc2.uefs.br\/nucao\/linhas-de-pesquisa\/","title":{"rendered":"Linhas de Pesquisa"},"content":{"rendered":"<h4 style=\"text-align: justify;\"><strong>Epidemiologia das doen\u00e7as bucais<\/strong><\/h4>\n<p style=\"text-align: justify;\">Objetivo: estudar os aspectos epidemiol\u00f3gicos dos problemas de sa\u00fade p\u00fablica na Odontologia, com especial aten\u00e7\u00e3o para o c\u00e2ncer oral e fissuras orofaciais.<\/p>\n<h4 style=\"text-align: justify;\"><\/h4>\n<h4 style=\"text-align: justify;\"><strong>Biomarcadores de doen\u00e7as humanas<\/strong><\/h4>\n<p style=\"text-align: justify;\">Objetivo: estudar os biomarcadores em flu\u00eddos biol\u00f3gicos e tecidos, buscando estabelecer uma rela\u00e7\u00e3o entre a exposi\u00e7\u00e3o a agentes e os seus efeitos na sa\u00fade humana.<\/p>\n<h4 style=\"text-align: justify;\"><\/h4>\n<h4 style=\"text-align: justify;\"><strong>Les\u00f5es Bucais<\/strong><\/h4>\n<p style=\"text-align: justify;\">Objetivo: estudar os aspectos cl\u00ednicos, histopatol\u00f3gicos e moleculares de altera\u00e7\u00f5es do complexo buco-maxilo-facial e estruturas anexas, visando ao diagn\u00f3stico final e o progn\u00f3stico dessas altera\u00e7\u00f5es, por meio de recursos t\u00e9cnicos, laboratoriais e t\u00e9cnicas avan\u00e7adas de pesquisa.<\/p>\n<h4 style=\"text-align: justify;\"><\/h4>\n<h4 style=\"text-align: justify;\"><strong>Odontologia em Sa\u00fade Coletiva<\/strong><\/h4>\n<p style=\"text-align: justify;\">Objetivo: estudar os principais problemas de sa\u00fade p\u00fablica na Odontologia com especial aten\u00e7\u00e3o a promo\u00e7\u00e3o de sa\u00fade e a redu\u00e7\u00e3o de fatores de risco.<\/p>\n","protected":false},"excerpt":{"rendered":"<p>Epidemiologia das doen\u00e7as bucais Objetivo: estudar os aspectos epidemiol\u00f3gicos dos problemas de sa\u00fade p\u00fablica na Odontologia, com especial aten\u00e7\u00e3o para o c\u00e2ncer oral e fissuras orofaciais. Biomarcadores de doen\u00e7as humanas [&hellip;]<\/p>\n","protected":false},"author":1,"featured_media":0,"parent":0,"menu_order":0,"comment_status":"closed","ping_status":"closed","template":"","meta":{"footnotes":""},"class_list":["post-49","page","type-page","status-publish","hentry"],"_links":{"self":[{"href":"https:\/\/ppgsc2.uefs.br\/nucao\/wp-json\/wp\/v2\/pages\/49","targetHints":{"allow":["GET"]}}],"collection":[{"href":"https:\/\/ppgsc2.uefs.br\/nucao\/wp-json\/wp\/v2\/pages"}],"about":[{"href":"https:\/\/ppgsc2.uefs.br\/nucao\/wp-json\/wp\/v2\/types\/page"}],"author":[{"embeddable":true,"href":"https:\/\/ppgsc2.uefs.br\/nucao\/wp-json\/wp\/v2\/users\/1"}],"replies":[{"embeddable":true,"href":"https:\/\/ppgsc2.uefs.br\/nucao\/wp-json\/wp\/v2\/comments?post=49"}],"version-history":[{"count":4,"href":"https:\/\/ppgsc2.uefs.br\/nucao\/wp-json\/wp\/v2\/pages\/49\/revisions"}],"predecessor-version":[{"id":120,"href":"https:\/\/ppgsc2.uefs.br\/nucao\/wp-json\/wp\/v2\/pages\/49\/revisions\/120"}],"wp:attachment":[{"href":"https:\/\/ppgsc2.uefs.br\/nucao\/wp-json\/wp\/v2\/media?parent=49"}],"curies":[{"name":"wp","href":"https:\/\/api.w.org\/{rel}","templated":true}]}}