{"id":45,"date":"2016-04-10T17:47:09","date_gmt":"2016-04-10T20:47:09","guid":{"rendered":"https:\/\/ppgsc2.uefs.br\/nucao\/?page_id=45"},"modified":"2024-06-07T14:06:27","modified_gmt":"2024-06-07T17:06:27","slug":"equipe","status":"publish","type":"page","link":"https:\/\/ppgsc2.uefs.br\/nucao\/equipe\/","title":{"rendered":"Equipe"},"content":{"rendered":"<h4>Coordena\u00e7\u00e3o<\/h4>\n<p>Profa. Dra. Val\u00e9ria Souza Freitas<\/p>\n<h4><\/h4>\n<h4>Pesquisadores<\/h4>\n<ul>\n<li>Aguida Cristina Gomes Henriques (UFBA &#8211;\u00a0<a href=\"http:\/\/lattes.cnpq.br\/2563401100488039\">lattes<\/a>)<\/li>\n<li>\u00c2ngela Guimar\u00e3es Martins (UEFS &#8211;\u00a0<a href=\"http:\/\/lattes.cnpq.br\/2947441123358122\">lattes<\/a>)<\/li>\n<li>Franco Arsati\u00a0 (UEFS &#8211;\u00a0<a href=\"http:\/\/lattes.cnpq.br\/1306985788384246\">lattes<\/a>)<\/li>\n<li>Jamille Rios Moura (UEFS &#8211;\u00a0<a href=\"http:\/\/lattes.cnpq.br\/1464355080246680\">lattes<\/a>)<\/li>\n<li>Jean Nunes dos Santos\u00a0 (UFBA &#8211;\u00a0<a href=\"http:\/\/lattes.cnpq.br\/0926138204356872\">lattes<\/a>)<\/li>\n<li>Jener Gon\u00e7alves de Farias\u00a0 (UEFS &#8211;\u00a0<a href=\"http:\/\/lattes.cnpq.br\/7334617417121919\">lattes<\/a>)<\/li>\n<li>Joana Dourado Martins Cerqueira\u00a0 (UEFS &#8211;\u00a0<a href=\"http:\/\/lattes.cnpq.br\/3476335701506866\">lattes<\/a>)<\/li>\n<li>Maria Em\u00edlia Santos Pereira Ramos (UEFS &#8211;\u00a0<a href=\"http:\/\/lattes.cnpq.br\/5344420496544189\">lattes<\/a><\/li>\n<li>Michelle Miranda Lopes Falc\u00e3o (UEFS &#8211;\u00a0<a href=\"http:\/\/lattes.cnpq.br\/0721289519026817\">lattes<\/a>)<\/li>\n<li>M\u00e1rcio Campos Oliveira\u00a0 (UEFS &#8211;\u00a0<a href=\"http:\/\/lattes.cnpq.br\/5703051980918880\">lattes<\/a>)<\/li>\n<li>Nilton Cesar Nogueira dos Santos\u00a0 (UESB &#8211;\u00a0<a href=\"http:\/\/lattes.cnpq.br\/2569598367759188\">lattes<\/a>)<\/li>\n<li>Tarsila de Carvalho Freitas Ramos\u00a0 (UEFS <a href=\"http:\/\/lattes.cnpq.br\/8669217844025257\">lattes<\/a>)<\/li>\n<li>Val\u00e9ria Souza Freitas\u00a0 (UEFS &#8211;\u00a0<a href=\"http:\/\/lattes.cnpq.br\/5189824871610431\">lattes<\/a>)<\/li>\n<li>Ynara Bosco de Oliveira Lima Arsati\u00a0 (UEFS\u00a0&#8211;\u00a0<a href=\"http:\/\/lattes.cnpq.br\/5423644639146092\">lattes<\/a>)<\/li>\n<\/ul>\n<h4><\/h4>\n<h4>Pesquisador\/Colaborador<\/h4>\n<p>Marc Bigras.<br \/>\n<strong>Institui\u00e7\u00e3o:<\/strong> Universit\u00e9 du Qu\u00e9bec \u00e0 Montr\u00e9al<br \/>\n<strong>Pa\u00eds:<\/strong> Canad\u00e1<\/p>\n<h4><\/h4>\n<h4>Doutorandos<\/h4>\n<p>Adriana Mendon\u00e7a da Silva<br \/>\n<strong>Orientadora:<\/strong> Val\u00e9ria Souza Freitas<\/p>\n<p>Alessandra La\u00eds Pinho Valente Pires<br \/>\n<strong>Orientadora:<\/strong>Val\u00e9ria Souza Freitas<\/p>\n<p>Aminne Oliveira da Silva Bastos<br \/>\n<strong>Orientador:<\/strong> Marcio Campos Oliveira<\/p>\n<p>Cristiane Brandao Santos Almeida<br \/>\n<strong>Orientadora:\u00a0<\/strong>Ynara Bosco de Oliveira Lima Arsati<\/p>\n<p>Mar\u00edlia de Matos Amorim<br \/>\n<strong>Orientadora:<\/strong>\u00a0Val\u00e9ria Souza Freitas<\/p>\n<p>Lidiane de Jesus Lisboa<br \/>\n<strong>Orientadora:<\/strong>\u00a0Val\u00e9ria Souza Freitas<\/p>\n<p>Igor Ferreira Borba de Almeida<br \/>\n<strong>Orientador:<\/strong> Marcio Campos Oliveira<\/p>\n<h4><\/h4>\n<h4>Mestrandos<\/h4>\n<p>Ana Carla Barbosa de Oliveira<br \/>\n<strong>Orientadora:<\/strong> Val\u00e9ria Souza Freitas<br \/>\nCintia Regina Andrade Sousa<br \/>\n<strong>Orientadora:<\/strong>\u00a0Ynara Bosco de Oliveira Lima Arsati<\/p>\n<p>Janine Santos Gouveia<br \/>\n<strong>Orientador:<\/strong> Marcio Campos Oliveira<\/p>\n<p>Leila Ticiane Barbosa de Lima Dantas<br \/>\n<strong>Orientadora:<\/strong>\u00a0Ynara Bosco de Oliveira Lima Arsati<\/p>\n<p>Livia Fernandes Cardozo Rodrigues<br \/>\n<strong>Orientadora:<\/strong> Ynara Bosco de Oliveira Lima Arsati<\/p>\n<p>&nbsp;<\/p>\n<h4>Bolsistas de Gradua\u00e7\u00e3o<\/h4>\n<p><strong>Programa de Bolsas de Inicia\u00e7\u00e3o Cient\u00edfica (IC) e Tecnol\u00f3gica (IT)<\/strong><\/p>\n<p>Adrielle Alves Borges<br \/>\n<strong>Orientador:\u00a0<\/strong>M\u00e1rcio Campos Oliveira<\/p>\n<p>Almira Oliveira Pereira<br \/>\n<strong>Orientador:\u00a0<\/strong>M\u00e1rcio Campos Oliveira<\/p>\n<p>Jos\u00e9 In\u00e1cio Neto Maria<br \/>\n<strong>Orientadora:\u00a0<\/strong>Em\u00edlia Santos Pereira Ramos<\/p>\n<p>Priscila Dutra Silva Maria<br \/>\n<strong>Orientadora:\u00a0<\/strong>Em\u00edlia Santos Pereira Ramos<\/p>\n<p>Vict\u00f3ria Carneiro Bastos de Oliveira<br \/>\n<strong>Orientadora:\u00a0<\/strong>Val\u00e9ria Souza Freitas<\/p>\n<p>&nbsp;<\/p>\n<p><strong>Programa Institucional de Bolsa Extens\u00e3o da UEFS<\/strong><\/p>\n<p>Irving Manoella de Carvalho C. Sampaio<br \/>\n<strong>Orientadora:\u00a0<\/strong>Val\u00e9ria Souza Freitas<\/p>\n<p>Cadu Ritchelle Santana Silva de Oliveira<br \/>\n<strong>Orientadora:\u00a0<\/strong>Val\u00e9ria Souza Freitas<\/p>\n<p>Marina Souza de Oliveira Lins<br \/>\n<strong>Orientador:\u00a0<\/strong>M\u00e1rcio Campos Oliveira<\/p>\n<p>Natan dos A. Nery de Oliveira<br \/>\n<strong>Orientador:\u00a0<\/strong>M\u00e1rcio Campos Oliveira<\/p>\n<p>Vanessa Moreira Maria<br \/>\n<strong>Orientadora:\u00a0<\/strong>Em\u00edlia Santos Pereira Ramos<\/p>\n<p>Sheezara Alencar Maria<br \/>\n<strong>Orientadora:\u00a0<\/strong>Em\u00edlia Santos Pereira Ramos<\/p>\n<p>J\u00e9ssica dos Santos Nunes<br \/>\n<strong>Orientadora:\u00a0<\/strong>\u00c2ngela Guimar\u00e3es Martins<\/p>\n<p>Ruthe Carneiro Santiago<br \/>\n<strong>Orientadora:\u00a0<\/strong>\u00c2ngela Guimar\u00e3es Martins<\/p>\n<p>Serena de Oliveira Guimar\u00e3es<br \/>\n<strong>Orientadora:\u00a0<\/strong>Michelle Miranda Lopes Falc\u00e3o<\/p>\n<p>Jaqueline de Souza da Cruz Coelho<br \/>\n<strong>Orientadora:\u00a0<\/strong>Michelle Miranda Lopes Falc\u00e3o<\/p>\n","protected":false},"excerpt":{"rendered":"<p>Coordena\u00e7\u00e3o Profa. Dra. Val\u00e9ria Souza Freitas Pesquisadores Aguida Cristina Gomes Henriques (UFBA &#8211;\u00a0lattes) \u00c2ngela Guimar\u00e3es Martins (UEFS &#8211;\u00a0lattes) Franco Arsati\u00a0 (UEFS &#8211;\u00a0lattes) Jamille Rios Moura (UEFS &#8211;\u00a0lattes) Jean Nunes dos [&hellip;]<\/p>\n","protected":false},"author":1,"featured_media":0,"parent":0,"menu_order":0,"comment_status":"closed","ping_status":"closed","template":"","meta":{"footnotes":""},"class_list":["post-45","page","type-page","status-publish","hentry"],"_links":{"self":[{"href":"https:\/\/ppgsc2.uefs.br\/nucao\/wp-json\/wp\/v2\/pages\/45","targetHints":{"allow":["GET"]}}],"collection":[{"href":"https:\/\/ppgsc2.uefs.br\/nucao\/wp-json\/wp\/v2\/pages"}],"about":[{"href":"https:\/\/ppgsc2.uefs.br\/nucao\/wp-json\/wp\/v2\/types\/page"}],"author":[{"embeddable":true,"href":"https:\/\/ppgsc2.uefs.br\/nucao\/wp-json\/wp\/v2\/users\/1"}],"replies":[{"embeddable":true,"href":"https:\/\/ppgsc2.uefs.br\/nucao\/wp-json\/wp\/v2\/comments?post=45"}],"version-history":[{"count":7,"href":"https:\/\/ppgsc2.uefs.br\/nucao\/wp-json\/wp\/v2\/pages\/45\/revisions"}],"predecessor-version":[{"id":118,"href":"https:\/\/ppgsc2.uefs.br\/nucao\/wp-json\/wp\/v2\/pages\/45\/revisions\/118"}],"wp:attachment":[{"href":"https:\/\/ppgsc2.uefs.br\/nucao\/wp-json\/wp\/v2\/media?parent=45"}],"curies":[{"name":"wp","href":"https:\/\/api.w.org\/{rel}","templated":true}]}}