{"id":42,"date":"2016-04-10T17:44:12","date_gmt":"2016-04-10T20:44:12","guid":{"rendered":"https:\/\/ppgsc2.uefs.br\/nucao\/?page_id=42"},"modified":"2024-06-07T14:06:27","modified_gmt":"2024-06-07T17:06:27","slug":"apresentacao","status":"publish","type":"page","link":"https:\/\/ppgsc2.uefs.br\/nucao\/apresentacao\/","title":{"rendered":"Apresenta\u00e7\u00e3o"},"content":{"rendered":"<p style=\"text-align: justify;\">O N\u00facleo de C\u00e2ncer Oral (NUCAO) \u00e9 um n\u00facleo interinstitucional de Pesquisa, Ensino e Extens\u00e3o, que atua nas linhas de promo\u00e7\u00e3o de sa\u00fade e preven\u00e7\u00e3o do c\u00e2ncer bucal. O NUCAO foi institu\u00eddo atrav\u00e9s da Resolu\u00e7\u00e3o CONSEPE n.\u00ba 55\/95 de 19 de dezembro de 1995. O NUCAO est\u00e1 vinculado ao Programa de P\u00f3s-gradua\u00e7\u00e3o em Sa\u00fade Coletiva (PPGSC) da Universidade Estadual de Feira de Santana (UEFS). Na \u00e1rea de pesquisa, o NUCAO apresenta um grupo de pesquisa cadastrado no Conselho Nacional de Desenvolvimento Cient\u00edfico e Tecnol\u00f3gico (CNPq) intitulado N\u00facleo de C\u00e2ncer Oral. Os projetos pesquisa e de extens\u00e3o do grupo t\u00eam recebido apoio de institui\u00e7\u00f5es de fomento como o CNPq, a Comiss\u00e3o de Aperfei\u00e7oamento de Pessoal do N\u00edvel Superior (CAPES), o Minist\u00e9rio da Educa\u00e7\u00e3o (MEC) e a Funda\u00e7\u00e3o de Amparo \u00e0 Pesquisa do Estado da Bahia (FAPESB).<\/p>\n<p style=\"text-align: justify;\">Na \u00e1rea de ensino o n\u00facleo atua junto aos componentes curriculares Estudo Integrado XIV (E.I XIV) e Est\u00e1gio em Cl\u00ednica Odontol\u00f3gica Integrada V (ECOI V) do Curso de Odontologia da UEFS, que, nas suas ementas, abordam o problema do c\u00e2ncer bucal. Os acad\u00eamicos deste Curso, ao cursarem estes componentes, participam de atividades de ensino vinculadas as atividades de extens\u00e3o do NUCAO, diagnosticando os casos de desordens potencialmente malignas (DPM) e c\u00e2ncer bucal, bem como prestando atendimento odontol\u00f3gico ao paciente oncol\u00f3gico. Na \u00e1rea de extens\u00e3o, o NUCAO desenvolve atividades associadas aos Programas de Preven\u00e7\u00e3o e Controle do C\u00e2ncer de Boca e A\u00e7\u00f5es Estrat\u00e9gicas para a Preven\u00e7\u00e3o do C\u00e2ncer de Boca, estabelecendo parcerias, por meio de Conv\u00eanios, com institui\u00e7\u00f5es vinculadas ao tratamento dos pacientes com c\u00e2ncer na regi\u00e3o de cabe\u00e7a e pesco\u00e7o como a Unidade de Alta Complexidade em Oncologia (UNACON).<\/p>\n<p style=\"text-align: justify;\">As a\u00e7\u00f5es do referidos programas envolvem educa\u00e7\u00e3o em sa\u00fade da comunidade para a redu\u00e7\u00e3o de fatores de risco para doen\u00e7a; educa\u00e7\u00e3o continuada de profissionais de n\u00edvel m\u00e9dio e superior visando \u00e0 forma\u00e7\u00e3o de agentes multiplicadores para a preven\u00e7\u00e3o e controle da doen\u00e7a; atividades de extens\u00e3o buscando o diagn\u00f3stico precoce de DPM e c\u00e2ncer bucal, envolvendo a busca ativa de casos atrav\u00e9s de atividades de rastreamento ou screening com grupos de risco. O NUCAO apresenta dois laborat\u00f3rios de apoio as atividades de ensino e pesquisa desenvolvidas, o Laborat\u00f3rio de Patologia Bucal (LABPAT), sob a coordena\u00e7\u00e3o do Prof. Dr. Marcio Campos Oliveira e o Laborat\u00f3rio de Biologia Oral (LABOR), sob a coordena\u00e7\u00e3o da Profa. Dra. Ynara Bosco de Oliveira Lima Arsati.<\/p>\n<h4 style=\"text-align: justify;\"><\/h4>\n<h4 style=\"text-align: justify;\">Quais os objetivos do NUCAO?<\/h4>\n<p style=\"text-align: justify;\">Desenvolver atividades integradas de pesquisa, ensino e extens\u00e3o, buscando a preven\u00e7\u00e3o e controle do c\u00e2ncer bucal no Munic\u00edpio de Feira de Santana e microrregi\u00e3o.<\/p>\n<h4 style=\"text-align: justify;\">Onde est\u00e1 localizado?<\/h4>\n<p style=\"text-align: justify;\">O Nucao est\u00e1 localizado no pr\u00e9dio da P\u00f3s gradua\u00e7\u00e3o em Sa\u00fade Coletiva da Universidade Estadual de Feira de Santana.<br \/>\nO atendimento \u00e0 popula\u00e7\u00e3o ocorre no ambulat\u00f3rio da Cl\u00ednica Odontol\u00f3gica nova da UEFS, situado atr\u00e1s do Centro Integrado de Odontologia (CION) M\u00f3dulo VI.<\/p>\n<h4 style=\"text-align: justify;\">Quais os procedimentos realizados?<\/h4>\n<ul style=\"text-align: justify;\">\n<li>Atividades de educa\u00e7\u00e3o em sa\u00fade bucal, em asilos, feiras de sa\u00fade, centros comunit\u00e1rios, igrejas, canteiros de obras etc, especialmente com grupos de risco, visando a preven\u00e7\u00e3o do c\u00e2ncer bucal;<\/li>\n<li>Cursos de extens\u00e3o, oficinas e cursos de capacita\u00e7\u00e3o para profissionais e estudantes da \u00e1rea de sa\u00fade;<\/li>\n<li>Atendimento cl\u00ednico-cir\u00fargico dos indiv\u00edduos portadores de les\u00f5es bucais, identificados nas atividades de extens\u00e3o realizadas nas comunidades ou na rede de aten\u00e7\u00e3o \u00e0 sa\u00fade;<\/li>\n<li>Atendimento cl\u00ednico e diagnostico das les\u00f5es bucais, incluindo bi\u00f3psia e exame histopatol\u00f3gico. Nos casos necess\u00e1rios \u00e9 realizado o encaminhamento para tratamento no Unidade de Alta Complexidade em Oncologia (Unacon) em Feira de Santana, mediante conv\u00eanio firmado com o Nucao;<\/li>\n<li>Atendimento odontol\u00f3gico ao paciente oncol\u00f3gico, realizando o preparo pr\u00e9vio \u00e0 radioterapia ou quimioterapia, de modo a prevenir, minimizar ou tratar as complica\u00e7\u00f5es bucais decorrentes destes tratamentos;<\/li>\n<\/ul>\n<h4 style=\"text-align: justify;\">Qual a import\u00e2ncia do NUCAO para a comunidade externa?<\/h4>\n<p style=\"text-align: justify;\">Por meio de suas a\u00e7\u00f5es o Nucao destaca-se pelo diagn\u00f3stico precoce e controle do c\u00e2ncer bucal de modo a contribuir para a redu\u00e7\u00e3o dos indicadores da doen\u00e7a no munic\u00edpio de Feira de Santana e regi\u00e3o.<\/p>\n<h4 style=\"text-align: justify;\">Os atendimentos s\u00e3o totalmente gratuitos?<\/h4>\n<p style=\"text-align: justify;\">Sim. Todas as atividades desenvolvidas, incluindo o atendimento odontol\u00f3gico e os cursos de forma\u00e7\u00e3o promovidos pelo Nucao s\u00e3o gratuitos.<\/p>\n<h4 style=\"text-align: justify;\">Quais os crit\u00e9rios para ser atendido(a)?<\/h4>\n<p style=\"text-align: justify;\">Para ser atendido o indiv\u00edduo deve:<\/p>\n<ul style=\"text-align: justify;\">\n<li>Ser portador de qualquer les\u00e3o em boca;<\/li>\n<li>Estar em tratamento oncol\u00f3gico ou ter sido submetido a tratamento de tumores em regi\u00e3o de cabe\u00e7a e pesco\u00e7o.<\/li>\n<\/ul>\n<h4 style=\"text-align: justify;\">Quais os dias de atendimento?<\/h4>\n<p style=\"text-align: justify;\">O dia de atendimento para <strong>diagn\u00f3stico<\/strong> de les\u00f5es bucais \u00e9 segunda-feira, das 8h \u00e0s 12 h.<br \/>\nPara tratamento odontol\u00f3gico ao paciente oncol\u00f3gico, quarta-feira, das 8h \u00e0s 12 h, na Cl\u00ednica Odontol\u00f3gica Nova da UEFS (atr\u00e1s do CION).<\/p>\n<h4 style=\"text-align: justify;\">Quando ocorrem as triagens para atendimento?<\/h4>\n<p style=\"text-align: justify;\">N\u00e3o h\u00e1 dia espec\u00edfico para realiza\u00e7\u00e3o de triagem. Os indiv\u00edduos que apresentarem os crit\u00e9rios previamente citados para o atendimento ou perceberem a presen\u00e7a de les\u00f5es em boca que n\u00e3o cicatrizam ou desaparecem em at\u00e9 15 dias devem buscar o atendimento do Nucao.<\/p>\n<h4 style=\"text-align: justify;\"><\/h4>\n<h4 style=\"text-align: justify;\">Endere\u00e7o do Diret\u00f3rio de Grupos de Pesquisa<\/h4>\n<p style=\"text-align: justify;\"><a href=\"http:\/\/dgp.cnpq.br\/dgp\/espelhogrupo\/19334\">http:\/\/dgp.cnpq.br\/dgp\/espelhogrupo\/19334<\/a><\/p>\n","protected":false},"excerpt":{"rendered":"<p>O N\u00facleo de C\u00e2ncer Oral (NUCAO) \u00e9 um n\u00facleo interinstitucional de Pesquisa, Ensino e Extens\u00e3o, que atua nas linhas de promo\u00e7\u00e3o de sa\u00fade e preven\u00e7\u00e3o do c\u00e2ncer bucal. O NUCAO [&hellip;]<\/p>\n","protected":false},"author":1,"featured_media":0,"parent":0,"menu_order":0,"comment_status":"closed","ping_status":"closed","template":"","meta":{"footnotes":""},"class_list":["post-42","page","type-page","status-publish","hentry"],"_links":{"self":[{"href":"https:\/\/ppgsc2.uefs.br\/nucao\/wp-json\/wp\/v2\/pages\/42","targetHints":{"allow":["GET"]}}],"collection":[{"href":"https:\/\/ppgsc2.uefs.br\/nucao\/wp-json\/wp\/v2\/pages"}],"about":[{"href":"https:\/\/ppgsc2.uefs.br\/nucao\/wp-json\/wp\/v2\/types\/page"}],"author":[{"embeddable":true,"href":"https:\/\/ppgsc2.uefs.br\/nucao\/wp-json\/wp\/v2\/users\/1"}],"replies":[{"embeddable":true,"href":"https:\/\/ppgsc2.uefs.br\/nucao\/wp-json\/wp\/v2\/comments?post=42"}],"version-history":[{"count":11,"href":"https:\/\/ppgsc2.uefs.br\/nucao\/wp-json\/wp\/v2\/pages\/42\/revisions"}],"predecessor-version":[{"id":128,"href":"https:\/\/ppgsc2.uefs.br\/nucao\/wp-json\/wp\/v2\/pages\/42\/revisions\/128"}],"wp:attachment":[{"href":"https:\/\/ppgsc2.uefs.br\/nucao\/wp-json\/wp\/v2\/media?parent=42"}],"curies":[{"name":"wp","href":"https:\/\/api.w.org\/{rel}","templated":true}]}}