{"id":49,"date":"2016-04-10T17:51:11","date_gmt":"2016-04-10T20:51:11","guid":{"rendered":"https:\/\/ppgsc2.uefs.br\/nnepa\/?page_id=49"},"modified":"2025-09-09T16:58:24","modified_gmt":"2025-09-09T19:58:24","slug":"linhas-de-pesquisa","status":"publish","type":"page","link":"https:\/\/ppgsc2.uefs.br\/nnepa\/linhas-de-pesquisa\/","title":{"rendered":"Linhas de Pesquisa"},"content":{"rendered":"\n<p>Sa\u00fade e Qualidade de Vida na Inf\u00e2ncia, Adolesc\u00eancia e Juventude<\/p>\n\n\n\n<p><strong>Objetivo:<\/strong>&nbsp;Implementar projetos direcionados \u00e0s principais tem\u00e1ticas de sa\u00fade e estilo de vida de crian\u00e7as e adolescentes, com vistas a fomentar a forma\u00e7\u00e3o de novos pesquisadores, divulgar o conhecimento cientifico e subsidiar pol\u00edticas p\u00fablicas nessa \u00e1rea do conhecimento.<\/p>\n\n\n\n<p><\/p>\n\n\n\n<p>Sa\u00fade Sexual e Reprodutiva na Adolesc\u00eancia e Juventude<\/p>\n\n\n\n<p><strong>Objetivo:<\/strong>&nbsp;Desenvolver projetos de pesquisa voltados aos principais problemas sociais, ambientais e de sa\u00fade que atingem a popula\u00e7\u00e3o de crian\u00e7as, adolescentes e jovens, articulando com outras Universidades e Inst\u00e2ncias da Rede de prote\u00e7\u00e3o, garantia de direitos, pol\u00edticas setoriais de sa\u00fade, educa\u00e7\u00e3o e assist\u00eancia social, em n\u00edvel regional, nacional e internacional.<\/p>\n\n\n\n<p><\/p>\n\n\n\n<p>Vulnerabilidades na Inf\u00e2ncia, Adolesc\u00eancia e Juventude: uso de drogas, situa\u00e7\u00e3o de vitimiza\u00e7\u00e3o e viol\u00eancia, doen\u00e7as sexualmente transmiss\u00edveis\/ DST\/ HIV\/ AIDS<\/p>\n\n\n\n<p><strong>Objetivo:<\/strong>\u00a0Desenvolver projetos voltados \u00e0 sa\u00fade sexual e reprodutiva, maternidade, paternidade na adolesc\u00eancia e juventude, em parceria com outras Institui\u00e7\u00f5es de Pesquisa, com vistas \u00e0 ampliar o conhecimento nesta \u00e1rea, formar novos pesquisadores e contribuir com pol\u00edticas e a\u00e7\u00f5es.<\/p>\n\n\n\n<p><\/p>\n","protected":false},"excerpt":{"rendered":"<p>Sa\u00fade e Qualidade de Vida na Inf\u00e2ncia, Adolesc\u00eancia e Juventude Objetivo:&nbsp;Implementar projetos direcionados \u00e0s principais tem\u00e1ticas de sa\u00fade e estilo de vida de crian\u00e7as e adolescentes, com vistas a fomentar [&hellip;]<\/p>\n","protected":false},"author":1,"featured_media":0,"parent":0,"menu_order":0,"comment_status":"closed","ping_status":"closed","template":"","meta":{"footnotes":""},"class_list":["post-49","page","type-page","status-publish","hentry"],"_links":{"self":[{"href":"https:\/\/ppgsc2.uefs.br\/nnepa\/wp-json\/wp\/v2\/pages\/49","targetHints":{"allow":["GET"]}}],"collection":[{"href":"https:\/\/ppgsc2.uefs.br\/nnepa\/wp-json\/wp\/v2\/pages"}],"about":[{"href":"https:\/\/ppgsc2.uefs.br\/nnepa\/wp-json\/wp\/v2\/types\/page"}],"author":[{"embeddable":true,"href":"https:\/\/ppgsc2.uefs.br\/nnepa\/wp-json\/wp\/v2\/users\/1"}],"replies":[{"embeddable":true,"href":"https:\/\/ppgsc2.uefs.br\/nnepa\/wp-json\/wp\/v2\/comments?post=49"}],"version-history":[{"count":4,"href":"https:\/\/ppgsc2.uefs.br\/nnepa\/wp-json\/wp\/v2\/pages\/49\/revisions"}],"predecessor-version":[{"id":358,"href":"https:\/\/ppgsc2.uefs.br\/nnepa\/wp-json\/wp\/v2\/pages\/49\/revisions\/358"}],"wp:attachment":[{"href":"https:\/\/ppgsc2.uefs.br\/nnepa\/wp-json\/wp\/v2\/media?parent=49"}],"curies":[{"name":"wp","href":"https:\/\/api.w.org\/{rel}","templated":true}]}}