{"id":45,"date":"2016-04-10T17:47:09","date_gmt":"2016-04-10T20:47:09","guid":{"rendered":"https:\/\/ppgsc2.uefs.br\/nnepa\/?page_id=45"},"modified":"2025-09-09T17:04:58","modified_gmt":"2025-09-09T20:04:58","slug":"equipe","status":"publish","type":"page","link":"https:\/\/ppgsc2.uefs.br\/nnepa\/equipe\/","title":{"rendered":"Equipe"},"content":{"rendered":"<h3><strong><span style=\"color: #ff6600;\">Coordenadora<\/span><\/strong><\/h3>\n<p><span style=\"color: #000000;\"><strong>Prof\u00aa. Dr\u00aa. Maria Concei\u00e7\u00e3o Oliveira Costa<\/strong><\/span><br \/>\n<span style=\"color: #808080;\">Prof\u00aa. Titular Pleno\u2013 Dept\u00ba. de Sa\u00fade &#8211; UEFS \u2013 P\u00f3s-doutorado na Universit\u00e9 du Qu\u00e9bec \u00e0 Montr\u00e9al\/UQAM<\/span><\/p>\n<h4><span style=\"color: #ff6600;\"><strong>Professores Pesquisadores<\/strong><\/span><\/h4>\n<ul>\n<li>Davi F\u00e9lix Martins J\u00fanior<\/li>\n<li>Jamilly de Oliveira Musse<\/li>\n<li>Jeidson Ant\u00f4nio Morais Marques<\/li>\n<li>Katia Santana Freitas<\/li>\n<li>Magali Teres\u00f3polis Reis Amaral<\/li>\n<li>Cleuma Suto (UNEB)<\/li>\n<li>Martine H\u00e9bert (UQAM\/ CA)<\/li>\n<li>Silvana Granado Nogueira da Gama (ENSP\/FIOCRUZ)<\/li>\n<li>Andr\u00e9 Henrique Almeida do Vale<\/li>\n<li>Lorena Galv\u00e3o<\/li>\n<li>Camilla da Cruz Martins<\/li>\n<li>Marcos Ant\u00f4nio Oliveira Santana<\/li>\n<li>Luciano Marques dos Santos<\/li>\n<\/ul>\n<h4><span style=\"color: #ff6600;\"><strong>Mestrandos &#8211; Sa\u00fade Coletiva &#8211; PPGSC\/UEFS<\/strong><\/span><\/h4>\n<ul>\n<li><\/li>\n<\/ul>\n<h4><span style=\"color: #ff6600;\"><strong>Doutorandos &#8211; Sa\u00fade Coletiva &#8211; PPGSC\/ UEFS<\/strong><\/span><\/h4>\n<ul>\n<li>Wanessa Oliveira Ros\u00e1rio<\/li>\n<li>Claudiana Bonfim<\/li>\n<\/ul>\n<h4><span style=\"color: #ff6600;\"><strong>Equipe de Inicia\u00e7\u00e3o Cient\u00edfica<\/strong><\/span><\/h4>\n<ul>\n<li>Sarah Nere Pereira de Oliveira<\/li>\n<li>Iasmim Luise dos Santos Silva<\/li>\n<li>Rute Cordeiro de Oliveira<\/li>\n<\/ul>\n<h4><span style=\"color: #ff6600;\"><strong>Colaboradores<\/strong><\/span><\/h4>\n<ul>\n<li>Naysa Farias Barros<\/li>\n<li>Aline Moerbeck<\/li>\n<\/ul>\n","protected":false},"excerpt":{"rendered":"<p>Coordenadora Prof\u00aa. Dr\u00aa. Maria Concei\u00e7\u00e3o Oliveira Costa Prof\u00aa. Titular Pleno\u2013 Dept\u00ba. de Sa\u00fade &#8211; UEFS \u2013 P\u00f3s-doutorado na Universit\u00e9 du Qu\u00e9bec \u00e0 Montr\u00e9al\/UQAM Professores Pesquisadores Davi F\u00e9lix Martins J\u00fanior Jamilly [&hellip;]<\/p>\n","protected":false},"author":1,"featured_media":0,"parent":0,"menu_order":4,"comment_status":"closed","ping_status":"closed","template":"","meta":{"footnotes":""},"class_list":["post-45","page","type-page","status-publish","hentry"],"_links":{"self":[{"href":"https:\/\/ppgsc2.uefs.br\/nnepa\/wp-json\/wp\/v2\/pages\/45","targetHints":{"allow":["GET"]}}],"collection":[{"href":"https:\/\/ppgsc2.uefs.br\/nnepa\/wp-json\/wp\/v2\/pages"}],"about":[{"href":"https:\/\/ppgsc2.uefs.br\/nnepa\/wp-json\/wp\/v2\/types\/page"}],"author":[{"embeddable":true,"href":"https:\/\/ppgsc2.uefs.br\/nnepa\/wp-json\/wp\/v2\/users\/1"}],"replies":[{"embeddable":true,"href":"https:\/\/ppgsc2.uefs.br\/nnepa\/wp-json\/wp\/v2\/comments?post=45"}],"version-history":[{"count":23,"href":"https:\/\/ppgsc2.uefs.br\/nnepa\/wp-json\/wp\/v2\/pages\/45\/revisions"}],"predecessor-version":[{"id":361,"href":"https:\/\/ppgsc2.uefs.br\/nnepa\/wp-json\/wp\/v2\/pages\/45\/revisions\/361"}],"wp:attachment":[{"href":"https:\/\/ppgsc2.uefs.br\/nnepa\/wp-json\/wp\/v2\/media?parent=45"}],"curies":[{"name":"wp","href":"https:\/\/api.w.org\/{rel}","templated":true}]}}