{"id":42,"date":"2016-04-10T17:44:12","date_gmt":"2016-04-10T20:44:12","guid":{"rendered":"https:\/\/ppgsc2.uefs.br\/nnepa\/?page_id=42"},"modified":"2021-06-13T21:31:50","modified_gmt":"2021-06-14T00:31:50","slug":"apresentacao","status":"publish","type":"page","link":"https:\/\/ppgsc2.uefs.br\/nnepa\/apresentacao\/","title":{"rendered":"Apresenta\u00e7\u00e3o"},"content":{"rendered":"<p style=\"text-align: justify;\">\u00a0 \u00a0 \u00a0O\u00a0N\u00facleo de Estudos e Pesquisas na Inf\u00e2ncia e Adolesc\u00eancia\/ NNEPA, implantado em 1997 (Portaria n\u00ba 110\/99), faz parte do Departamento de Sa\u00fade (DSAU) da UEFS, integra um dos grupos de pesquisa do Programa de P\u00f3s-Gradua\u00e7\u00e3o em Sa\u00fade Coletiva\/ PPGSC e funciona nas instala\u00e7\u00f5es do Centro de P\u00f3s-Gradua\u00e7\u00e3o\/ PPGSC.<\/p>\n<p style=\"text-align: justify;\">\u00a0\u00a0\u00a0\u00a0\u00a0 A estrutura de recursos humanos do NNEPA conta com a participa\u00e7\u00e3o de professores &#8211; pesquisadores, assistentes \u2013 colaboradores, alunos de inicia\u00e7\u00e3o cient\u00edfica (CNPq, FAPESB e UEFS) dos cursos de gradua\u00e7\u00e3o da Universidade,\u00a0 mestrandos e doutorandos do PPGSC\/UEFS. O fluxograma de atividades do grupo se organiza em fun\u00e7\u00e3o das linhas de atua\u00e7\u00e3o, integrando atividades de pesquisa e extens\u00e3o, assim como ensino (gradua\u00e7\u00e3o e p\u00f3s-gradua\u00e7\u00e3o), orienta\u00e7\u00e3o (Doutorado, Mestrado e alunos de Inicia\u00e7\u00e3o Cient\u00edfica) e consultorias.<\/p>\n<p style=\"text-align: justify;\">\u00a0\u00a0\u00a0\u00a0 Nessa trajet\u00f3ria hist\u00f3rica, o NNEPA tem recebido apoio das ag\u00eancias de fomento \u00e0 pesquisa, em n\u00edvel nacional (CNPq, CAPES\/MEC, FAPESB, FAPEC, MS) e internacional (OIT, USAID, CALC, CRSH, AUF), o que tem possibilitado ampliar suas bases de refer\u00eancia, atrav\u00e9s de parcerias e interc\u00e2mbios.<\/p>\n<p style=\"text-align: justify;\">\u00a0\u00a0\u00a0\u00a0\u00a0\u00a0 Em n\u00edvel municipal e regional, o NNEPA tem investido esfor\u00e7os para ampliar e consolidar articula\u00e7\u00f5es com Inst\u00e2ncias de representatividade nos diferentes setores, Sa\u00fade, Educa\u00e7\u00e3o, Desenvolvimento Social, Seguran\u00e7a P\u00fablica, Garantias de Direitos, em Feira de Santana e munic\u00edpios do Semi\u00e1rido da Bahia, vislumbrando contribuir para disseminar o conhecimento cient\u00edfico, formar recursos humanos e subsidiar pol\u00edticas e estrat\u00e9gias voltadas \u00e0 sa\u00fade, prote\u00e7\u00e3o e qualidade de vida para a inf\u00e2ncia, adolesc\u00eancia e juventude, no munic\u00edpio e regi\u00e3o do semi\u00e1rido da Bahia.<\/p>\n<h4 style=\"text-align: justify;\"><\/h4>\n<h4 style=\"text-align: justify;\">Endere\u00e7o do Diret\u00f3rio de Grupos de Pesquisa<\/h4>\n<p><a href=\"http:\/\/dgp.cnpq.br\/dgp\/espelhogrupo\/5036\">http:\/\/dgp.cnpq.br\/dgp\/espelhogrupo\/5036<\/a><\/p>\n","protected":false},"excerpt":{"rendered":"<p>\u00a0 \u00a0 \u00a0O\u00a0N\u00facleo de Estudos e Pesquisas na Inf\u00e2ncia e Adolesc\u00eancia\/ NNEPA, implantado em 1997 (Portaria n\u00ba 110\/99), faz parte do Departamento de Sa\u00fade (DSAU) da UEFS, integra um dos [&hellip;]<\/p>\n","protected":false},"author":1,"featured_media":0,"parent":0,"menu_order":1,"comment_status":"closed","ping_status":"closed","template":"","meta":{"footnotes":""},"class_list":["post-42","page","type-page","status-publish","hentry"],"_links":{"self":[{"href":"https:\/\/ppgsc2.uefs.br\/nnepa\/wp-json\/wp\/v2\/pages\/42","targetHints":{"allow":["GET"]}}],"collection":[{"href":"https:\/\/ppgsc2.uefs.br\/nnepa\/wp-json\/wp\/v2\/pages"}],"about":[{"href":"https:\/\/ppgsc2.uefs.br\/nnepa\/wp-json\/wp\/v2\/types\/page"}],"author":[{"embeddable":true,"href":"https:\/\/ppgsc2.uefs.br\/nnepa\/wp-json\/wp\/v2\/users\/1"}],"replies":[{"embeddable":true,"href":"https:\/\/ppgsc2.uefs.br\/nnepa\/wp-json\/wp\/v2\/comments?post=42"}],"version-history":[{"count":17,"href":"https:\/\/ppgsc2.uefs.br\/nnepa\/wp-json\/wp\/v2\/pages\/42\/revisions"}],"predecessor-version":[{"id":333,"href":"https:\/\/ppgsc2.uefs.br\/nnepa\/wp-json\/wp\/v2\/pages\/42\/revisions\/333"}],"wp:attachment":[{"href":"https:\/\/ppgsc2.uefs.br\/nnepa\/wp-json\/wp\/v2\/media?parent=42"}],"curies":[{"name":"wp","href":"https:\/\/api.w.org\/{rel}","templated":true}]}}