{"id":320,"date":"2021-04-25T22:10:18","date_gmt":"2021-04-26T01:10:18","guid":{"rendered":"https:\/\/ppgsc2.uefs.br\/nnepa\/?page_id=320"},"modified":"2021-04-25T22:35:27","modified_gmt":"2021-04-26T01:35:27","slug":"projetos-2010-2020","status":"publish","type":"page","link":"https:\/\/ppgsc2.uefs.br\/nnepa\/projetos-2010-2020\/","title":{"rendered":"Projetos 2010 &#8211; 2020"},"content":{"rendered":"<p style=\"text-align: justify\"><span style=\"color: #008000\"><strong>2018 &#8211; Atual<\/strong>\u00a0\u00a0\u00a0\u00a0\u00a0\u00a0\u00a0\u00a0\u00a0 SA\u00daDE DE JOVENS E VIOL\u00caNCIA: INTERLOCU\u00c7\u00c3O ENTRE A REDE DE INFORMA\u00c7\u00c3O EM SA\u00daDE E O SISTEMA DE EDUCA\u00c7\u00c3O, PARA PREVENIR A\u00a0VITIMIZA\u00c7\u00c3O FAMILIAR, AMOROSA E ENTRE PARES.<\/span><\/p>\n<p style=\"text-align: justify\">Descri\u00e7\u00e3o: O projeto integra o Programa de Pesquisa para o SUS: Gest\u00e3o Compartilhada em Sa\u00fade &#8211; PPSUS &#8211; Edital Fapesb n\u00ba 03\/2017. Desenvolvido em parceria com a Universidade Cat\u00f3lica de Salvador &#8211; UCSAL, Secretaria Municipal de Educa\u00e7\u00e3o, Programa de A\u00e7\u00f5es Referenciais de Enfrentamento da Viol\u00eancia Infanto-Juvenil &#8211; PAIR e o Conselho Municipal de Defesa da Crian\u00e7a e do Adolescente &#8211; CMDCA\/FSA SEDESO. CONSEPE 065\/2018Objetivo Geral: Analisar eventos violentos de adolescentes e jovens, consequ\u00eancias e fatores associados, utilizando dados secund\u00e1rios de Sistemas de Informa\u00e7\u00e3o que assessoram o SUS, no estado da Bahia, assim como, dados prim\u00e1rios de uma amostra representativa do total de jovens matriculados nas escolas p\u00fablicas de Feira de Santana-Bahia.<\/p>\n<p style=\"text-align: justify\"><span style=\"color: #008000\"><strong>2017 &#8211; Atual<\/strong>\u00a0\u00a0\u00a0\u00a0\u00a0\u00a0\u00a0\u00a0\u00a0 VIOL\u00caNCIA ENTRE CASAIS DE ADOLESCENTES E ADULTOS JOVENS: PREVAL\u00caNCIA DOS EVENTOS E ASSOCIA\u00c7\u00c3O COM RELACIONAMENTO PARENTAL E EXPERI\u00caNCIAS AMOROSAS PRECEDENTES<\/span><\/p>\n<p style=\"text-align: justify\">Descri\u00e7\u00e3o: Projeto desenvolvido em parceria com a Universidade de Quebec \u00e0 Montreal \u2013 UQAM (Grupo de Pesquisa Viol\u00eancia e Sa\u00fade \u2013 EVISSA e UCSAL (grupo de pesquisa NPEJI). O Projeto \u00e9 resultado dos interc\u00e2mbios estabelecidos com equipes de pesquisa de outras Universidades. Objetivo Geral: Analisar diferentes aspectos relacionados \u00e0 viol\u00eancia entre pares na adolesc\u00eancia e juventude, submetendo um instrumento de pesquisa, original do Canad\u00e1, aos processos metodol\u00f3gicos sistem\u00e1ticos de adapta\u00e7\u00e3o transcultural, valida\u00e7\u00e3o e aplica\u00e7\u00e3o no contexto do Brasil, replicando o PAJ, atrav\u00e9s de outras pesquisas, ligadas \u00e0s Universidades, programas de p\u00f3s-gradua\u00e7\u00e3o e grupos de pesquisa e estudos integrantes do Projeto. CONSEPE 055\/2018<\/p>\n<p style=\"text-align: justify\"><span style=\"color: #008000\"><strong>2015 &#8211; Atual<\/strong>\u00a0\u00a0\u00a0\u00a0\u00a0\u00a0\u00a0\u00a0\u00a0 SA\u00daDE REPRODUTIVA NA ADOLESC\u00caNCIA E JUVENTUDE: CARACTER\u00cdSTICAS, ABORDAGEM EPIDEMIOL\u00d3GICA E CL\u00cdNICA SOBRE O PERCURSO E EVOLU\u00c7\u00c3O DA GESTA\u00c7\u00c3O, PARTO, NASCIMENTOS, MORTALIDADE MATERNA E INFANTIL<\/span><\/p>\n<p style=\"text-align: justify\">Descri\u00e7\u00e3o: Projeto desenvolvido em parceria com a Escola Nacional de Sa\u00fade P\u00fablica \u2013 ENSP\/ FIOCRUZ \u2013 RJ, parceria entre NNEPA e ENSP. O projeto faz parte da Linha de Pesquisa \u201cSa\u00fade Sexual e Reprodutiva na Adolesc\u00eancia e Juventude\u201d, desenvolvida pelo NNEPA\/ PPPG\/ UEFS. O Projeto integra tr\u00eas subprojetos que tratam da tem\u00e1tica da sa\u00fade sexual e reprodutiva de adolescentes e jovens, respectivos filhos, com diferentes enfoques sobre este grupo populacional, em diferentes contextos, regi\u00f5es e munic\u00edpios do pa\u00eds. CONSEPE 031\/2015<\/p>\n<p style=\"text-align: justify\"><span style=\"color: #008000\"><strong>2014 &#8211; Atual<\/strong>\u00a0\u00a0\u00a0\u00a0\u00a0\u00a0\u00a0\u00a0\u00a0 DST\/HIV\/AIDS EM CRIAN\u00c7AS, ADOLESCENTES E JOVENS EM FEIRA DE SANTANA \u2013 BAHIA: PERFIL EPIDEMIOL\u00d3GICO, FATORES DE RISCO E PROTE\u00c7\u00c3O, TERAPIA ANTIRRETROVIRAL, SOBREVIDA E MORTALIDADE<\/span><\/p>\n<p style=\"text-align: justify\">Descri\u00e7\u00e3o: O Projeto faz parte da Linha de Pesquisa \u201cVulnerabilidades na Inf\u00e2ncia, Adolesc\u00eancia e Juventude\u201d desenvolvida pelo NNEPA\/UEFS, integrando subprojetos que utilizam ferramentas da epidemiologia para abordar tem\u00e1ticas relacionadas \u00e0s infec\u00e7\u00f5es e doen\u00e7as sexualmente transmiss\u00edveis (S\u00edfilis e Aids) na popula\u00e7\u00e3o de gestantes, crian\u00e7as, adolescentes e adultos jovens matriculados no Centro de Refer\u00eancia Municipal-CRM de DST\/HIV\/AIDS de Feira de Santana-Bahia A parceria do NNEPA com este Centro de Refer\u00eancia permite ampliar interc\u00e2mbios com outras Universidades e Servi\u00e7os, em n\u00edvel nacional e internacional; assim como desenvolver projetos interinstitucionais que contribuem para a qualifica\u00e7\u00e3o t\u00e9cnica dos servidores, para a forma\u00e7\u00e3o de novos pesquisadores e para a intensifica\u00e7\u00e3o da produ\u00e7\u00e3o cient\u00edfica. Esses projetos viabilizam levantar indicadores que subsidiam os Centros de Refer\u00eancia na requalifica\u00e7\u00e3o do seu quadro t\u00e9cnico, assim como na implementa\u00e7\u00e3o de a\u00e7\u00f5es preventivas, controle e interven\u00e7\u00e3o, impulsionando pol\u00edticas direcionadas a esta demanda social, incluindo a ades\u00e3o ao uso dos antirretrovirais, no munic\u00edpio e regi\u00e3o semi\u00e1rida da Bahia. CONSEPE 093\/2014<\/p>\n<p style=\"text-align: justify\"><span style=\"color: #008000\"><strong>2014 &#8211; 2020<\/strong>\u00a0\u00a0\u00a0\u00a0\u00a0\u00a0\u00a0\u00a0\u00a0\u00a0 VIOL\u00caNCIA NA INF\u00c2NCIA E ADOLESC\u00caNCIA E CICLOS DE VITIMIZA\u00c7\u00c3O E AGRESS\u00c3O INTERPESSOAL, FAMILIAR E SOCIAL: PROJETO INTEGRADO ENTRE UNIVERSIDADES E SISTEMAS DE SA\u00daDE, EDUCA\u00c7\u00c3O, SEGURAN\u00c7A P\u00daBLICA E GARANTIA DE DIREITOS.<\/span><\/p>\n<p style=\"text-align: justify\">Descri\u00e7\u00e3o: O Projeto integra subprojetos de pesquisa que utilizam diferentes fontes de informa\u00e7\u00e3o e registros de dados, para estudar m\u00faltiplos aspectos da viol\u00eancia infanto-juvenil e eventos violentos concorrentes, na perspectiva da tipologia das ocorr\u00eancias, perfis de v\u00edtimas e agressores, perpetradores juvenis; analisa a evolu\u00e7\u00e3o dos coeficientes e respectivas curvas de vitimiza\u00e7\u00e3o e de agress\u00e3o, quanto \u00e0s caracter\u00edsticas dos eventos, das v\u00edtimas e dos agressores, ao longo do tempo; assim como estuda a associa\u00e7\u00e3o entre gravidade dos casos e letalidade com tipos e perfis das ocorr\u00eancias e v\u00edtimas. S\u00e3o utilizados dados secund\u00e1rios (Conselhos Tutelares, CREAS, Delegacias de Pol\u00edcia Civil e Delegacias Especializadas (DAI, DERCA e DEAM); Instituto M\u00e9dico Legal, Sistemas de Informa\u00e7\u00e3o, como Sistema de Mortalidade (SIM) e Sistema de Vigil\u00e2ncia a Acidentes e Viol\u00eancia\/VIVA do Minist\u00e9rio da Sa\u00fade. Os dados prim\u00e1rios s\u00e3o originados nas escolas (alunos adolescentes, jovens e professores). O estudo da tem\u00e1tica em diferentes perspectivas e fontes de registro possibilita levantar indicadores, aprofundar e disseminar o conhecimento na tem\u00e1tica, formar pesquisadores, contribuir na qualifica\u00e7\u00e3o profissional dos t\u00e9cnicos em servi\u00e7os e subsidiar estrat\u00e9gias de preven\u00e7\u00e3o e interven\u00e7\u00e3o, pelos Sistemas de Educa\u00e7\u00e3o, Sa\u00fade, Seguran\u00e7a P\u00fablica, Desenvolvimento Social.CONSEPE 082\/2014<\/p>\n<p style=\"text-align: justify\"><span style=\"color: #008000\"><strong>2011 &#8211; 2019<\/strong>\u00a0\u00a0\u00a0\u00a0\u00a0\u00a0\u00a0\u00a0\u00a0\u00a0 NASCER NO BRASIL: INQU\u00c9RITO NACIONAL SOBRE PARTO E NASCIMENTO.<\/span><\/p>\n<p style=\"text-align: justify\">Descri\u00e7\u00e3o: O NNEPA integrou o projeto nacional, atrav\u00e9s de uma parceria entre as respectivas coordena\u00e7\u00f5es dos grupos de pesquisa UEFS\/NNEPA e ENSP\/FIOCRUZ. A atua\u00e7\u00e3o do NNEPA iniciou em 2011, momento da implementa\u00e7\u00e3o do Projeto em n\u00edvel nacional e regional, onde a UEFS\/NNEPA foi convidado a integrar como coordenador regional, em n\u00edvel de Bahia e regi\u00e3o do semi\u00e1rido. O projeto tem como objetivos: 1) estimar a preval\u00eancia de partos cesarianos ocorridos em institui\u00e7\u00f5es p\u00fablicas e privadas do Sistema de Sa\u00fade brasileiro, segundo o n\u00edvel de complexidade da institui\u00e7\u00e3o e localiza\u00e7\u00e3o geogr\u00e1fica; 2) descrever as complica\u00e7\u00f5es maternas e nos rec\u00e9m-nascidos por tipo de parto, com \u00eanfase na prematuridade; 3) analisar poss\u00edveis associa\u00e7\u00f5es entre vari\u00e1veis maternas, do rec\u00e9m-nascido, da gesta\u00e7\u00e3o, do parto e das Institui\u00e7\u00f5es, p\u00fablicas e privadas, controlando vari\u00e1veis intervenientes, utilizando modelos hier\u00e1rquicos em diferentes n\u00edveis. Essa interlocu\u00e7\u00e3o tem possibilitado a inser\u00e7\u00e3o de alunos de p\u00f3s-gradua\u00e7\u00e3o do PPGSC\/NNEPA-UEFS, em n\u00edvel Doutorado na ENSP-FIOCRUZ, assim como a interlocu\u00e7\u00e3o entre orientadores e alunos de mestrado do PPGSC e ENSP, na execu\u00e7\u00e3o e nas publica\u00e7\u00f5es dos artigos em peri\u00f3dicos indexados. Subprojetos: 1- Resultados Perinatais em m\u00e3es adolescentes e adultas jovens na regi\u00e3o Nordeste; 2 &#8211; S\u00edndromes hipertensivas da gesta\u00e7\u00e3o e fatores associados em adolescentes e adultas jovens da Regi\u00e3o Nordeste do Brasil.; 3 &#8211; Gravidez na adolesc\u00eancia: Perfil sociodemografico e de assist\u00eancia pr\u00e9-natal e ao parto no Brasil, 2011-2012<\/p>\n<p style=\"text-align: justify\"><span style=\"color: #008000\"><strong>2011 &#8211; 2018<\/strong>\u00a0\u00a0\u00a0\u00a0\u00a0\u00a0\u00a0\u00a0\u00a0\u00a0 REDE DE PROTE\u00c7\u00c3O E PREVEN\u00c7\u00c3O DA VIOL\u00caNCIA E GARANTIA DOS DIREITOS HUMANOS: INTEGRA\u00c7\u00c3O UNIVERSIDADE E SISTEMAS DE SEGURAN\u00c7A P\u00daBLICA, ATENDIMENTO E DEFESA DA INF\u00c2NCIA, ADOLESC\u00caNCIA E JUVENTUDE.<\/span><\/p>\n<p style=\"text-align: justify\">Descri\u00e7\u00e3o: Projeto desenvolvido com apoio da Secretaria de Seguran\u00e7a P\u00fablica. O projeto e respectivos subprojetos integrantes t\u00eam como principal objetivo estudar a viol\u00eancia infanto-juvenil, atrav\u00e9s do levantamento de indicadores das diferentes formas de vitimiza\u00e7\u00e3o, tra\u00e7ando coeficientes e taxas das viol\u00eancias, em per\u00edodos distintos de uma d\u00e9cada, a partir dos Sistemas de Informa\u00e7\u00e3o da Rede de Institui\u00e7\u00f5es (Conselhos Tutelares, Delegacias de Policia Civil e Especializadas), envolvidas com o atendimento e defesa desse grupo populacional, considerando a alta vulnerabilidade aos agravos. Entre as metas destacam-se o desenvolvimento de projetos interinstitucionais que visam consolidar interc\u00e2mbios do NNEPA\/UEFS com grupos de pesquisa de outras Universidades e parcerias com essa Rede de Inst\u00e2ncias; divulgar a produ\u00e7\u00e3o t\u00e9cnica e cient\u00edfica e implementar a\u00e7\u00f5es de fortalecimento Institucional. Nos subprojetos encontram-se inseridas disserta\u00e7\u00f5es de mestrado e monografias de inicia\u00e7\u00e3o cient\u00edfica em andamento.<\/p>\n<p style=\"text-align: justify\"><span style=\"color: #008000\"><strong>2009 &#8211; 2014<\/strong>\u00a0\u00a0\u00a0\u00a0\u00a0\u00a0\u00a0\u00a0\u00a0\u00a0 VIOL\u00caNCIA(S) CONTRA CRIAN\u00c7AS E ADOLESCENTES: EXPERI\u00caNCIA E ATUA\u00c7\u00c3O DAS INST\u00c2NCIAS QUE INTEGRAM OS SISTEMAS P\u00daBLICOS DE SA\u00daDE, EDUCA\u00c7\u00c3O E GARANTIA DE DIREITOS.<\/span><\/p>\n<p style=\"text-align: justify\">Descri\u00e7\u00e3o: O principal enfoque do projeto foi estudar a tem\u00e1tica da viol\u00eancia a partir de dados obtidos nas escolas (professores e alunos) sobre casos de viol\u00eancia sexual e da mesma forma, entre os profissionais de sa\u00fade da aten\u00e7\u00e3o b\u00e1sica (PSF e UBS) sobre o processo de diagn\u00f3stico e notifica\u00e7\u00e3o da vitimiza\u00e7\u00e3o infanto-juvenil no atendimento em sa\u00fade. Os subprojetos envolveram disserta\u00e7\u00f5es de mestrado que contribu\u00edram para a forma\u00e7\u00e3o de novos pesquisadores, intensifica\u00e7\u00e3o da produ\u00e7\u00e3o cient\u00edfica e fomentar a articula\u00e7\u00e3o interinstitucional entre a UEFS e os Sistemas p\u00fablicos do munic\u00edpio e regi\u00e3o semi-\u00e1rida da Bahia. Os produtos encontram-se publicados.CONSEPE 089\/2009<\/p>\n<p style=\"text-align: justify\"><span style=\"color: #008000\"><strong>2009 &#8211; 2011<\/strong>\u00a0\u00a0\u00a0\u00a0\u00a0\u00a0\u00a0\u00a0\u00a0\u00a0 PROJETO DE PRODUTIVIDADE DE PESQUISA CNPQ\/UEFS\/UQAM. PROJETO I: VIOL\u00caNCIA CONTRA CRIAN\u00c7AS E ADOLESCENTES: A REALIDADE O ENFRENTAMENTO E A PREVEN\u00c7\u00c3O. PROJETO II:SA\u00daDE INTEGRAL E PREVEN\u00c7\u00c3O DE RISCOS NA ADOLESC\u00caNCIA E JUVENTUDE: USO DE SUBST\u00c2NCIAS L\u00cdCITAS.<\/span><\/p>\n<p style=\"text-align: justify\">Descri\u00e7\u00e3o: Projeto Produtividade Pesquisa \u2013Nivel B \u201cRiscos e Vulnerabilidades na inf\u00e2ncia e adolesc\u00eancia\u201d (Projetos I e II). A proposta de produtividade em pesquisa (desenvolvido no per\u00edodo 2009-2011) foi constitu\u00eddo de dois projetos e quatro subprojetos que envolveram quatro disserta\u00e7\u00f5es de mestrado. As tem\u00e1ticas de estudo foram a viol\u00eancia infanto- juvenil, na perspectiva de professores e alunos das escolas publicas e profissionais da aten\u00e7\u00e3o b\u00e1sica de sa\u00fade (PSF e UBS) (Projeto I) e o uso de subst\u00e2ncias psicoativas na adolesc\u00eancia e juventude, utilizando inqu\u00e9ritos com escolares (escolas publicas do munic\u00edpio) e registros de usu\u00e1rios matriculados nos Centro de Assist\u00eancia Psicossocial \u2013 CAPS-AD de Feira de Santana. As disserta\u00e7\u00f5es foram defendidas e os produtos publicados.Integrantes: Maria Concei\u00e7\u00e3o Oliveira Costa (Respons\u00e1vel); ; Financiador(es): Conselho Nacional de Desenvolvimento Cient\u00edfico e Tecnol\u00f3gico-CNPq, Universidade Estadual de Feira de Santana-UEFS<\/p>\n<p style=\"text-align: justify\"><span style=\"color: #008000\"><strong>2009 &#8211; 2011<\/strong>\u00a0\u00a0\u00a0\u00a0\u00a0\u00a0\u00a0\u00a0\u00a0\u00a0 SA\u00daDE REPRODUTIVA E MATERNO INFANTIL NA ADOLESC\u00caNCIA E JUVENTUDE: GRAVIDEZ, MATERNIDADE, PATERNIDADE, NASCIMENTOS E MORTALIDADE INFANTIL EM FEIRA DE SANTANA, BAHIA.<\/span><\/p>\n<p style=\"text-align: justify\">Descri\u00e7\u00e3o: Os subprojetos integrantes tratam da tem\u00e1tica da sa\u00fade reprodutiva na adolesc\u00eancia e juventude, na perspectiva de registros dos Sistemas de Informa\u00e7\u00e3o, SINASC, SIM , assim como dados prim\u00e1rios obtidos juntos \u00e0s gestantes, m\u00e3es adolescentes e jovens e respectivos parceiros. S\u00e3o utilizados diferentes enfoques da gesta\u00e7\u00e3o, maternidade, paternidade, filhos, nascidos vivos, \u00f3bitos neonatais e mortalidade infantil entre filhos desse grupo populacional, cujos dados s\u00e3o obtidos a partir de inqu\u00e9ritos com os grupos alvo, assim como registros oficiais desses Sistemas de Informa\u00e7\u00e3o, no munic\u00edpio e regi\u00e3o. Alguns subprojetos j\u00e1 conclu\u00eddos t\u00eam suas respectivas disserta\u00e7\u00f5es defendidas e produtos publicados em formato de artigos e outras dissemina\u00e7\u00f5es em eventos, relat\u00f3rios, etc. Esse projeto foi substitu\u00eddo por outro projeto mais amplo, envolvendo subprojetos, articula\u00e7\u00f5es institucionais e parceria estabelecida entre o NNEPA\/UEFS e a ENSP-FIOCRUZ (grupo de pesquisa em sa\u00fade da mulher, crian\u00e7a e adolescente). Nessa parceria o NNEPA participa de projeto multic\u00eantrico da ENSP, com inser\u00e7\u00e3o de disserta\u00e7\u00f5es de mestrado, tese de doutorado\u00a0 e monografias de gradua\u00e7\u00e3o (em andamento).CONSEPE 072\/2006 Financiador(es): Coordena\u00e7\u00e3o de Aperfei\u00e7oamento de Pessoal de N\u00edvel Superior-CAPES, Funda\u00e7\u00e3o de Apoio \u00e0 Pesquisa do Estado da Bahia-FAPESB, Universidade Estadual de Feira de Santana-UEFS<\/p>\n<p style=\"text-align: justify\"><span style=\"color: #008000\"><strong>2003 &#8211; 2013<\/strong>\u00a0\u00a0\u00a0\u00a0\u00a0\u00a0\u00a0\u00a0\u00a0\u00a0 VIOL\u00caNCIA CONTRA CRIAN\u00c7AS E ADOLESCENTES: A REALIDADE, O ENFRENTAMENTO E A PREVEN\u00c7\u00c3O.<\/span><\/p>\n<p style=\"text-align: justify\">Descri\u00e7\u00e3o: Projeto e subprojetos articulados com outra Universidade, com enfoque voltado ao aprofundamento te\u00f3rico na tem\u00e1tica e metodol\u00f3gico para o desenvolvimento de estudos em diferentes contextos. Os subprojetos desse projeto estudaram a viol\u00eancia sexual, segundo dados das Inst\u00e2ncias de Referencia para atendimento \u00e0s v\u00edtimas, em Montr\u00e9al (Centre Jeunesse de Montreal \u2013 Institut Universitaire \u2013 Institut de Recherche et D\u00e9velopment Social de Jeunes\/CJM-IU &#8211; IRDS) e em Feira de Santana (Conselhos Tutelares), no per\u00edodo 2003-2006. Atrav\u00e9s desse projeto foi iniciado o interc\u00e2mbio do NNEPA com a Universit\u00e9 du Qubec a Montreal\/UQAM e realiza\u00e7\u00e3o do p\u00f3s-doutorado, na condi\u00e7\u00e3o de professor visitante. Da mesma forma, foram iniciadas e implementadas articula\u00e7\u00f5es do NNEPA\/UEFS com os Sistemas de atendimento \u00e0s vitimas de viol\u00eancia em Feira de Santana e a equipe do Programa de A\u00e7\u00f5es Referencias de Enfrentamento \u00e0 viol\u00eancia \u2013 PAIR. Os subprojetos envolvidos articularam a equipe da Universidade com Instancias, contando com apoio financeiro da OIT e Secretaria Nacional de direitos Humanos \/SEDH, as quais apoiaram as pesquisas e rticula\u00e7\u00f5es. Os produtos t\u00e9cnicos e cient\u00edficos encontram-se publicados em formato de disserta\u00e7\u00f5es, manual, artigos, organiza\u00e7\u00e3o e participa\u00e7\u00e3o em eventos, relat\u00f3rios, outros.CONSEPE 162\/2005<\/p>\n","protected":false},"excerpt":{"rendered":"<p>2018 &#8211; Atual\u00a0\u00a0\u00a0\u00a0\u00a0\u00a0\u00a0\u00a0\u00a0 SA\u00daDE DE JOVENS E VIOL\u00caNCIA: INTERLOCU\u00c7\u00c3O ENTRE A REDE DE INFORMA\u00c7\u00c3O EM SA\u00daDE E O SISTEMA DE EDUCA\u00c7\u00c3O, PARA PREVENIR A\u00a0VITIMIZA\u00c7\u00c3O FAMILIAR, AMOROSA E ENTRE PARES. Descri\u00e7\u00e3o: [&hellip;]<\/p>\n","protected":false},"author":8,"featured_media":0,"parent":0,"menu_order":6,"comment_status":"closed","ping_status":"closed","template":"","meta":{"footnotes":""},"class_list":["post-320","page","type-page","status-publish","hentry"],"_links":{"self":[{"href":"https:\/\/ppgsc2.uefs.br\/nnepa\/wp-json\/wp\/v2\/pages\/320","targetHints":{"allow":["GET"]}}],"collection":[{"href":"https:\/\/ppgsc2.uefs.br\/nnepa\/wp-json\/wp\/v2\/pages"}],"about":[{"href":"https:\/\/ppgsc2.uefs.br\/nnepa\/wp-json\/wp\/v2\/types\/page"}],"author":[{"embeddable":true,"href":"https:\/\/ppgsc2.uefs.br\/nnepa\/wp-json\/wp\/v2\/users\/8"}],"replies":[{"embeddable":true,"href":"https:\/\/ppgsc2.uefs.br\/nnepa\/wp-json\/wp\/v2\/comments?post=320"}],"version-history":[{"count":1,"href":"https:\/\/ppgsc2.uefs.br\/nnepa\/wp-json\/wp\/v2\/pages\/320\/revisions"}],"predecessor-version":[{"id":321,"href":"https:\/\/ppgsc2.uefs.br\/nnepa\/wp-json\/wp\/v2\/pages\/320\/revisions\/321"}],"wp:attachment":[{"href":"https:\/\/ppgsc2.uefs.br\/nnepa\/wp-json\/wp\/v2\/media?parent=320"}],"curies":[{"name":"wp","href":"https:\/\/api.w.org\/{rel}","templated":true}]}}