{"id":316,"date":"2021-04-25T12:53:45","date_gmt":"2021-04-25T15:53:45","guid":{"rendered":"https:\/\/ppgsc2.uefs.br\/nnepa\/?page_id=316"},"modified":"2021-04-25T22:13:55","modified_gmt":"2021-04-26T01:13:55","slug":"dissertacoes-de-mestrado-20152020","status":"publish","type":"page","link":"https:\/\/ppgsc2.uefs.br\/nnepa\/dissertacoes-de-mestrado-20152020\/","title":{"rendered":"Disserta\u00e7\u00f5es de Mestrado &#8211; 2015\/2020"},"content":{"rendered":"<p style=\"text-align: justify\">Claudiana Bomfim de Almeida Santos. <strong>Ocorr\u00eancias violentas nas rela\u00e7\u00f5es afetivo-sexuais de jovens estudantes da rede p\u00fablica de ensino do munic\u00edpio de Feira de Santana-BA.<\/strong>. 2020. Disserta\u00e7\u00e3o (Sa\u00fade Coletiva) &#8211; Universidade Estadual de Feira de Santana<\/p>\n<p style=\"text-align: justify\">Marcelle Esteves Reis Ferreira. <strong>Viol\u00eancia entre jovens estudantes e seus pares: perfil do ato violento, fatores precedentes e sentimentos vivenciados.<\/strong>. 2020. Disserta\u00e7\u00e3o (Sa\u00fade Coletiva) &#8211; Universidade Estadual de Feira de Santana<\/p>\n<p style=\"text-align: justify\">Lorena Ramalho Galv\u00e3o. <strong>Tend\u00eancia temporal da mortalidade materna entre adolescentes e adultas jovens no estado da Bahia<\/strong>. 2017. Disserta\u00e7\u00e3o (Sa\u00fade Coletiva) &#8211; Universidade Estadual de Feira de Santana<\/p>\n<p style=\"text-align: justify\">Emanoela F. Barnab\u00e9 N. G. Grimaldi. <strong>Agressor sexual de crian\u00e7as e adolescentes: Tipologia do molestador e caracter\u00edsticas do abuso e das v\u00edtimas, em uma d\u00e9cada.<\/strong>. 2016. Disserta\u00e7\u00e3o (Programa de P\u00f3s Gradua\u00e7\u00e3o de Sa\u00fade Coletiva) &#8211; Universidade Estadual de Feira de Santana<\/p>\n<p style=\"text-align: justify\">Eloisa Barreto Bacelar. <strong>Fatores associados \u00e0 S\u00edndrome Hipertensiva da Gesta\u00e7\u00e3o\/SHEG em adolescentes e adultas jovens da regi\u00e3o Nordeste do Brasil.<\/strong>. 2016. Disserta\u00e7\u00e3o (SA\u00daDE COLETIVA) &#8211; Universidade Estadual de Feira de Santana<\/p>\n<p style=\"text-align: justify\">Dailma Ferreira Carneiro. <strong>Homic\u00eddios em adolescentes e indicadores sociais.<\/strong>. 2016. Disserta\u00e7\u00e3o (Mestrado em Sa\u00fade Coletiva) &#8211; Universidade Estadual de Feira de Santana<\/p>\n<p style=\"text-align: justify\">Mona Lisa Cordeiro Asselta da Silva. <strong>Les\u00f5es corporais em crian\u00e7as e adolescentes v\u00edtimas da viol\u00eancia: casos periciados no IML de Feira de Santana &#8211; Bahia<\/strong>. 2016. Disserta\u00e7\u00e3o (SA\u00daDE COLETIVA) &#8211; Universidade Estadual de Feira de Santana&lt;br\/&gt;Inst. financiadora: Coordena\u00e7\u00e3o de Aperfei\u00e7oamento de Pessoal de N\u00edvel Superior<\/p>\n<p style=\"text-align: justify\">Mariana Rocha da Silva. <strong>An\u00e1lise das propriedades psicom\u00e9tricas da vers\u00e3o brasileira do invent\u00e1rio &#8220;Parcours Amourex des Jeunes &#8211; PAJ&#8221;, Ano de Obten\u00e7\u00e3o: 2015.<\/strong>. 2015. Disserta\u00e7\u00e3o (SA\u00daDE COLETIVA) &#8211; Universidade Estadual de Feira de Santana<\/p>\n<p style=\"text-align: justify\">Thyana Cordeiro Lopes. <strong>Causas dos \u00f3bitos de crian\u00e7as e adolescentes, segundo registros dos Institutos M\u00e9dico Legal de Feira de Santana.<\/strong>. 2015. Disserta\u00e7\u00e3o (Programa de P\u00f3s Gradua\u00e7\u00e3o de Sa\u00fade Coletiva) &#8211; Universidade Estadual de Feira de Santana<\/p>\n<p style=\"text-align: justify\">Jucielma de Jesus Dias. <strong>Sobrevida e causas de mortalidade em crian\u00e7as, adolescentes e adultos jovens infectados pelo HIV com ou sem uso de terapia antirretroviral.<\/strong>. 2015. Disserta\u00e7\u00e3o (SA\u00daDE COLETIVA) &#8211; Universidade Estadual de Feira de Santana &#8211; Inst. financiadora: Coordena\u00e7\u00e3o de Aperfei\u00e7oamento de Pessoal de N\u00edvel Superior<\/p>\n","protected":false},"excerpt":{"rendered":"<p>Claudiana Bomfim de Almeida Santos. Ocorr\u00eancias violentas nas rela\u00e7\u00f5es afetivo-sexuais de jovens estudantes da rede p\u00fablica de ensino do munic\u00edpio de Feira de Santana-BA.. 2020. Disserta\u00e7\u00e3o (Sa\u00fade Coletiva) &#8211; Universidade [&hellip;]<\/p>\n","protected":false},"author":8,"featured_media":0,"parent":0,"menu_order":11,"comment_status":"closed","ping_status":"closed","template":"","meta":{"footnotes":""},"class_list":["post-316","page","type-page","status-publish","hentry"],"_links":{"self":[{"href":"https:\/\/ppgsc2.uefs.br\/nnepa\/wp-json\/wp\/v2\/pages\/316","targetHints":{"allow":["GET"]}}],"collection":[{"href":"https:\/\/ppgsc2.uefs.br\/nnepa\/wp-json\/wp\/v2\/pages"}],"about":[{"href":"https:\/\/ppgsc2.uefs.br\/nnepa\/wp-json\/wp\/v2\/types\/page"}],"author":[{"embeddable":true,"href":"https:\/\/ppgsc2.uefs.br\/nnepa\/wp-json\/wp\/v2\/users\/8"}],"replies":[{"embeddable":true,"href":"https:\/\/ppgsc2.uefs.br\/nnepa\/wp-json\/wp\/v2\/comments?post=316"}],"version-history":[{"count":1,"href":"https:\/\/ppgsc2.uefs.br\/nnepa\/wp-json\/wp\/v2\/pages\/316\/revisions"}],"predecessor-version":[{"id":317,"href":"https:\/\/ppgsc2.uefs.br\/nnepa\/wp-json\/wp\/v2\/pages\/316\/revisions\/317"}],"wp:attachment":[{"href":"https:\/\/ppgsc2.uefs.br\/nnepa\/wp-json\/wp\/v2\/media?parent=316"}],"curies":[{"name":"wp","href":"https:\/\/api.w.org\/{rel}","templated":true}]}}