{"id":304,"date":"2021-04-25T11:50:54","date_gmt":"2021-04-25T14:50:54","guid":{"rendered":"https:\/\/ppgsc2.uefs.br\/nnepa\/?page_id=304"},"modified":"2021-04-25T22:15:01","modified_gmt":"2021-04-26T01:15:01","slug":"volumes-de-periodicos","status":"publish","type":"page","link":"https:\/\/ppgsc2.uefs.br\/nnepa\/volumes-de-periodicos\/","title":{"rendered":"Volumes de peri\u00f3dicos"},"content":{"rendered":"<h2 class=\"font_2\"><strong><span class=\"color_16\"><span style=\"color: #008000\">Revistas<\/span><br \/>\n<\/span><\/strong><\/h2>\n<p style=\"text-align: justify\"><span style=\"color: #008000\"><strong>Revista de Sa\u00fade Coletiva da Universidade Estadual de Feira de Santana<\/strong><\/span><\/p>\n<p style=\"text-align: justify\">Em 2007 foi publicada a Edi\u00e7\u00e3o Especial da <strong>Revista de Sa\u00fade Coletiva da Universidade Estadual de Feira de Santana<\/strong> (ISSN 1677-7522), <strong>n.3<\/strong>, coordenada pelo Programa de P\u00f3s-Gradua\u00e7\u00e3o em Sa\u00fade Coletiva, o qual estava sob coordena\u00e7\u00e3o da professora T\u00e2nia Maria Ara\u00fajo e vice-coordena\u00e7\u00e3o da professora Dra. Maria Concei\u00e7\u00e3o Oliveira Costa.<\/p>\n<p style=\"text-align: justify\">Entre as disserta\u00e7\u00f5es de mestrado publicadas na referida edi\u00e7\u00e3o, a professora Dra. Maria Concei\u00e7\u00e3o Oliveira Costa, coordenadora do N\u00facleo de Estudos e Pesquisas na Inf\u00e2ncia e Adolesc\u00eancia, orientou sete mestrandos. As publica\u00e7\u00f5es est\u00e3o dispostas na se\u00e7\u00e3o Sa\u00fade de Grupos Populacionais:<\/p>\n<ol style=\"text-align: justify\">\n<li>Maternidade na adolesc\u00eancia: aspectos sociodemogr\u00e1ficos e sa\u00fade reprodutiva pr\u00e9 e p\u00f3s-gestacional, defendida por Ana L\u00facia Costa Borges Paraguass\u00fa.<\/li>\n<\/ol>\n<ol style=\"text-align: justify\" start=\"2\">\n<li>Acidentes de Tr\u00e2nsito envolvendo adolescentes e caracter\u00edsticas do acidente \u2013 Feira de Santana-Bahia, defendida por Jos\u00e9 Jorge Moreno da Silva.<\/li>\n<\/ol>\n<ol style=\"text-align: justify\" start=\"3\">\n<li>Caracter\u00edsticas cl\u00ednicas e nutricionais de gestantes adolescentes e adultas jovens acompanhadas no pr\u00e9-natal: Hospital Geral Cleriston Andrade, Feira de Santana-Bahia, defendida por Maria do Socorro de Queiroz Moura.<\/li>\n<\/ol>\n<ol style=\"text-align: justify\" start=\"4\">\n<li>Consumo de \u00e1lcool, tabaco e outras subst\u00e2ncias psicoativas (SPAS) entre adolescentes escolares de Feira de Santana-Bahia, defendida por Maria Vilma de Queiroz Moura.<\/li>\n<\/ol>\n<ol style=\"text-align: justify\" start=\"5\">\n<li>Evolu\u00e7\u00e3o da mortalidade infantil e seus componentes em Feira de Santana-Bahia, 1979-2002, defendida por Nilma L\u00e1zara de Almeida Cruz (atualmente uma das pesquisadoras do NNEPA).<\/li>\n<\/ol>\n<ol style=\"text-align: justify\" start=\"6\">\n<li>Viol\u00eancia denunciada contra crian\u00e7as e adolescentes nos Conselhos Tutelares do munic\u00edpio de Feira de Santana, no per\u00edodo de 2003-2004, defendida por Josele de Farias Rodrigues.<\/li>\n<\/ol>\n<ol style=\"text-align: justify\" start=\"7\">\n<li>Maternidade na adolesc\u00eancia e condi\u00e7\u00f5es dos rec\u00e9m-nascidos em Feira de Santana-Bahia, defendida por Karine Emanuelle Peixoto de Souza.<\/li>\n<\/ol>\n<p style=\"text-align: justify\"><strong>Refer\u00eancia: <\/strong>Revista de Sa\u00fade Coletiva da Uefs. Feira de Santana: UEFS, n.3, 2007.<\/p>\n<hr \/>\n<p style=\"text-align: justify\"><span class=\"color_2\"><strong><span style=\"color: #008000\">Revista Ci\u00eancia &amp; Sa\u00fade Coletiva<\/span><\/strong><\/span><\/p>\n<p style=\"text-align: justify\"><span class=\"color_2\">Entre os meses de novembro e dezembro de 2007, a professora Dra. Maria Concei\u00e7\u00e3o Oliveira Costa participou do conselho editorial da <strong>Revista Ci\u00eancia &amp; Sa\u00fade Coletiva<\/strong> (ISSN 1413-8123), <strong>volume 12, n\u00ba 5. <\/strong>A edi\u00e7\u00e3o mencionada possui tem\u00e1tica para reflex\u00e3o conceitual e metodol\u00f3gica sobre <strong>\u201c<a href=\"http:\/\/www.cienciaesaudecoletiva.com.br\/edicoes\/saude-e-qualidade-de-vida-para-a-infancia-e-adolescencia\/45\">Sa\u00fade e Qualidade de vida para a Inf\u00e2ncia e Adolesc\u00eancia<\/a>\u201d. <\/strong>A revista tem como objetivo divulgar artigos sobre resultados de pesquisa, debates e revis\u00e3o na \u00e1rea de sa\u00fade coletiva.<br \/>\n<\/span><\/p>\n<p style=\"text-align: justify\">Na edi\u00e7\u00e3o foram publicadas as seguintes produ\u00e7\u00f5es de pesquisadores do NNEPA:<\/p>\n<p style=\"text-align: justify\"><span class=\"normal\"><b>EDITORIAL: Promo\u00e7\u00e3o da qualidade de vida para a inf\u00e2ncia e adolesc\u00eancia <\/b>(Maria Concei\u00e7\u00e3o Oliveira Costa e Marc Bigras)<\/span><\/p>\n<p style=\"text-align: justify\"><strong>DEBATE:<\/strong> <span class=\"normal\">\u00a0<\/span><span class=\"normal\"><b>Mecanismos pessoais e coletivos de prote\u00e7\u00e3o e promo\u00e7\u00e3o da qualidade de vida para a inf\u00e2ncia e adolesc\u00eancia<\/b><\/span><span class=\"normal\"> (Maria Concei\u00e7\u00e3o Oliveira Costa e Marc Bigras)<\/span><\/p>\n<p style=\"text-align: justify\"><span class=\"normal\"><b>O perfil da viol\u00eancia contra crian\u00e7as e adolescentes, segundo registros de Conselhos Tutelares: v\u00edtimas, agressores e manifesta\u00e7\u00f5es de viol\u00eancia <\/b>(Maria Concei\u00e7\u00e3o Oliveira Costa, Rosely Cabral de Carvalho, Josele de F. R. Santa B\u00e1rbara, Carlos Antonio S. T. Santos, Wandelene de A. Gomes, Helo\u00edsa Lima de Sousa).\u00a0<b> <\/b><\/span><\/p>\n<p style=\"text-align: justify\"><span class=\"normal\"><b>Experimenta\u00e7\u00e3o e uso regular de bebidas alco\u00f3licas, cigarros e outras subst\u00e2ncias psicoativas\/SPA na adolesc\u00eancia <\/b>(Maria Concei\u00e7\u00e3o Oliveira Costa, Maria Vilma de Q. M. Alves, Carlos Antonio S. T. Santos, Rosely Cabral de Carvalho, Karine Emanuelle P. de Souza, Helo\u00edsa Lima de Sousa). <\/span><\/p>\n<p style=\"text-align: justify\"><span class=\"font_8\"><strong>Refer\u00eancia: <\/strong>Ci\u00eancia &amp; Sa\u00fade Coletiva. Rio de Janeiro: ABRASCO, v.12, n.5, 2007.<\/span><\/p>\n<p style=\"text-align: justify\">A <strong>Revista Ci\u00eancia &amp; Sa\u00fade Coletiva<\/strong> (ISSN 1413-8123), publicada no m\u00eas de mar\u00e7o de <strong>2014, vol. 19, de n\u00famero 3<\/strong>, sobre o tema &#8220;<strong>Risco e prote\u00e7\u00e3o \u00e0 sa\u00fade e bem-estar na inf\u00e2ncia e adolesc\u00eancia<\/strong>&#8221; e contou a organiza\u00e7\u00e3o das professoras Maria Concei\u00e7\u00e3o Oliveira Costa, Simone Gon\u00e7alves de Assis e Martine H\u00e9bert.<\/p>\n<p style=\"text-align: justify\">Nessa edi\u00e7\u00e3o constam artigos e resenhas que contaram com a contribui\u00e7\u00e3o da docente supracitada\u00a0 e com pesquisadores vinculados ao NNEPA.<\/p>\n<p style=\"text-align: justify\"><strong>Gravidez na adolesc\u00eancia: an\u00e1lise de fatores de risco para baixo peso, prematuridade e cesariana<\/strong>. (Nilma L\u00e1zara de Almeida Cruz Santos; Maria Concei\u00e7\u00e3o Oliveira Costa; Magali Teres\u00f3polis Reis Amaral; Graciete Oliveira Vieira; Eloisa Barreto Bacelar; Andr\u00e9 Henrique do Vale de Almeida)<\/p>\n<p style=\"text-align: justify\"><strong>Inicia\u00e7\u00e3o e consumo de subst\u00e2ncias psicoativas entre adolescentes e adultos jovens de Centro de Aten\u00e7\u00e3o Psicossocial Antidrogas\/CAPS-AD.<\/strong>\u00a0 (Carolina Carvalho Silva; Maria Concei\u00e7\u00e3o Oliveira Costa; Rosely Cabral de Carvalho; Magali Teres\u00f3polis Reis Amaral; Nilma L\u00e1zara de Almeida Cruz; Mariana Rocha da Silva)<\/p>\n<p style=\"text-align: justify\"><strong>Fatores associados \u00e0 infec\u00e7\u00e3o pelo HIV\/AIDS entre adolescentes e adultos jovens matriculados em Centro de Testagem e Aconselhamento no Estado de Bahia, Brasil.<\/strong> (Bianca de Souza Pereira; Maria Concei\u00e7\u00e3o Oliveira Costa; Magali Teres\u00f3polis Reis Amaral; Herv\u00e2nia Santana da Costa; Carlos Alberto Lima da Silva; Vanessa Silva Sampaio)<\/p>\n<p style=\"text-align: justify\"><strong>Viol\u00eancia sexual e coocorr\u00eancias em crian\u00e7as e adolescentes: estudo das incid\u00eancias ao longo de uma d\u00e9cada.<\/strong> (Jacqueline Reiter de Oliveira; Maria Concei\u00e7\u00e3o Oliveira Costa; Magali Teres\u00f3polis Reis Amaral; Clarice Alves Santos; Simone Gon\u00e7alves de Assis; Ohana Cunha do Nascimento)<\/p>\n<p style=\"text-align: justify\"><strong>Sistema de Vigil\u00e2ncia de Viol\u00eancias e Acidentes\/VIVA e a notifica\u00e7\u00e3o da viol\u00eancia infanto-juvenil, no Sistema \u00danico de Sa\u00fade\/SUS de Feira de Santana-Bahia, Brasil.<\/strong> (Camila dos Santos Souza; Maria Concei\u00e7\u00e3o Oliveira Costa; Simone Gon\u00e7alves de Assis; Jamilly Oliveira Musse; Carlito Nascimento Sobrinho; Magali Teres\u00f3polis Reis Amaral)<\/p>\n<p style=\"text-align: justify\"><strong>L\u2019agression sexuelle envers l\u00eas enfants.<\/strong> (Abuso sexual de crian\u00e7as). (H\u00e9bert M; Cyr M; Tourigny M.; resenhado por Maria Concei\u00e7\u00e3o Oliveira Costa)<\/p>\n<p style=\"text-align: justify\"><strong>Viol\u00eancia e vitimiza\u00e7\u00e3o na inf\u00e2ncia e adolesc\u00eancia \u2013 a inclus\u00e3o da escola no reconhecimento e preven\u00e7\u00e3o.<\/strong> (Maria Concei\u00e7\u00e3o Oliveira Costa. Resenhado por Jeidson Ant\u00f4nio Moraes Marques)<\/p>\n<p style=\"text-align: justify\"><strong>Vivendo esse mundo digital: impactos na sa\u00fade, na educa\u00e7\u00e3o e nos comportamentos sociais.<\/strong> (Abrey, C.N.; Eisenstein, E.; Estefenon, S.G.; Resenhado por Nilton Cesar Nogueira dos Santos; Pio Moerbeck da Costa-Filho).<\/p>\n<p style=\"text-align: justify\"><strong>Refer\u00eancia:<\/strong> Ci\u00eancia &amp; Sa\u00fade Coletiva. Rio de Janeiro: ABRASCO, v.19, n.3, 2014.<\/p>\n<hr \/>\n<p style=\"text-align: justify\"><span style=\"color: #008000\"><strong>Revista Adolesc\u00eancia e Sa\u00fade<\/strong><\/span><\/p>\n<p style=\"text-align: justify\">A revista Adolesc\u00eancia e Sa\u00fade (ISSN 1679-9943), em edi\u00e7\u00e3o especial Brasil-Canad\u00e1, referente aos meses de julho a setembro de 2015, publicou produ\u00e7\u00e3o de pesquisadores do NNEPA, a saber:<\/p>\n<p style=\"text-align: justify\"><strong>EDITORIAL: Desafios e perspectivas de pesquisas e pr\u00e1ticas direcionadas \u00e0 adolesc\u00eancia em contextos socioculturais distintos<\/strong> (Maria Concei\u00e7\u00e3o Oliveira Costa; Isabel Bouzas; Felipe Jannuzzi)<\/p>\n<p style=\"text-align: justify\"><strong>Viol\u00eancia perpetradas em crian\u00e7as e adolescentes: incid\u00eancias ao in\u00edcio e final de uma d\u00e9cada<\/strong> (Heloisa Lima de Sousa; Maria Concei\u00e7\u00e3o Oliveira Costa; Magali Teres\u00f3polis Reis Amaral; Carlito Lopes Nascimento Sobrinho; Nilma L\u00e1zara Almeida Cruz Santos; Ohana Cunha do Nascimento)<\/p>\n<p style=\"text-align: justify\"><strong>Adolescentes autores de abuso sexual: atitudes e comportamentos face \u00e0 sexualidade<\/strong> (Monique Tardif; Katherine Pascuzzo; Maria Concei\u00e7\u00e3o O. Costa).<\/p>\n<p style=\"text-align: justify\"><strong>Fatores associados \u00e0 ocorr\u00eancia e s\u00edfilis em adolescentes do sexo masculino, feminino e gestantes de um centro de Refer\u00eancia Municipal\/ CRM &#8211; DST\/HIV\/AIDS em Feira de Santana, Bahia<\/strong> (Milena de Oliveira P\u00e9rsico Monteiro; Maria Concei\u00e7\u00e3o O. Costa; Graciete Oliveira Vieira; Carlos Alberto Lima da Silva).<\/p>\n<p style=\"text-align: justify\"><strong>Agressor sexual de crian\u00e7as e adolescentes: an\u00e1lise de situa\u00e7\u00f5es relacionadas \u00e0 viola\u00e7\u00e3o e v\u00edtimas<\/strong> (Clarice Alves dos Santos; Maria Concei\u00e7\u00e3o O. Costa; Magali Teres\u00f3polis Reis Amaral; Carlito Lopes Nascimento Sobrinho; Jamilly de Oliveira Musse; Aline Moerbeck da Costa).<\/p>\n<p style=\"text-align: justify\"><strong>Refer\u00eancia:<\/strong> Adolesc\u00eancia &amp; Sa\u00fade, Rio de Janeiro, v. 12, n. 3, jul-set, 2015.<\/p>\n<p>&nbsp;<\/p>\n","protected":false},"excerpt":{"rendered":"<p>Revistas Revista de Sa\u00fade Coletiva da Universidade Estadual de Feira de Santana Em 2007 foi publicada a Edi\u00e7\u00e3o Especial da Revista de Sa\u00fade Coletiva da Universidade Estadual de Feira de [&hellip;]<\/p>\n","protected":false},"author":8,"featured_media":0,"parent":0,"menu_order":14,"comment_status":"closed","ping_status":"closed","template":"","meta":{"footnotes":""},"class_list":["post-304","page","type-page","status-publish","hentry"],"_links":{"self":[{"href":"https:\/\/ppgsc2.uefs.br\/nnepa\/wp-json\/wp\/v2\/pages\/304","targetHints":{"allow":["GET"]}}],"collection":[{"href":"https:\/\/ppgsc2.uefs.br\/nnepa\/wp-json\/wp\/v2\/pages"}],"about":[{"href":"https:\/\/ppgsc2.uefs.br\/nnepa\/wp-json\/wp\/v2\/types\/page"}],"author":[{"embeddable":true,"href":"https:\/\/ppgsc2.uefs.br\/nnepa\/wp-json\/wp\/v2\/users\/8"}],"replies":[{"embeddable":true,"href":"https:\/\/ppgsc2.uefs.br\/nnepa\/wp-json\/wp\/v2\/comments?post=304"}],"version-history":[{"count":4,"href":"https:\/\/ppgsc2.uefs.br\/nnepa\/wp-json\/wp\/v2\/pages\/304\/revisions"}],"predecessor-version":[{"id":312,"href":"https:\/\/ppgsc2.uefs.br\/nnepa\/wp-json\/wp\/v2\/pages\/304\/revisions\/312"}],"wp:attachment":[{"href":"https:\/\/ppgsc2.uefs.br\/nnepa\/wp-json\/wp\/v2\/media?parent=304"}],"curies":[{"name":"wp","href":"https:\/\/api.w.org\/{rel}","templated":true}]}}