{"id":292,"date":"2021-04-22T15:23:03","date_gmt":"2021-04-22T18:23:03","guid":{"rendered":"https:\/\/ppgsc2.uefs.br\/nnepa\/?page_id=292"},"modified":"2021-04-22T15:23:03","modified_gmt":"2021-04-22T18:23:03","slug":"objetivos","status":"publish","type":"page","link":"https:\/\/ppgsc2.uefs.br\/nnepa\/objetivos\/","title":{"rendered":"Objetivos"},"content":{"rendered":"<h4><strong>Objetivos\u00a0 \u00a0 \u00a0 \u00a0 \u00a0 \u00a0 \u00a0 \u00a0 \u00a0 \u00a0 \u00a0 \u00a0 \u00a0 \u00a0 \u00a0 \u00a0 \u00a0 \u00a0 \u00a0 \u00a0 \u00a0 \u00a0 \u00a0 \u00a0 \u00a0 \u00a0 \u00a0 \u00a0 \u00a0 \u00a0 \u00a0 \u00a0 \u00a0 \u00a0 \u00a0<\/strong><\/h4>\n<ol>\n<li style=\"text-align: justify\">Proporcionar, entre pesquisadores-professores, alunos e colaboradores, o desenvolvimento de habilidades capazes de ampliar o conhecimento t\u00e9cnico e cient\u00edfico, assim como a participa\u00e7\u00e3o m\u00fatua, no desenvolvimento pessoal e coletivo dos integrantes do grupo, fortalecendo a perspectiva da corresponsabilidade, no processo de trabalho em equipe;<\/li>\n<li style=\"text-align: justify\">Realizar atividades de pesquisa, extens\u00e3o, forma\u00e7\u00e3o de recursos humanos e divulga\u00e7\u00e3o do conhecimento, em parceria com outras Universidades e Servi\u00e7os P\u00fablicos de aten\u00e7\u00e3o \u00e0 inf\u00e2ncia, adolesc\u00eancia e juventude;<\/li>\n<li style=\"text-align: justify\">Fortalecer as linhas de pesquisa do PPGSC\/ UEFS e contribuir com a forma\u00e7\u00e3o profissional e acad\u00eamica de alunos de gradua\u00e7\u00e3o e p\u00f3s-gradua\u00e7\u00e3o\/UEFS;<\/li>\n<li>Promover integra\u00e7\u00e3o-articula\u00e7\u00e3o entre equipes de pesquisadores e alunos da Universidade, com t\u00e9cnicos da Rede de Inst\u00e2ncias de Atendimento, Defesa e Garantia de Direitos de grupos vulner\u00e1veis, no munic\u00edpio e regi\u00e3o do semi\u00e1rido da Bahia.<\/li>\n<\/ol>\n<p>&nbsp;<\/p>\n","protected":false},"excerpt":{"rendered":"<p>Objetivos\u00a0 \u00a0 \u00a0 \u00a0 \u00a0 \u00a0 \u00a0 \u00a0 \u00a0 \u00a0 \u00a0 \u00a0 \u00a0 \u00a0 \u00a0 \u00a0 \u00a0 \u00a0 \u00a0 \u00a0 \u00a0 \u00a0 \u00a0 \u00a0 \u00a0 \u00a0 \u00a0 \u00a0 \u00a0 \u00a0 [&hellip;]<\/p>\n","protected":false},"author":8,"featured_media":0,"parent":0,"menu_order":2,"comment_status":"closed","ping_status":"closed","template":"","meta":{"footnotes":""},"class_list":["post-292","page","type-page","status-publish","hentry"],"_links":{"self":[{"href":"https:\/\/ppgsc2.uefs.br\/nnepa\/wp-json\/wp\/v2\/pages\/292","targetHints":{"allow":["GET"]}}],"collection":[{"href":"https:\/\/ppgsc2.uefs.br\/nnepa\/wp-json\/wp\/v2\/pages"}],"about":[{"href":"https:\/\/ppgsc2.uefs.br\/nnepa\/wp-json\/wp\/v2\/types\/page"}],"author":[{"embeddable":true,"href":"https:\/\/ppgsc2.uefs.br\/nnepa\/wp-json\/wp\/v2\/users\/8"}],"replies":[{"embeddable":true,"href":"https:\/\/ppgsc2.uefs.br\/nnepa\/wp-json\/wp\/v2\/comments?post=292"}],"version-history":[{"count":1,"href":"https:\/\/ppgsc2.uefs.br\/nnepa\/wp-json\/wp\/v2\/pages\/292\/revisions"}],"predecessor-version":[{"id":293,"href":"https:\/\/ppgsc2.uefs.br\/nnepa\/wp-json\/wp\/v2\/pages\/292\/revisions\/293"}],"wp:attachment":[{"href":"https:\/\/ppgsc2.uefs.br\/nnepa\/wp-json\/wp\/v2\/media?parent=292"}],"curies":[{"name":"wp","href":"https:\/\/api.w.org\/{rel}","templated":true}]}}