{"id":258,"date":"2021-04-21T00:44:28","date_gmt":"2021-04-21T03:44:28","guid":{"rendered":"https:\/\/ppgsc2.uefs.br\/nnepa\/?page_id=258"},"modified":"2021-04-25T22:16:37","modified_gmt":"2021-04-26T01:16:37","slug":"parecerista-de-periodico","status":"publish","type":"page","link":"https:\/\/ppgsc2.uefs.br\/nnepa\/parecerista-de-periodico\/","title":{"rendered":"Parecerista de peri\u00f3dico"},"content":{"rendered":"<p style=\"text-align: justify\">A professora Maria Concei\u00e7\u00e3o Oliveira Costa \u00e9 parecerista do peri\u00f3dico Child Abuse &amp; Neglect\u00a0 &#8211; Publica\u00e7\u00e3o oficial da The International Society for Prevention of Child Abuse and Neglect.<\/p>\n<p style=\"text-align: justify\">Child Abuse &amp; Neglect \u00e9 um peri\u00f3dico\u00a0 mensal de ci\u00eancias sociais interdisciplinares, revisado por pares, que cobre a prote\u00e7\u00e3o \u00e0 crian\u00e7a. Foi criado em 1977 e \u00e9 o \u00f3rg\u00e3o oficial da Sociedade Internacional para Preven\u00e7\u00e3o de Abuso e Neglig\u00eancia de Crian\u00e7as. \u00c9 publicado pela Elsevier e a editora-chefe \u00e9 Christine Wekerle.<\/p>\n<p style=\"text-align: justify\">Child Abuse &amp; Neglect\u00a0 publica artigos sobre bem-estar infantil, sa\u00fade, ajuda humanit\u00e1ria, justi\u00e7a, sa\u00fade mental, sa\u00fade p\u00fablica e sistemas de servi\u00e7o social.\u00a0A revista reconhece que a prote\u00e7\u00e3o \u00e0 crian\u00e7a \u00e9 uma preocupa\u00e7\u00e3o global que continua a evoluir. Consequentemente, a publica\u00e7\u00e3o destina-se a ser \u00fatil a acad\u00eamicos, formuladores de pol\u00edticas, cidad\u00e3os interessados, defensores e profissionais liberais em pa\u00edses que s\u00e3o diversos em riqueza, cultura e natureza de seu sistema formal de prote\u00e7\u00e3o \u00e0 crian\u00e7a.\u00a0<em>Child Abuse &amp; Neglect<\/em>\u00a0d\u00e1 as boas-vindas a contribui\u00e7\u00f5es baseadas nas tradi\u00e7\u00f5es de culturas e ambientes espec\u00edficos, bem como em perspectivas globais. Os formatos de artigo incluem relat\u00f3rios emp\u00edricos, relat\u00f3rios te\u00f3ricos e metodol\u00f3gicos e revis\u00f5es convidadas.<\/p>\n","protected":false},"excerpt":{"rendered":"<p>A professora Maria Concei\u00e7\u00e3o Oliveira Costa \u00e9 parecerista do peri\u00f3dico Child Abuse &amp; Neglect\u00a0 &#8211; Publica\u00e7\u00e3o oficial da The International Society for Prevention of Child Abuse and Neglect. Child Abuse [&hellip;]<\/p>\n","protected":false},"author":8,"featured_media":0,"parent":0,"menu_order":17,"comment_status":"closed","ping_status":"closed","template":"","meta":{"footnotes":""},"class_list":["post-258","page","type-page","status-publish","hentry"],"_links":{"self":[{"href":"https:\/\/ppgsc2.uefs.br\/nnepa\/wp-json\/wp\/v2\/pages\/258","targetHints":{"allow":["GET"]}}],"collection":[{"href":"https:\/\/ppgsc2.uefs.br\/nnepa\/wp-json\/wp\/v2\/pages"}],"about":[{"href":"https:\/\/ppgsc2.uefs.br\/nnepa\/wp-json\/wp\/v2\/types\/page"}],"author":[{"embeddable":true,"href":"https:\/\/ppgsc2.uefs.br\/nnepa\/wp-json\/wp\/v2\/users\/8"}],"replies":[{"embeddable":true,"href":"https:\/\/ppgsc2.uefs.br\/nnepa\/wp-json\/wp\/v2\/comments?post=258"}],"version-history":[{"count":3,"href":"https:\/\/ppgsc2.uefs.br\/nnepa\/wp-json\/wp\/v2\/pages\/258\/revisions"}],"predecessor-version":[{"id":319,"href":"https:\/\/ppgsc2.uefs.br\/nnepa\/wp-json\/wp\/v2\/pages\/258\/revisions\/319"}],"wp:attachment":[{"href":"https:\/\/ppgsc2.uefs.br\/nnepa\/wp-json\/wp\/v2\/media?parent=258"}],"curies":[{"name":"wp","href":"https:\/\/api.w.org\/{rel}","templated":true}]}}