{"id":255,"date":"2021-04-21T00:20:19","date_gmt":"2021-04-21T03:20:19","guid":{"rendered":"https:\/\/ppgsc2.uefs.br\/nnepa\/?page_id=255"},"modified":"2021-04-24T18:29:43","modified_gmt":"2021-04-24T21:29:43","slug":"projetos-de-pesquisas-em-desenvolvimento","status":"publish","type":"page","link":"https:\/\/ppgsc2.uefs.br\/nnepa\/projetos-de-pesquisas-em-desenvolvimento\/","title":{"rendered":"Projetos de pesquisas em desenvolvimento"},"content":{"rendered":"<p style=\"text-align: justify\"><span style=\"color: #339966\">2018 &#8211; Atual<\/span><\/p>\n<p style=\"text-align: justify\"><span style=\"color: #339966\">Sa\u00fade de Jovens e Viol\u00eancia: Interlocu\u00e7\u00e3o entre a Rede de Informa\u00e7\u00e3o em Sa\u00fade e o Sistema de Educa\u00e7\u00e3o, para prevenir a\u00a0vitimiza\u00e7\u00e3o familiar, amorosa e entre pares.<\/span><\/p>\n<p style=\"text-align: justify\">Descri\u00e7\u00e3o: O projeto integra o Programa de Pesquisa para o SUS: Gest\u00e3o Compartilhada em Sa\u00fade &#8211; PPSUS &#8211; Edital FAPESB n\u00ba 03\/2017. Desenvolvido em parceria com a Universidade Cat\u00f3lica de Salvador &#8211; UCSAL, Secretaria Municipal de Educa\u00e7\u00e3o, Programa de A\u00e7\u00f5es Referenciais de Enfrentamento da Viol\u00eancia Infanto-Juvenil &#8211; PAIR e o Conselho Municipal de Defesa da Crian\u00e7a e do Adolescente &#8211; CMDCA\/FSA SEDESO. CONSEPE 065\/2018Objetivo Geral: Analisar eventos violentos de adolescentes e jovens, consequ\u00eancias e fatores associados, utilizando dados secund\u00e1rios de Sistemas de Informa\u00e7\u00e3o que assessoram o SUS, no estado da Bahia, assim como, dados prim\u00e1rios de uma amostra representativa do total de jovens matriculados nas escolas p\u00fablicas de Feira de Santana-Bahia.<\/p>\n<p style=\"text-align: justify\"><span style=\"color: #339966\">2017 &#8211; Atual<\/span><\/p>\n<p style=\"text-align: justify\"><span style=\"color: #339966\">Viol\u00eancia entre Casais e Adolescentes e Adultos Jovens: Preval\u00eancia dos eventos e Associa\u00e7\u00e3o Com Relacionamento Parental E Experi\u00eancias Amorosas Precedentes<\/span><\/p>\n<p style=\"text-align: justify\">Descri\u00e7\u00e3o: Projeto desenvolvido em parceria com a Universidade de Quebec \u00e0 Montreal \u2013 UQAM (Grupo de Pesquisa Viol\u00eancia e Sa\u00fade \u2013 EVISSA e UCSAL (grupo de pesquisa NPEJI). O Projeto \u00e9 resultado dos interc\u00e2mbios estabelecidos com equipes de pesquisa de outras Universidades. Objetivo Geral: Analisar diferentes aspectos relacionados \u00e0 viol\u00eancia entre pares na adolesc\u00eancia e juventude, submetendo um instrumento de pesquisa, original do Canad\u00e1, aos processos metodol\u00f3gicos sistem\u00e1ticos de adapta\u00e7\u00e3o transcultural, valida\u00e7\u00e3o e aplica\u00e7\u00e3o no contexto do Brasil, replicando o PAJ, atrav\u00e9s de outras pesquisas, ligadas \u00e0s Universidades, programas de p\u00f3s-gradua\u00e7\u00e3o e grupos de pesquisa e estudos integrantes do Projeto. CONSEPE 055\/2018.<\/p>\n<p><span style=\"color: #008000\"><strong>2015 &#8211; Atual<\/strong>\u00a0<\/span><\/p>\n<p style=\"text-align: justify\"><span style=\"color: #008000\">Sa\u00fade Reprodutiva na Adolesc\u00eancia e Juventude: Caracter\u00edsticas, Abordagem Epidemiol\u00f3gica e Cl\u00ednica Sobre o Percurso e Evolu\u00e7\u00e3o da Gesta\u00e7\u00e3o, Parto, Nascimentos, Mortalidade Materna e Infantil<\/span><\/p>\n<p style=\"text-align: justify\">Descri\u00e7\u00e3o: Projeto desenvolvido em parceria com a Escola Nacional de Sa\u00fade P\u00fablica \u2013 ENSP\/ FIOCRUZ \u2013 RJ, parceria entre NNEPA e ENSP. O projeto faz parte da Linha de Pesquisa \u201cSa\u00fade Sexual e Reprodutiva na Adolesc\u00eancia e Juventude\u201d, desenvolvida pelo NNEPA\/ PPPG\/ UEFS. O Projeto integra tr\u00eas subprojetos que tratam da tem\u00e1tica da sa\u00fade sexual e reprodutiva de adolescentes e jovens, respectivos filhos, com diferentes enfoques sobre este grupo populacional, em diferentes contextos, regi\u00f5es e munic\u00edpios do pa\u00eds.<\/p>\n<p style=\"text-align: justify\">\n<p style=\"text-align: justify\"><span style=\"color: #008000\"><strong>2014 &#8211; Atual<\/strong>\u00a0\u00a0\u00a0<\/span><\/p>\n<p style=\"text-align: justify\"><span style=\"color: #008000\">DST\/HIV\/AIDS em Crian\u00e7as, Adolescentes e Jovens em Feira de Santana \u2013 Bahia: Perfil Epidemiol\u00f3gico, Fatores de Risco e Prote\u00e7\u00e3o, Terapia Antirretroviral, Sobrevida e Mortalidade.\u00a0\u00a0<\/span><\/p>\n<p style=\"text-align: justify\">Descri\u00e7\u00e3o: O Projeto faz parte da Linha de Pesquisa \u201cVulnerabilidades na Inf\u00e2ncia, Adolesc\u00eancia e Juventude\u201d desenvolvida pelo NNEPA\/UEFS, integrando subprojetos que utilizam ferramentas da epidemiologia para abordar tem\u00e1ticas relacionadas \u00e0s infec\u00e7\u00f5es e doen\u00e7as sexualmente transmiss\u00edveis (S\u00edfilis e Aids) na popula\u00e7\u00e3o de gestantes, crian\u00e7as, adolescentes e adultos jovens matriculados no Centro de Refer\u00eancia Municipal-CRM de DST\/HIV\/AIDS de Feira de Santana-Bahia A parceria do NNEPA com este Centro de Refer\u00eancia permite ampliar interc\u00e2mbios com outras Universidades e Servi\u00e7os, em n\u00edvel nacional e internacional; assim como desenvolver projetos interinstitucionais que contribuem para a qualifica\u00e7\u00e3o t\u00e9cnica dos servidores, para a forma\u00e7\u00e3o de novos pesquisadores e para a intensifica\u00e7\u00e3o da produ\u00e7\u00e3o cient\u00edfica. Esses projetos viabilizam levantar indicadores que subsidiam os Centros de Refer\u00eancia na requalifica\u00e7\u00e3o do seu quadro t\u00e9cnico, assim como na implementa\u00e7\u00e3o de a\u00e7\u00f5es preventivas, controle e interven\u00e7\u00e3o, impulsionando pol\u00edticas direcionadas a esta demanda social, incluindo a ades\u00e3o ao uso dos antirretrovirais, no munic\u00edpio e regi\u00e3o semi\u00e1rida da Bahia.<\/p>\n","protected":false},"excerpt":{"rendered":"<p>2018 &#8211; Atual Sa\u00fade de Jovens e Viol\u00eancia: Interlocu\u00e7\u00e3o entre a Rede de Informa\u00e7\u00e3o em Sa\u00fade e o Sistema de Educa\u00e7\u00e3o, para prevenir a\u00a0vitimiza\u00e7\u00e3o familiar, amorosa e entre pares. Descri\u00e7\u00e3o: [&hellip;]<\/p>\n","protected":false},"author":8,"featured_media":0,"parent":0,"menu_order":5,"comment_status":"closed","ping_status":"closed","template":"","meta":{"footnotes":""},"class_list":["post-255","page","type-page","status-publish","hentry"],"_links":{"self":[{"href":"https:\/\/ppgsc2.uefs.br\/nnepa\/wp-json\/wp\/v2\/pages\/255","targetHints":{"allow":["GET"]}}],"collection":[{"href":"https:\/\/ppgsc2.uefs.br\/nnepa\/wp-json\/wp\/v2\/pages"}],"about":[{"href":"https:\/\/ppgsc2.uefs.br\/nnepa\/wp-json\/wp\/v2\/types\/page"}],"author":[{"embeddable":true,"href":"https:\/\/ppgsc2.uefs.br\/nnepa\/wp-json\/wp\/v2\/users\/8"}],"replies":[{"embeddable":true,"href":"https:\/\/ppgsc2.uefs.br\/nnepa\/wp-json\/wp\/v2\/comments?post=255"}],"version-history":[{"count":3,"href":"https:\/\/ppgsc2.uefs.br\/nnepa\/wp-json\/wp\/v2\/pages\/255\/revisions"}],"predecessor-version":[{"id":297,"href":"https:\/\/ppgsc2.uefs.br\/nnepa\/wp-json\/wp\/v2\/pages\/255\/revisions\/297"}],"wp:attachment":[{"href":"https:\/\/ppgsc2.uefs.br\/nnepa\/wp-json\/wp\/v2\/media?parent=255"}],"curies":[{"name":"wp","href":"https:\/\/api.w.org\/{rel}","templated":true}]}}