{"id":251,"date":"2021-04-21T00:01:26","date_gmt":"2021-04-21T03:01:26","guid":{"rendered":"https:\/\/ppgsc2.uefs.br\/nnepa\/?page_id=251"},"modified":"2025-09-23T09:42:44","modified_gmt":"2025-09-23T12:42:44","slug":"artigos-publicados-2018-2020","status":"publish","type":"page","link":"https:\/\/ppgsc2.uefs.br\/nnepa\/artigos-publicados-2018-2020\/","title":{"rendered":"Artigos publicados (2018-2025)"},"content":{"rendered":"<p>SANTANA, M. A. O. ; COSTA, M.C.O ; SUTO, C. S. S. ; SILVA, N. C. S. ; COSTA, A. M. ; SANTANA, R. C. O. . Percep\u00e7\u00e3o de mulheres sobre viol\u00eancia f\u00edsica no namoro entre adolescentes e jovens. REVISA, v. 14, p. 1357-1368, 2025.<\/p>\n<p>GALVAO, L. R. ; GAMA, S. G. N. ; AMARAL, M. T. R. ; SANTOS, D. B. ; BARROS, N. F. ; COSTA, M.C.O . Spatiotemporal Distribution Of Maternal Mortality Among Adolescents In Brazil: Regional Patterns And Causes Of Death. IOSR JOURNAL OF HUMANITIES AND SOCIAL SCIENCE (ONLINE), v. 30, p. 11-18, 2025.<\/p>\n<p>GALVAO, L. R. ; GAMA, S. G. N. ; AMARAL, M. T. R. ; SANTOS, D. B. ; COELHO, J. M. F. ; COSTA, M.C.O . Maternal Mortality From Covid-19 Among Adolescents And Associated Factors In Brazilian Regions. IOSR JOURNAL OF HUMANITIES AND SOCIAL SCIENCE (ONLINE), v. 30, p. 84-89, 2025.<\/p>\n<p>ROSARIO, WANESSA OLIVEIRA ; COSTA, MARIA CONCEI\u00c7\u00c3O OLIVEIRA ; AMARAL, MAGALI TERES\u00d3POLIS REIS ; Barreto, Christianne Sheilla Leal Almeida ; MUSSE, JAMILLY DE OLIVEIRA ; SANTOS, CLAUDIANA BOMFIM DE ALMEIDA . Homicides of Adolescents and Young People in the State of Bahia-Brazil: Spatial Distribution and Associated Factors, in the Decade 2012-2021. RGSA (ANPAD), v. 19, p. e012793, 2025.<\/p>\n<p>BARROS, N. F. ; AMARAL, M. T. R. ; GALVAO, L. R. ; BARRETO, C. S. L. A. ; ROSARIO, W. O. ; COSTA, M.C.O . Temporal trend of neonatal mortality and correlation between obstetric and newborns indicators of adolescents and young adults in a decade. IOSR JOURNAL OF HUMANITIES AND SOCIAL SCIENCE (ONLINE), v. 30, p. 38-51, 2025.<\/p>\n<p>GALVAO, L. R. ; COSTA, M.C.O ; GAMA, S. G. N. ; AMARAL, M. T. R. ; SANTOS, D. B. ; BARROS, N. F. ; ROSARIO, W. O. . Mortalidade materna na adolesc\u00eancia e juventude: tend\u00eancia temporal e correla\u00e7\u00e3o com pr\u00e9-natal na Bahia, 2000-2020. EPIDEMIOLOGIA E SERVI\u00c7OS DE SA\u00daDE, v. 32, p. e2023103-12, 2023.<\/p>\n<p>LOPES, TAMIRES MUNIZ AVELAR DA SILVA ; COSTA, MARIA CONCEI\u00c7\u00c3O OLIVEIRA ; Barreto, Christianne Sheilla Leal Almeida ; MARTINS JUNIOR, DAVI F\u00c9LIX ; GALV\u00c3O, LORENA RAMALHO ; ROS\u00c1RIO, WANESSA OLIVEIRA ; BARROS, NAYSA FARIAS . Cen\u00e1rio epidemiol\u00f3gico dos casos de HIV-AIDS na adolesc\u00eancia e juventude no estado da Bahia. REVISTA ELETR\u00d4NICA ACERVO EM SA\u00daDE, v. 15, p. e9563, 2022.<\/p>\n<p>CARNEIRO, DAILMA FERREIRA ; COSTA, MARIA CONCEI\u00c7\u00c3O OLIVEIRA ; Barreto, Christianne Sheilla Leal Almeida ; AMARAL, MAGALI TERES\u00d3POLIS REIS . MORTALITY FROM EXTERNAL CAUSES AMONG TEENAGERS IN FEIRA DE SANTANA &#8211; BAHIA: A TIME SERIES STUDY. International Journal of Biological and Natural Sciences, v. 2, p. 2-12, 2022.<\/p>\n<p>CAMPOS, M. R. S. ; COSTA, M.C.O ; FREITAS, K. S. ; AMARAL, M. T. R. ; NASCIMENTO, O. C. ; H\u00c9BERT, Martine ; SANTANA, M. A. O. ; BARROS, N. F. . Validity evidence of the Brazilian version of the inventory Young Pleople&#8217;s Love Journey. INTERNATIONAL JOURNAL OF DEVELOPMENT RESEARCH, v. 11, p. 47928-47934, 2021.<\/p>\n<p style=\"text-align: justify;\">ALMEIDA, A. H. V.\u00a0;\u00a0GAMA, S. G. N.\u00a0;\u00a0COSTA, M.C.O\u00a0; CARMO, C. N. ; PACHECO, V. E. ; MARTINELLI, K. G.; LEAL, M. C. O. Prematuridade e gravidez na adolesc\u00eancia no Brasil, 2011-2012. CADERNOS DE SA\u00daDE P\u00daBLICA, v. 36, p. 1-13, 2020.<\/p>\n<p style=\"text-align: justify;\">ALMEIDA, A. H. V.;\u00a0GAMA, S. G. N.;\u00a0COSTA, M.C.O; VIELLAS, E. F.; MARTINELLI, K. G.; LEAL, M. C. Desigualdades econ\u00f4micas e raciais na assist\u00eancia pr\u00e9-natal de gr\u00e1vidas adolescentes, Brasil, 2011-2012. Revista Brasileira de Sa\u00fade Materno Infantil, v. 19, p. 53-62, 2019.<\/p>\n<p style=\"text-align: justify;\">SILVA, M. L. C. A.;\u00a0COSTA, M.C.O;\u00a0MUSSE, J. O.; ALMEIDA, A. H. V. ; VILAS BOAS, C. D. F. . Les\u00f5es corporais em adolescentes v\u00edtimas de viol\u00eancia f\u00edsica: casos periciados no Instituto M\u00e9dico Legal. ADOLESC\u00caNCIA &amp;amp; SA\u00daDE, v. 15, p. 18-25, 2018.<\/p>\n<p style=\"text-align: justify;\">BARRETO, C. S. L. A.; ARAUJO, R. P. C.;\u00a0MARTINS J\u00daNIOR, D. F.\u00a0; BARRETO FILHO, R. C. ;\u00a0COSTA, M.C.O\u00a0. Perfil da viol\u00eancia que vitima crian\u00e7as no Estado da Bahia, segundo registros do Sistema de Gerenciamento Estat\u00edstico (SGE ) da Secretaria de Seguran\u00e7a P\u00fablica. REVISTA DE SA\u00daDE COLETIVA DA UEFS, v. 8, p. 5-15, 2018.<\/p>\n<p style=\"text-align: justify;\">LOPES, T. C.;\u00a0COSTA, M.C.O;\u00a0MUSSE, J. O.\u00a0Homic\u00eddios de Crian\u00e7as e Adolescentes: Estudo dos Registros do IML de Santana\/Bahia. REVISTA DE SA\u00daDE COLETIVA DA UEFS, v. 8, p. 16-22, 2018.<\/p>\n<p style=\"text-align: justify;\">DIAS, G. C.;\u00a0COSTA, M.C.O;\u00a0MUSSE, J. O.\u00a0Viola\u00e7\u00e3o Sexual de Crian\u00e7as e Adolescentes: perfil dos casos notificados nos Conselhos Tutelares em munic\u00edpio de grande porte da Bahia. REVISTA DE SA\u00daDE COLETIVA DA UEFS, v. 8, p. 23-29, 2018.<\/p>\n<p style=\"text-align: justify;\">COSTA, A. M. ;\u00a0COSTA, M.C.O\u00a0;\u00a0NASCIMENTO, O. C. Percurso Amoroso e Eventos Violentos nas Rela\u00e7\u00f5es de Namoro de Jovens. REVISTA DE SA\u00daDE COLETIVA DA UEFS, v. 8, p. 39-45, 2018.<\/p>\n<p style=\"text-align: justify;\">ANDRADE, C. S. S.;\u00a0COSTA, M.C.O; SILVA, M. L. C. A.;BARRETO, C. S. L. A. . Notifica\u00e7\u00e3o da Viol\u00eancia F\u00edsica e Sexual de Crian\u00e7as e Adolescentes: O Papel do Sistema de Vigil\u00e2ncia de Viol\u00eancias e Acidentes\/VIVA. REVISTA DE SA\u00daDE COLETIVA DA UEFS, v. 8, p. 46-53, 2018.<\/p>\n<p style=\"text-align: justify;\">NASCIMENTO, O. C.; COSTA, A. M. ; CUNHA, B. S. G.;\u00a0COSTA, M.C.O. Viol\u00eancia no Percurso Amoroso e Sa\u00fade Mental de Adolescentes &#8211; Jovens: Revis\u00e3o Integrativa. REVISTA DE SA\u00daDE COLETIVA DA UEFS, v. 8, p. 30-38, 2018.<\/p>\n<p style=\"text-align: justify;\">GRIMALDI, E. F. B. N. G.;\u00a0COSTA, M.C.O;\u00a0NASCIMENTO, O. C.; SANTOS, C. B. A.; COSTA, A. M.; SOUZA, D. P. P. Agressor sexual de crian\u00e7as e adolescentes: perfil e perpetra\u00e7\u00e3o segundo uma d\u00e9cada de registros de Delegacias Especializadas. ADOLESC\u00caNCIA &amp; SA\u00daDE, v. 15, p. 34-44, 2018.<\/p>\n<p><strong>\u00a0<\/strong><\/p>\n<p><strong>\u00a0<\/strong><\/p>\n","protected":false},"excerpt":{"rendered":"<p>SANTANA, M. A. O. ; COSTA, M.C.O ; SUTO, C. S. S. ; SILVA, N. C. S. ; COSTA, A. M. ; SANTANA, R. C. O. . Percep\u00e7\u00e3o de mulheres [&hellip;]<\/p>\n","protected":false},"author":8,"featured_media":0,"parent":0,"menu_order":9,"comment_status":"closed","ping_status":"closed","template":"","meta":{"footnotes":""},"class_list":["post-251","page","type-page","status-publish","hentry"],"_links":{"self":[{"href":"https:\/\/ppgsc2.uefs.br\/nnepa\/wp-json\/wp\/v2\/pages\/251","targetHints":{"allow":["GET"]}}],"collection":[{"href":"https:\/\/ppgsc2.uefs.br\/nnepa\/wp-json\/wp\/v2\/pages"}],"about":[{"href":"https:\/\/ppgsc2.uefs.br\/nnepa\/wp-json\/wp\/v2\/types\/page"}],"author":[{"embeddable":true,"href":"https:\/\/ppgsc2.uefs.br\/nnepa\/wp-json\/wp\/v2\/users\/8"}],"replies":[{"embeddable":true,"href":"https:\/\/ppgsc2.uefs.br\/nnepa\/wp-json\/wp\/v2\/comments?post=251"}],"version-history":[{"count":4,"href":"https:\/\/ppgsc2.uefs.br\/nnepa\/wp-json\/wp\/v2\/pages\/251\/revisions"}],"predecessor-version":[{"id":379,"href":"https:\/\/ppgsc2.uefs.br\/nnepa\/wp-json\/wp\/v2\/pages\/251\/revisions\/379"}],"wp:attachment":[{"href":"https:\/\/ppgsc2.uefs.br\/nnepa\/wp-json\/wp\/v2\/media?parent=251"}],"curies":[{"name":"wp","href":"https:\/\/api.w.org\/{rel}","templated":true}]}}