{"id":249,"date":"2021-04-20T23:47:02","date_gmt":"2021-04-21T02:47:02","guid":{"rendered":"https:\/\/ppgsc2.uefs.br\/nnepa\/?page_id=249"},"modified":"2025-09-10T10:29:31","modified_gmt":"2025-09-10T13:29:31","slug":"teses-e-dissertacoes-concluidas-e-em-andamento-20192020","status":"publish","type":"page","link":"https:\/\/ppgsc2.uefs.br\/nnepa\/teses-e-dissertacoes-concluidas-e-em-andamento-20192020\/","title":{"rendered":"Teses e disserta\u00e7\u00f5es conclu\u00eddas e em andamento"},"content":{"rendered":"<p style=\"text-align: justify;\"><strong>DOUTORADOS CONCLU\u00cdDOS<\/strong><\/p>\n<p style=\"text-align: justify;\">&#8211; Marcos Ant\u00f4nio Oliveira Santana. Viol\u00eancia na intimidade de jovens: fatores antecedentes, manifesta\u00e7\u00f5es violentas e consequ\u00eancias. 2020. 235 f. Tese (Doutorado em Sa\u00fade Coletiva), Programa de P\u00f3s-gradua\u00e7\u00e3o em Sa\u00fade Coletiva, Universidade Estadual de Feira de Santana, Feira de Santana, 2020.<\/p>\n<p>&#8211; Lorena Ramalho Galv\u00e3o. Distribui\u00e7\u00e3o Temporal e Fatores Associados \u00e0 Mortalidade Materna de Adolescentes e Adultas Jovens em Regi\u00f5es do Brasil: 1996-2017. In\u00edcio: 2019. Tese (Doutorado em Doutorado em Sa\u00fade Coletiva) \u2013 Universidade Estadual de Feira de Santana, 2024.<\/p>\n<p>&#8211; Mona Lisa Cordeiro Asselta da Silva. Crian\u00e7as e adolescentes v\u00edtimas de viol\u00eancia atendidas em servi\u00e7os de urg\u00eancia e emerg\u00eancia participantes do VIVA inqu\u00e9rito. In\u00edcio: 2017. Tese (Doutorado em Doutorado em Sa\u00fade Coletiva) \u2013 Universidade Estadual de Feira de Santana, 2020.<\/p>\n<p>&#8211; Ohana Cunha do Nascimento. Comportamentos internalizantes e externalizantes no percurso amoroso de adolescentes e adultos jovens. In\u00edcio: 2017. Tese (Doutorado em Doutorado em Sa\u00fade Coletiva) \u2013 Universidade Estadual de Feira de Santana, 2020.<\/p>\n<p style=\"text-align: justify;\"><strong>TESES DE DOUTORADO &#8211; EM ANDAMENTO<\/strong><\/p>\n<p style=\"text-align: justify;\">&#8211; Wanessa Oliveira Rosario. Violencia sexual de jovens universit\u00e1rios na pespectiva de diferentes abordagens de pesquisa.<\/p>\n<p>&#8211; Claudiana Bonfim. Ocorr\u00eancias violentas nas rela\u00e7\u00f5es afetivo-sexuais de jovens universit\u00e1rios.<\/p>\n<p style=\"text-align: justify;\"><strong>MESTRADOS CONCLU\u00cdDOS<\/strong><\/p>\n<p>\u2013 Claudiana Bonfim de Almeida Santos. Ocorr\u00eancias violentas nas rela\u00e7\u00f5es afetivo-sexuais de jovens estudantes da rede p\u00fablica de ensino do munic\u00edpio de Feira de Santana \u2013 BA. 2020. 167 f. Disserta\u00e7\u00e3o (Mestrado em Sa\u00fade Coletiva), Programa de P\u00f3s-Gradua\u00e7\u00e3o em Sa\u00fade Coletiva, Universidade Estadual de Feira de Santana, Feira de Santana, 2020.<\/p>\n<p>\u2013 Marcelle Esteves Reis Ferreira. Viol\u00eancia entre jovens estudantes e seus pares: perfil do ato violento, fatores precedentes e sentimentos vivenciados. 2020. 145 f. Disserta\u00e7\u00e3o (Mestrado em Sa\u00fade Coletiva), Programa de P\u00f3s-Gradua\u00e7\u00e3o em Sa\u00fade Coletiva, Universidade Estadual de Feira de Santana \u2013 Feira de Santana. 2020.<\/p>\n<p>&#8211; Wanessa Oliveira Rosario: Homic\u00eddios de adolescentes e jovens no estado da Bahia: estudo em uma d\u00e9cada, Ano de Obten\u00e7\u00e3o: 2023 Disserta\u00e7\u00e3o (Mestrado em Sa\u00fade Coletiva), Programa de P\u00f3s-Gradua\u00e7\u00e3o em Sa\u00fade Coletiva, Universidade Estadual de Feira de Santana, Feira de Santana, 2023<\/p>\n<p>&#8211; Naysa Farias Barros. Mortalidade neonatal em filhos de adolescentes e jovens na regi\u00e3o Nordeste do Brasil. Ano de Obten\u00e7\u00e3o: 2023 Disserta\u00e7\u00e3o (Mestrado em Sa\u00fade Coletiva), Programa de P\u00f3s-Gradua\u00e7\u00e3o em Sa\u00fade Coletiva, Universidade Estadual de Feira de Santana, Feira de Santana, 2023<\/p>\n<p style=\"text-align: justify;\">&#8211; Tamires Muniz Avelar da Silva Lopes. Indicadores De Soropositividade Para HIV\/AIDS e Comorbidades em Adolescentes e Adultos Jovens, no Estado da Bahia. Ano de Obten\u00e7\u00e3o: 2021.\u00a0Disserta\u00e7\u00e3o (Mestrado em Programa de P\u00f3s Gradua\u00e7\u00e3o de Sa\u00fade Coletiva) &#8211; Universidade Estadual de Feira de Santana, Funda\u00e7\u00e3o de Apoio \u00e0 Pesquisa do Estado da Bahia. (Orientador).<\/p>\n\n\n<p><strong>DISSERTA\u00c7\u00d5ES DE MESTRADO &#8211; EM ANDAMENTO<\/strong><\/p>\n\n\n\n<p><\/p>\n","protected":false},"excerpt":{"rendered":"<p>DOUTORADOS CONCLU\u00cdDOS &#8211; Marcos Ant\u00f4nio Oliveira Santana. Viol\u00eancia na intimidade de jovens: fatores antecedentes, manifesta\u00e7\u00f5es violentas e consequ\u00eancias. 2020. 235 f. Tese (Doutorado em Sa\u00fade Coletiva), Programa de P\u00f3s-gradua\u00e7\u00e3o em [&hellip;]<\/p>\n","protected":false},"author":8,"featured_media":0,"parent":0,"menu_order":10,"comment_status":"closed","ping_status":"closed","template":"","meta":{"footnotes":""},"class_list":["post-249","page","type-page","status-publish","hentry"],"_links":{"self":[{"href":"https:\/\/ppgsc2.uefs.br\/nnepa\/wp-json\/wp\/v2\/pages\/249","targetHints":{"allow":["GET"]}}],"collection":[{"href":"https:\/\/ppgsc2.uefs.br\/nnepa\/wp-json\/wp\/v2\/pages"}],"about":[{"href":"https:\/\/ppgsc2.uefs.br\/nnepa\/wp-json\/wp\/v2\/types\/page"}],"author":[{"embeddable":true,"href":"https:\/\/ppgsc2.uefs.br\/nnepa\/wp-json\/wp\/v2\/users\/8"}],"replies":[{"embeddable":true,"href":"https:\/\/ppgsc2.uefs.br\/nnepa\/wp-json\/wp\/v2\/comments?post=249"}],"version-history":[{"count":10,"href":"https:\/\/ppgsc2.uefs.br\/nnepa\/wp-json\/wp\/v2\/pages\/249\/revisions"}],"predecessor-version":[{"id":369,"href":"https:\/\/ppgsc2.uefs.br\/nnepa\/wp-json\/wp\/v2\/pages\/249\/revisions\/369"}],"wp:attachment":[{"href":"https:\/\/ppgsc2.uefs.br\/nnepa\/wp-json\/wp\/v2\/media?parent=249"}],"curies":[{"name":"wp","href":"https:\/\/api.w.org\/{rel}","templated":true}]}}