{"id":159,"date":"2017-10-04T18:53:01","date_gmt":"2017-10-04T21:53:01","guid":{"rendered":"https:\/\/ppgsc2.uefs.br\/nnepa\/?page_id=159"},"modified":"2021-04-25T22:11:39","modified_gmt":"2021-04-26T01:11:39","slug":"artigos-publicados-2010-2015","status":"publish","type":"page","link":"https:\/\/ppgsc2.uefs.br\/nnepa\/artigos-publicados-2010-2015\/","title":{"rendered":"Artigos Publicados (2010 &#8211; 2014)"},"content":{"rendered":"<p class=\"font_8\" style=\"text-align: justify\"><span class=\"color_2\" style=\"color: #000000\">COSTA, M.C.O.;CARVALHO, R.C.; GOMES, W. A.; SILVA, L. M. S.; SILVA, M. R. Avalia\u00e7\u00e3o do Programa Nacional de A\u00e7\u00f5es Integradas e Referenciais (PAIR) para o Enfrentamento da viol\u00eancia sexual contra crian\u00e7as e adolescentes, em Feira de Santana-Bahia. <strong>Ci\u00eancia &amp; Sa\u00fade Coletiva<\/strong>, v. 15, p. 563-574, 2010.<\/span><\/p>\n<p class=\"font_8\"><span style=\"color: #000000\"><strong>Link para acesso:\u00a0<\/strong>http:\/\/www.scielo.br\/scielo.php?script=sci_arttext&amp;pid=S1413-81232010000200033 <\/span><\/p>\n<p class=\"font_8\" style=\"text-align: justify\"><span class=\"color_2\" style=\"color: #000000\">MATOS, A. M.;\u00a0CARVALHO, R. C.;\u00a0COSTA, M. C. O\u00a0; GOMES, K. E. P. S.; SANTOS, L. M. Consumo frequente de bebidas alco\u00f3licas por adolescentes: estudo de fatores associados. <strong>Revista Brasileira de Epidemiologia<\/strong>, v. 13, p. 1-12, 2010.<\/span><\/p>\n<p><span style=\"color: #000000\"><strong>Link para acesso:\u00a0<\/strong>http:\/\/www.scielo.br\/scielo.php?script=sci_arttext&amp;pid=S1415-790X2010000200012<\/span><\/p>\n<p class=\"font_8\" style=\"text-align: justify\"><span class=\"color_2\" style=\"color: #000000\">COSTA, M.C.O.; SANTANA, M. A. O.; CARVALHO, R.C.; SOUZA, K. E. P.; CRUZ, N. L. A.; SILVA, M. R.; SILVA, M. L. C. A. Perfil da vitimiza\u00e7\u00e3o sexual de crian\u00e7as e adolescentes, segundo descri\u00e7\u00e3o de casos por alunos e professores de escolas p\u00fablicas. <strong>Revista Baiana de Sa\u00fade P\u00fablica<\/strong>, v. 34, p. 482-502, 2010.<\/span><\/p>\n<p class=\"font_8\"><span style=\"color: #000000\"><strong>Link para acesso:\u00a0<\/strong>http:\/\/pesquisa.bvsalud.org\/portal\/resource\/pt\/lil-592249<\/span><\/p>\n<p class=\"font_8\" style=\"text-align: justify\"><span class=\"color_2\" style=\"color: #000000\">SANTOS, M. C. C.;\u00a0COSTA, M. C. O; BIGRAS, M.; SANTANA, M. A. O.; ALVES, T. D. B.; NASCIMENTO, O. C.; SILVA, M. R. Atua\u00e7\u00e3o Profissional da Aten\u00e7\u00e3o B\u00e1sica de Sa\u00fade face \u00e0 Identifica\u00e7\u00e3o e Notifica\u00e7\u00e3o da Viol\u00eancia Infanto-Juvenil. <strong>Revista Baiana de Sa\u00fade P\u00fablica<\/strong>, v. 35, p. 118-137, 2011.<\/span><\/p>\n<p><span style=\"color: #000000\"><strong>Link para acesso: <\/strong>http:\/\/pesquisa.bvsalud.org\/sms\/resource\/pt\/lil-602442<strong><br \/>\n<\/strong><\/span><\/p>\n<p class=\"font_8\" style=\"text-align: justify\"><span class=\"color_2\" style=\"color: #000000\">BRITO, C. M. L.;\u00a0VIEIRA, G. O.\u00a0;\u00a0COSTA, M. C. O.\u00a0; OLIVEIRA, N. F. Desenvolvimento neuropsicomotor: o Teste de Denver na triagem dos atrasos cognitivos e neuromotores de pr\u00e9-escolares. <strong>Cadernos de Sa\u00fade P\u00fablica<\/strong> (ENSP. Impresso), v. 27, p. 1403-1414, 2011.<\/span><\/p>\n<p class=\"font_8\" style=\"text-align: justify\"><span style=\"color: #000000\"><strong>Link para acesso: <\/strong>http:\/\/www.scielo.br\/scielo.php?pid=S0102-311X2011000700015&amp;script=sci_abstract&amp;tlng=pt<\/span><\/p>\n<p class=\"font_8\" style=\"text-align: justify\"><span class=\"color_2\" style=\"color: #000000\">SANTOS, B. C.;\u00a0COSTA, M. C. O.; SOUSA, K. E. P.;\u00a0CRUZ, N. L. A; SANTANA, M. C.; NASCIMENTO, O. C. HIV\/AIDS e S\u00edfilis entre Gestantes Adolescentes e Adultas Jovens: Fatores de Exposi\u00e7\u00e3o e Risco dos atendimentos de um Programa de DST\/HIV\/AIDS, na Rede P\u00fablica de Sa\u00fade\/SUS, Bahia, Brasil. <strong>Revista Baiana de Sa\u00fade P\u00fablica<\/strong>, v. 35, p. 179-195, 2011.<\/span><\/p>\n<p class=\"font_8\" style=\"text-align: justify\"><span style=\"color: #000000\"><strong>Link para acesso: <\/strong>http:\/\/pesquisa.bvs.br\/brasil\/resource\/pt\/lil-602446<strong><br \/>\n<\/strong><\/span><\/p>\n<p class=\"font_8\" style=\"text-align: justify\"><span class=\"color_2\" style=\"color: #000000\">MARQUES, J. A. M.; SILVA, M. L. C. A.; ALMEIDA, A. H. V.;MUSSE, J. O. A responsabilidade dos profissionais de sa\u00fade na notifica\u00e7\u00e3o dos casos de viol\u00eancia contra crian\u00e7as e adolescentes de acordo com seus C\u00f3digos de \u00c9tica. <strong>Arquivos em Odontologia<\/strong> (UFMG), v. 48, p. 102, 2012.<\/span><\/p>\n<p class=\"font_8\"><span style=\"color: #000000\"><strong><span class=\"color_2\">Link para acesso: <\/span><\/strong><span class=\"color_2\"><cite class=\"_Rm\">revodonto.bvsalud.org\/pdf\/aodo\/v48n2\/a08v48n2.pdf<\/cite><\/span><strong><span class=\"color_2\"><br \/>\n<\/span><\/strong><\/span><\/p>\n<p class=\"font_8\" style=\"text-align: justify\"><span class=\"color_2\" style=\"color: #000000\">SILVA, M. L. C. A.; ALMEIDA, A. H. V.; MUSSE, J. O.; MARQUES, J. A. M.; COSTA, M. C. O. Responsabilidade \u00e9tica e legal dos profissionais de sa\u00fade que integram a ESF e NASF diante de casos de viol\u00eancia. <strong>Revista Brasileira de Odontologia Legal<\/strong>, v. 1, p. 12-20, 2012.<\/span><\/p>\n<p class=\"font_8\"><span style=\"color: #000000\"><strong><span class=\"color_2\">Link para acesso:\u00a0<\/span><\/strong><span class=\"color_2\">http:\/\/portalabol.com.br\/rbol\/index.php\/RBOL\/article\/view\/7<\/span><\/span><\/p>\n<p class=\"font_8\" style=\"text-align: justify\"><span class=\"color_2\" style=\"color: #000000\">MUSSE, J. O.; SILVA, M. L. C. A. ;MARQUES, J. A. M.; RODRIGUES, A. A. A. O.; PIMENTA, R.M.C .; MATOS, F. R. R. O. Levantamento de les\u00f5es na regi\u00e3o bucomaxilofacial em v\u00edtimas de viol\u00eancia periciadas no Instituto M\u00e9dico Legal (IML) de Feira de Santana-BA, entre 2007 e 2009. <strong>Arquivos em Odontologia<\/strong> (UFMG. Online), v. 49, p. 154, 2013.<\/span><\/p>\n<p class=\"font_8\" style=\"text-align: justify\"><span style=\"color: #000000\"><strong><span class=\"color_2\">Link para acesso<\/span><\/strong><\/span>: <span style=\"color: #000000\">http:\/\/revodonto.bvsalud.org\/scielo.php?pid=S1516-09392013000400001&amp;script=sci_arttext<\/span><\/p>\n<p class=\"font_8\" style=\"text-align: justify\"><span class=\"color_2\" style=\"color: #000000\">COSTA, M. C. O.; MATOS, A. M. ; CARVALHO, R. C.; AMARAL, M. T. R. ; CRUZ, N. L. A.; LOPES, T. C. Uso frequente e precoce de bebidas alco\u00f3licas na adolesc\u00eancia: an\u00e1lise de fatores associados. <strong>Adolesc\u00eancia &amp; Sa\u00fade<\/strong>, v. 10, p. 25-32, 2013.<\/span><\/p>\n<p class=\"font_8\"><span class=\"color_2\" style=\"color: #000000\"><strong><span style=\"color: #000000\"><span class=\"color_2\">Link para acesso<\/span><\/span>:\u00a0<\/strong>http:\/\/www.adolescenciaesaude.com\/detalhe_artigo.asp?id=422 <\/span><\/p>\n<p class=\"font_8\" style=\"text-align: justify\"><span class=\"color_2\" style=\"color: #000000\">ALMEIDA, A. H. V.; COSTA, M. C. O.; GAMA, S. G. N.; AMARAL, M. T. R.; VIEIRA, G. O. Baixo peso ao nascer em adolescentes e adultas jovens na Regi\u00e3o Nordeste do Brasil. <strong>Revista Brasileira de Sa\u00fade Materno Infantil<\/strong> (Impresso), v. 14, p. 279-286, 2014.<\/span><\/p>\n<p class=\"font_8\" style=\"text-align: justify\"><span class=\"color_2\" style=\"color: #000000\"><strong><span style=\"color: #000000\"><span class=\"color_2\">Link para acesso<\/span><\/span>:\u00a0<\/strong>http:\/\/www.adolescenciaesaude.com\/detalhe_artigo.asp?id=422<\/span><\/p>\n<p class=\"font_8\" style=\"text-align: justify\"><span class=\"color_2\" style=\"color: #000000\">PEREIRA, B. S.; COSTA, M. C. O.; AMARAL, M. T. R.; COSTA, H. S.; SILVA, C. A. L.; SAMPAIO, V. S. Fatores associados \u00e0 infec\u00e7\u00e3o pelo HIV\/AIDS entre adolescentes e adultos jovens matriculados em Centro de Testagem e Aconselhamento no Estado da Bahia, Brasil. <strong>Ci\u00eancia e Sa\u00fade Coletiva<\/strong> (Impresso), v. 19, p. 747-758, 2014.<\/span><\/p>\n<p><span style=\"color: #000000\"><span class=\"color_2\" style=\"color: #000000\"><strong><span class=\"color_2\">Link para acesso<\/span>:<\/strong><\/span> http:\/\/www.scielo.br\/scielo.php?pid=S1413-81232014000300747&amp;script=sci_abstract&amp;tlng=pt<\/span><\/p>\n<p class=\"font_8\" style=\"text-align: justify\"><span class=\"color_2\" style=\"color: #000000\">GAMA, S. G. N.; FILHA, M. T.; CARVALHO, M. L.; OLIVEIRA, E. V.; SCHILITHZ, A. O. C.; GOMES, K.;COSTA, M. C. O. Fatores associados a cesariana entre prim\u00edparas adolescentes no Brasil, 2011-2012. <strong>Cadernos de Sa\u00fade P\u00fablica<\/strong> (ENSP. Impresso), v. 30, p. S1-S11, 2014.<\/span><\/p>\n<p class=\"font_8\"><span style=\"color: #000000\"><span class=\"color_2\" style=\"color: #000000\"><strong><span class=\"color_2\">Link para acesso<\/span>:\u00a0<\/strong>http:\/\/www.scielo.br\/scielo.php?script=sci_arttext&amp;pid=S0102-311X2014001300018<\/span> <\/span><\/p>\n<p class=\"font_8\" style=\"text-align: justify\"><span class=\"color_2\" style=\"color: #000000\">SANTOS, N. L. A. C.; COSTA, M. C. O.; AMARAL, M. T. R.; VIEIRA, G. O.; BACELAR, E. B.; ALMEIDA, A. H. V. Gravidez na adolesc\u00eancia: an\u00e1lise de fatores de risco para baixo peso, prematuridade e cesariana.<strong> Ci\u00eancia e Sa\u00fade Coletiva<\/strong> (Impresso), v. 19, p. 719-726, 2014.<\/span><\/p>\n<p><span style=\"color: #000000\"><span class=\"color_2\" style=\"color: #000000\"><strong><span class=\"color_2\">Link para acesso<\/span>:\u00a0<\/strong><\/span>http:\/\/www.scielo.br\/scielo.php?pid=S1413-81232014000300719&amp;script=sci_abstract&amp;tlng=pt<\/span><\/p>\n<p class=\"font_8\" style=\"text-align: justify\"><span class=\"color_2\" style=\"color: #000000\">SILVA, C. C.; COSTA, M. C. O.; CARVALHO, R. C.; AMARAL, M. T. R.; CRUZ, N. L. A.; SILVA, M. R. Inicia\u00e7\u00e3o e consumo de subst\u00e2ncias psicoativas entre adolescentes e adultos jovens de Centro de Aten\u00e7\u00e3o Psicossocial Antidrogas\/CAPS-AD. <strong>Ci\u00eancia e Sa\u00fade Coletiva<\/strong> (Impresso), v. 19, p. 737-745, 2014.<\/span><\/p>\n<p class=\"font_8\"><span style=\"color: #000000\"><strong><span class=\"color_2\"><span class=\"color_2\" style=\"color: #000000\">Link para acesso: <\/span><\/span><\/strong><span class=\"color_2\"><span class=\"color_2\" style=\"color: #000000\">http:\/\/www.scielo.br\/scielo.php?pid=S1413-81232014000300737&amp;script=sci_abstract&amp;tlng=pt<\/span><\/span><strong><span class=\"color_2\"><span class=\"color_2\" style=\"color: #000000\"><br \/>\n<\/span><\/span><\/strong><\/span><\/p>\n<p class=\"font_8\"><span class=\"color_2\" style=\"color: #000000\">COSTA, M.C.O.; H\u00c9BERT, M; CYR, M; TOURIGNY, M. L&#8217;agression sexuelle en vers les enfants. Qu\u00e9bec: Press Universit\u00e9 du Qu\u00e9bec; 2012. (Collection sant\u00e9 etsociet\u00e9, Tome 1). <strong>Ci\u00eancia e Sa\u00fade Coletiva<\/strong> (Impresso), v. 19, p. 985-986, 2014.<\/span><\/p>\n<p class=\"font_8\"><span class=\"color_2\" style=\"color: #000000\">MARQUES, J. A. M.; Resenha: Viol\u00eancia e vitimiza\u00e7\u00e3o na inf\u00e2ncia e adolesc\u00eancia a inclus\u00e3o da escola no reconhecimento e preven\u00e7\u00e3o. Feira de Santana: Editora UEFS; 2013.Ci\u00eancia e Sa\u00fade Coletiva (Impresso), v. 19, p. 987-989, 2014.<\/span><\/p>\n<p class=\"font_8\"><span style=\"color: #000000\"><strong><span class=\"color_2\"><span class=\"color_2\" style=\"color: #000000\">Link para acesso: <\/span><\/span><\/strong><span class=\"color_2\"><span class=\"color_2\" style=\"color: #000000\">http:\/\/www.scielo.br\/scielo.php?pid=S1413-81232014000300737&amp;script=sci_abstract&amp;tlng=pt<\/span><\/span><strong><span class=\"color_2\"><span class=\"color_2\" style=\"color: #000000\"><br \/>\n<\/span><\/span><\/strong><\/span><\/p>\n<p class=\"font_8\" style=\"text-align: justify\"><span class=\"color_2\" style=\"color: #000000\">SOUZA, C. S.; COSTA, M. C. O.; ASSIS, S. G.; MUSSE, J. O.; SOBRINHO, C. N.; AMARAL, M. T. R. Sistema de Vigil\u00e2ncia de Viol\u00eancias e Acidentes\/VIVA e a notifica\u00e7\u00e3o da viol\u00eancia infanto-juvenil, no Sistema \u00danico de Sa\u00fade\/SUS de Feira de Santana-Bahia, Brasil. <strong>Ci\u00eancia e Sa\u00fade Coletiva<\/strong> (Impresso), v. 19, p. 773-784, 2014.<\/span><\/p>\n<p class=\"font_8\"><span style=\"color: #000000\"><strong><span class=\"color_2\"><span class=\"color_2\" style=\"color: #000000\">Link para acesso: <\/span><\/span><\/strong><span class=\"color_2\"><span class=\"color_2\" style=\"color: #000000\">http:\/\/www.scielo.br\/scielo.php?pid=S1413-81232014000300773&amp;script=sci_abstract&amp;tlng=pt<\/span><\/span><strong><span class=\"color_2\"><span class=\"color_2\" style=\"color: #000000\"><br \/>\n<\/span><\/span><\/strong><\/span><\/p>\n<p class=\"font_8\" style=\"text-align: justify\"><span class=\"color_2\" style=\"color: #000000\">TARDIF, M.; PASCUZZO, K.;COSTA, M.C.O. Adolescentes autores de abuso sexual: atitudes e comportamentos face \u00e0 sexualidade. <strong>Adolesc\u00eancia &amp; Sa\u00fade<\/strong>, v. 12, p. 33-42, 2015.<\/span><\/p>\n<p class=\"font_8\"><span style=\"color: #000000\"><strong><span class=\"color_2\"><span class=\"color_2\" style=\"color: #000000\">Link para acesso: <\/span><\/span><\/strong><span class=\"color_2\"><span class=\"color_2\" style=\"color: #000000\">http:\/\/www.adolescenciaesaude.com\/detalhe_artigo.asp?id=521<\/span><\/span><\/span><\/p>\n<p class=\"font_8\" style=\"text-align: justify\"><span class=\"color_2\" style=\"color: #000000\">SANTOS, C. A.; COSTA, M. C. O.; AMARAL, M. T. R.; SOBRINHO, C. ; MUSSE, J. O. ; COSTA, A.M. Agressor sexual de crian\u00e7as e adolescentes: an\u00e1lise de situa\u00e7\u00f5es relacionadas \u00e0 viola\u00e7\u00e3o e v\u00edtimas. <strong>Adolesc\u00eancia &amp; Sa\u00fade<\/strong>, v. 12, p. 7-10, 2015.<\/span><\/p>\n<p class=\"font_8\"><span style=\"color: #000000\"><strong><span class=\"color_2\"><span class=\"color_2\" style=\"color: #000000\">Link para acesso: <\/span><\/span><\/strong><span class=\"color_2\"><span class=\"color_2\" style=\"color: #000000\">http:\/\/www.adolescenciaesaude.com\/detalhe_artigo.asp?id=519<\/span><\/span><\/span><\/p>\n<p class=\"font_8\" style=\"text-align: justify\"><span class=\"color_2\" style=\"color: #000000\">MONTEIRO, M. O. P.; COSTA, M. C. O; VIEIRA, G. O.; SILVA, C. A. L. Fatores associados \u00e0 ocorr\u00eancia de s\u00edfilis em adolescentes do sexo masculino, feminino e gestantes de um Centro de Refer\u00eancia do SUS.<strong> Adolesc\u00eancia &amp; Sa\u00fade<\/strong>, v. 12, p. 21-32, 2015.<\/span><\/p>\n<p class=\"font_8\" style=\"text-align: justify\"><span style=\"color: #000000\"><strong><span class=\"color_2\"><span class=\"color_2\" style=\"color: #000000\">Link para acesso: <\/span><\/span><\/strong><span class=\"color_2\"><span class=\"color_2\" style=\"color: #000000\">http:\/\/www.adolescenciaesaude.com\/detalhe_artigo.asp?id=520<\/span><\/span><\/span><\/p>\n<p class=\"font_8\" style=\"text-align: justify\"><span class=\"color_2\" style=\"color: #000000\">SOUZA, C. S.;COSTA, M. C. O.; CARVALHO, R. C.; ARA\u00daJO, T. M.; AMARAL, M. T. R. Notifica\u00e7\u00e3o da viol\u00eancia infanto-juvenil em Servi\u00e7os de Emerg\u00eancia do Sistema \u00danico de Sa\u00fade em Feira de Santana, Bahia, Brasil. <strong>Revista Brasileira de Epidemiologia<\/strong>, v. 18, p. 80-93, 2015.<\/span><\/p>\n<p><span style=\"color: #000000\"><strong><span class=\"color_2\"><span class=\"color_2\" style=\"color: #000000\">Link para acesso:<\/span><\/span><\/strong> http:\/\/www.scielo.br\/scielo.php?pid=S1415-790X2015000100080&amp;script=sci_abstract<\/span><\/p>\n<p class=\"font_8\" style=\"text-align: justify\"><span class=\"color_2\" style=\"color: #000000\">SOUSA, H. L.;COSTA, M.C.O.; AMARAL, M. T. R.; NASCIMENTO-SOBRINHO, C. L.; SANTOS, N. L. A. C.; NASCIMENTO, O. C. Viol\u00eancias perpetradas em crian\u00e7as e adolescentes: incid\u00eancias ao in\u00edcio e final de uma d\u00e9cada. <strong>Adolesc\u00eancia &amp; Sa\u00fade<\/strong>, v. 12, p. 74-82, 2015.<\/span><\/p>\n<p class=\"font_8\" style=\"text-align: justify\"><span style=\"color: #000000\"><strong><span class=\"color_2\"><span class=\"color_2\" style=\"color: #000000\">Link para acesso:\u00a0<\/span><\/span><\/strong><span class=\"color_2\"><span class=\"color_2\" style=\"color: #000000\">http:\/\/www.adolescenciaesaude.com\/detalhe_artigo.asp?id=524<\/span><\/span> <\/span><\/p>\n","protected":false},"excerpt":{"rendered":"<p>COSTA, M.C.O.;CARVALHO, R.C.; GOMES, W. A.; SILVA, L. M. S.; SILVA, M. R. Avalia\u00e7\u00e3o do Programa Nacional de A\u00e7\u00f5es Integradas e Referenciais (PAIR) para o Enfrentamento da viol\u00eancia sexual contra [&hellip;]<\/p>\n","protected":false},"author":8,"featured_media":0,"parent":0,"menu_order":7,"comment_status":"closed","ping_status":"closed","template":"","meta":{"footnotes":""},"class_list":["post-159","page","type-page","status-publish","hentry"],"_links":{"self":[{"href":"https:\/\/ppgsc2.uefs.br\/nnepa\/wp-json\/wp\/v2\/pages\/159","targetHints":{"allow":["GET"]}}],"collection":[{"href":"https:\/\/ppgsc2.uefs.br\/nnepa\/wp-json\/wp\/v2\/pages"}],"about":[{"href":"https:\/\/ppgsc2.uefs.br\/nnepa\/wp-json\/wp\/v2\/types\/page"}],"author":[{"embeddable":true,"href":"https:\/\/ppgsc2.uefs.br\/nnepa\/wp-json\/wp\/v2\/users\/8"}],"replies":[{"embeddable":true,"href":"https:\/\/ppgsc2.uefs.br\/nnepa\/wp-json\/wp\/v2\/comments?post=159"}],"version-history":[{"count":6,"href":"https:\/\/ppgsc2.uefs.br\/nnepa\/wp-json\/wp\/v2\/pages\/159\/revisions"}],"predecessor-version":[{"id":184,"href":"https:\/\/ppgsc2.uefs.br\/nnepa\/wp-json\/wp\/v2\/pages\/159\/revisions\/184"}],"wp:attachment":[{"href":"https:\/\/ppgsc2.uefs.br\/nnepa\/wp-json\/wp\/v2\/media?parent=159"}],"curies":[{"name":"wp","href":"https:\/\/api.w.org\/{rel}","templated":true}]}}