{"id":155,"date":"2017-10-04T18:44:09","date_gmt":"2017-10-04T21:44:09","guid":{"rendered":"https:\/\/ppgsc2.uefs.br\/nnepa\/?page_id=155"},"modified":"2025-09-10T10:47:27","modified_gmt":"2025-09-10T13:47:27","slug":"eventos-organizados-pelo-nnepa","status":"publish","type":"page","link":"https:\/\/ppgsc2.uefs.br\/nnepa\/eventos-organizados-pelo-nnepa\/","title":{"rendered":"Eventos Organizados pelo NNEPA"},"content":{"rendered":"<div class=\"layout-cell layout-cell-1 text-align-right\">\n<ul>\n<li><span style=\"font-size: revert; color: #000000;\">Maria Concei\u00e7\u00e3o Oliveira Costa; Musse, Jamilly ; SANTANA, M. A. O. ; SANTOS, C. B. A. ; BARRETO, C. S. L. A. . SEMIN\u00c1RIO AVAN\u00c7ADO: Viol\u00eancia nas Rela\u00e7\u00f5es de Intimidade de Jovens na perspectiva de distintas abordagens de pesquisa. 2024.<\/span><\/li>\n<li class=\"layout-cell layout-cell-11\"><span style=\"color: #000000;\">COSTA, M.C.O. . Semin\u00e1rio Avan\u00e7ado &#8211; PPGSC &#8211; Juventude e viol\u00eancia &#8211; Experi\u00eancias com diferentes abordagens e procedimentos metodol\u00f3gicos. 2022.<\/span><\/li>\n<li><span style=\"color: #000000;\">Jornada Cient\u00edfica NNEPA: Sexualidade, Diversidade e Vulnerabilidade na Adolesc\u00eancia e Juventude. 2015.<\/span><\/li>\n<\/ul>\n<div>\u00a0<\/div>\n<\/div>\n\n\n<p><\/p>\n\n\n\n<p><\/p>\n","protected":false},"excerpt":{"rendered":"<p>Maria Concei\u00e7\u00e3o Oliveira Costa; Musse, Jamilly ; SANTANA, M. A. O. ; SANTOS, C. B. A. ; BARRETO, C. S. L. A. . SEMIN\u00c1RIO AVAN\u00c7ADO: Viol\u00eancia nas Rela\u00e7\u00f5es de Intimidade [&hellip;]<\/p>\n","protected":false},"author":8,"featured_media":0,"parent":0,"menu_order":15,"comment_status":"closed","ping_status":"closed","template":"","meta":{"footnotes":"[]"},"class_list":["post-155","page","type-page","status-publish","hentry"],"_links":{"self":[{"href":"https:\/\/ppgsc2.uefs.br\/nnepa\/wp-json\/wp\/v2\/pages\/155","targetHints":{"allow":["GET"]}}],"collection":[{"href":"https:\/\/ppgsc2.uefs.br\/nnepa\/wp-json\/wp\/v2\/pages"}],"about":[{"href":"https:\/\/ppgsc2.uefs.br\/nnepa\/wp-json\/wp\/v2\/types\/page"}],"author":[{"embeddable":true,"href":"https:\/\/ppgsc2.uefs.br\/nnepa\/wp-json\/wp\/v2\/users\/8"}],"replies":[{"embeddable":true,"href":"https:\/\/ppgsc2.uefs.br\/nnepa\/wp-json\/wp\/v2\/comments?post=155"}],"version-history":[{"count":12,"href":"https:\/\/ppgsc2.uefs.br\/nnepa\/wp-json\/wp\/v2\/pages\/155\/revisions"}],"predecessor-version":[{"id":376,"href":"https:\/\/ppgsc2.uefs.br\/nnepa\/wp-json\/wp\/v2\/pages\/155\/revisions\/376"}],"wp:attachment":[{"href":"https:\/\/ppgsc2.uefs.br\/nnepa\/wp-json\/wp\/v2\/media?parent=155"}],"curies":[{"name":"wp","href":"https:\/\/api.w.org\/{rel}","templated":true}]}}