{"id":129,"date":"2017-09-16T17:13:32","date_gmt":"2017-09-16T20:13:32","guid":{"rendered":"https:\/\/ppgsc2.uefs.br\/nnepa\/?page_id=129"},"modified":"2021-04-25T22:11:59","modified_gmt":"2021-04-26T01:11:59","slug":"artigos-publicados","status":"publish","type":"page","link":"https:\/\/ppgsc2.uefs.br\/nnepa\/artigos-publicados\/","title":{"rendered":"Artigos Publicados (2015 &#8211; 2017)"},"content":{"rendered":"<p style=\"text-align: justify\"><span style=\"color: #333333\">ROSA, M. R. R. ;\u00a0COSTA, M.C.O; ROCHA, A. A. C. ; MARTINS, A. L. L. O ensino da pediatria e da ginecologia na aten\u00e7\u00e3o prim\u00e1ria \u00e0 sa\u00fade: Um relato de experi\u00eancia. <strong>Revista de Sa\u00fade Coletiva da UEFS<\/strong>, v. 7, p. 51-58, 2017.<\/span><\/p>\n<p style=\"text-align: justify\"><span style=\"color: #333333\"><strong><span style=\"color: #333333\">Link para acesso:<\/span> <\/strong>http:\/\/periodicos.uefs.br\/index.php\/saudecoletiva\/article\/view\/1617<\/span><\/p>\n<p style=\"text-align: justify\"><span style=\"color: #333333\">SILVA, M. L. C. A. ;\u00a0<a style=\"color: #333333\" href=\"http:\/\/lattes.cnpq.br\/8174354751364936\">MUSSE, J. O.<\/a>;\u00a0<a style=\"color: #333333\" href=\"http:\/\/lattes.cnpq.br\/3399300304570240\">ALMEIDA, A. H. V.<\/a>; MARQUES, J. A. M. ;\u00a0COSTA, M.C.O. Inj\u00farias dent\u00e1rias traum\u00e1ticas em crian\u00e7as e adolescentes v\u00edtimas de viol\u00eancia periciadas no Instituto M\u00e9dico Legal de Feira de Santana, Bahia. <strong>Revista da Faculdade de Odontologia<\/strong>, v. 21, p. 31-36, 2016. <\/span><\/p>\n<p style=\"text-align: justify\"><span style=\"color: #333333\"><a style=\"color: #333333\" href=\"http:\/\/periodicos.uefs.br\/index.php\/saudecoletiva\/article\/view\/1617\"><strong>Link para acesso: <\/strong><\/a><\/span>http:\/\/seer.upf.br\/index.php\/rfo\/article\/view\/5390<\/p>\n<p style=\"text-align: justify\"><span style=\"color: #333333\"><a style=\"color: #333333\" href=\"http:\/\/lattes.cnpq.br\/5567460839991057\">SOUSA, H. L.<\/a>;\u00a0COSTA, M.C.O;\u00a0<a style=\"color: #333333\" href=\"http:\/\/lattes.cnpq.br\/1670292069735072\">AMARAL, M. T. R.<\/a>\u00a0;\u00a0<a style=\"color: #333333\" href=\"http:\/\/lattes.cnpq.br\/4427495754189995\">NASCIMENTO SOBRINHO, C. L.<\/a>\u00a0; SANTOS, N. L. A. C. ;\u00a0<a style=\"color: #333333\" href=\"http:\/\/lattes.cnpq.br\/9384839228889478\">NASCIMENTO, O. C.<\/a> Viol\u00eancias perpetradas em crian\u00e7as e adolescentes: incid\u00eancias ao in\u00edcio e final de uma d\u00e9cada. <strong>Adolesc\u00eancia &amp; Sa\u00fade<\/strong>, v. 12, p. 74-82, 2015. <\/span><\/p>\n<p><span style=\"color: #333333\"><a style=\"color: #333333\" href=\"http:\/\/periodicos.uefs.br\/index.php\/saudecoletiva\/article\/view\/1617\"><strong>Link para acesso:<\/strong><\/a> http:\/\/www.adolescenciaesaude.com\/detalhe_artigo.asp?id=524<br \/>\n<\/span><\/p>\n<p style=\"text-align: justify\"><span style=\"color: #333333\">MONTEIRO, M. O. P. ;\u00a0COSTA, M.C.O;\u00a0<a style=\"color: #333333\" href=\"http:\/\/lattes.cnpq.br\/9185559159467019\">VIEIRA, G. O.<\/a>;\u00a0<a style=\"color: #333333\" href=\"http:\/\/lattes.cnpq.br\/7858822343214047\">SILVA, C. A. L<\/a>. Fatores associados \u00e0 ocorr\u00eancia de s\u00edfilis em adolescentes do sexo masculino, feminino e gestantes de um Centro de Refer\u00eancia do SUS. <strong>Adolesc\u00eancia &amp; Sa\u00fade<\/strong>, v. 12, p. 21-32, 2015. <\/span><\/p>\n<p style=\"text-align: justify\"><span style=\"color: #333333\"><a style=\"color: #333333\" href=\"http:\/\/www.adolescenciaesaude.com\/detalhe_artigo.asp?id=520\"><strong>Link para acesso:<\/strong><\/a> http:\/\/www.adolescenciaesaude.com\/detalhe_artigo.asp?id=520<br \/>\n<\/span><\/p>\n<p style=\"text-align: justify\"><span style=\"color: #333333\">TARDIF, M. ; PASCUZZO, K. ;\u00a0COSTA, M.C.O. Adolescentes autores de abuso sexual: atitudes e comportamentos face \u00e0 sexualidade. <strong>Adolesc\u00eancia &amp; Sa\u00fade<\/strong>, v. 12, p. 33-42, 2015.<br \/>\n<\/span><\/p>\n<p style=\"text-align: justify\"><span style=\"color: #333333\"><a style=\"color: #333333\" href=\"http:\/\/www.adolescenciaesaude.com\/detalhe_artigo.asp?id=520\"><strong>Link para acesso:<\/strong><\/a> <\/span>http:\/\/www.adolescenciaesaude.com\/detalhe_artigo.asp?id=521<\/p>\n<p style=\"text-align: justify\"><span style=\"color: #333333\">SANTOS, C. A. ;\u00a0COSTA, M.C.O;\u00a0<a style=\"color: #333333\" href=\"http:\/\/lattes.cnpq.br\/1670292069735072\">AMARAL, M. T. R.<\/a>;\u00a0<a style=\"color: #333333\" href=\"http:\/\/lattes.cnpq.br\/4427495754189995\">L SOBRINHO, C.<\/a>\u00a0;\u00a0<a style=\"color: #333333\" href=\"http:\/\/lattes.cnpq.br\/8174354751364936\">MUSSE, J. O.<\/a>\u00a0;\u00a0<a style=\"color: #333333\" href=\"http:\/\/lattes.cnpq.br\/6009922190857338\">COSTA, A.M.<\/a> Agressor sexual de crian\u00e7as e adolescentes: an\u00e1lise de situa\u00e7\u00f5es relacionadas \u00e0 viola\u00e7\u00e3o e v\u00edtimas.<strong> Adolesc\u00eancia &amp; Sa\u00fade<\/strong>, v. 12, p. 7-10, 2015.<br \/>\n<\/span><\/p>\n<p style=\"text-align: justify\"><strong><span style=\"color: #000000\">Link para acesso<\/span>:<\/strong> http:\/\/www.adolescenciaesaude.com\/detalhe_artigo.asp?id=519<\/p>\n<p style=\"text-align: justify\"><span style=\"color: #333333\">SOUZA, CAMILA DOS SANTOS ;\u00a0COSTA, MARIA CONCEI\u00c7\u00c3O OLIVEIRA; CARVALHO, ROSELY CABRAL DE ;\u00a0<a style=\"color: #333333\" href=\"http:\/\/lattes.cnpq.br\/5173511080564745\">ARA\u00daJO, T\u00c2NIA MARIA DE<\/a>; AMARAL, MAGALI TERES\u00d3POLIS REIS. Notifica\u00e7\u00e3o da viol\u00eancia infanto-juvenil em Servi\u00e7os de Emerg\u00eancia do Sistema \u00danico de Sa\u00fade em Feira de Santana, Bahia, Brasil. <strong>Revista Brasileira de Epidemiologia<\/strong>, v. 18, p. 80-93, 2015.<\/span><\/p>\n<p><strong><span style=\"color: #000000\">Link para acesso<\/span>:<\/strong> http:\/\/www.scielo.br\/scielo.php?pid=S1415-790X2015000100080&amp;script=sci_abstract&amp;tlng=pt<\/p>\n<p style=\"text-align: justify\"><span style=\"color: #333333\">SANTOS, C. A.;\u00a0<a style=\"color: #333333\" href=\"http:\/\/lattes.cnpq.br\/4944116234643197\">COSTA, M.C.O<\/a>;\u00a0<a style=\"color: #333333\" href=\"http:\/\/lattes.cnpq.br\/1670292069735072\">AMARAL, M. T. R.<\/a>; NASCIMENTO SOBRINHO, C. L. ; MUSSE, J. O. ; COSTA, A. M. . Agressor sexual de crian\u00e7as e adolescentes: an\u00e1lises de situa\u00e7\u00f5es relacionadas a viola\u00e7\u00e3o e v\u00edtimas. <strong>Adolesc\u00eancia &amp; Sa\u00fade<\/strong>, v. 12, p. 7, 2015.<\/span><\/p>\n<p style=\"text-align: justify\"><strong><span style=\"color: #000000\">Link para acesso<\/span>:\u00a0<\/strong>http:\/\/www.adolescenciaesaude.com\/detalhe_artigo.asp?id=519<\/p>\n<p style=\"text-align: justify\"><span style=\"color: #333333\">SOUZA, H. L. ;\u00a0<a style=\"color: #333333\" href=\"http:\/\/lattes.cnpq.br\/4944116234643197\">COSTA, M.C.O<\/a>;\u00a0<a style=\"color: #333333\" href=\"http:\/\/lattes.cnpq.br\/1670292069735072\">AMARAL, M. T. R.<\/a>; NASCIMENTO SOBRINHO, C. L. ; SANTOS, N. L. A. C. ;\u00a0<a style=\"color: #333333\" href=\"http:\/\/lattes.cnpq.br\/9384839228889478\">NASCIMENTO, O. C.<\/a> Viol\u00eancias perpetradas em crian\u00e7as e adolescentes: incid\u00eancias ao in\u00edcio e final de uma d\u00e9cada. <strong>Adolesc\u00eancia &amp; Sa\u00fade<\/strong>, v. 12, p. 74-82, 2015.<\/span><\/p>\n<p style=\"text-align: justify\"><strong><span style=\"color: #000000\">Link para acesso<\/span>:\u00a0<\/strong>http:\/\/www.adolescenciaesaude.com\/detalhe_artigo.asp?id=524<\/p>\n<p style=\"text-align: justify\"><span style=\"color: #333333\"><a style=\"color: #333333\" href=\"http:\/\/lattes.cnpq.br\/9384839228889478\">NASCIMENTO, O. C.<\/a>;\u00a0COSTA, M.C.O;\u00a0<a style=\"color: #333333\" href=\"http:\/\/lattes.cnpq.br\/0893515092428912\">FREITAS, K. S.<\/a>\u00a0; H\u00c9BERT, Martine; MOREAU, C. Adapta\u00e7\u00e3o transcultural do invent\u00e1rio? Parcous Amoreux des Jeunes &#8211; PAJ? de origem canadense para o contexto brasileiro. <strong>Ci\u00eancia e Sa\u00fade Coletiva<\/strong> (Impresso), v. 20, p. 3417-3426, 2015.<\/span><\/p>\n<p style=\"text-align: justify\"><strong><span style=\"color: #000000\">Link para acesso<\/span>:<\/strong>\u00a0http:\/\/www.scielo.br\/scielo.php?pid=S1413-81232015001103417&amp;script=sci_abstract&amp;tlng=pt<\/p>\n<p>&nbsp;<\/p>\n","protected":false},"excerpt":{"rendered":"<p>ROSA, M. R. R. ;\u00a0COSTA, M.C.O; ROCHA, A. A. C. ; MARTINS, A. L. L. O ensino da pediatria e da ginecologia na aten\u00e7\u00e3o prim\u00e1ria \u00e0 sa\u00fade: Um relato de [&hellip;]<\/p>\n","protected":false},"author":8,"featured_media":0,"parent":0,"menu_order":8,"comment_status":"closed","ping_status":"closed","template":"","meta":{"footnotes":""},"class_list":["post-129","page","type-page","status-publish","hentry"],"_links":{"self":[{"href":"https:\/\/ppgsc2.uefs.br\/nnepa\/wp-json\/wp\/v2\/pages\/129","targetHints":{"allow":["GET"]}}],"collection":[{"href":"https:\/\/ppgsc2.uefs.br\/nnepa\/wp-json\/wp\/v2\/pages"}],"about":[{"href":"https:\/\/ppgsc2.uefs.br\/nnepa\/wp-json\/wp\/v2\/types\/page"}],"author":[{"embeddable":true,"href":"https:\/\/ppgsc2.uefs.br\/nnepa\/wp-json\/wp\/v2\/users\/8"}],"replies":[{"embeddable":true,"href":"https:\/\/ppgsc2.uefs.br\/nnepa\/wp-json\/wp\/v2\/comments?post=129"}],"version-history":[{"count":9,"href":"https:\/\/ppgsc2.uefs.br\/nnepa\/wp-json\/wp\/v2\/pages\/129\/revisions"}],"predecessor-version":[{"id":300,"href":"https:\/\/ppgsc2.uefs.br\/nnepa\/wp-json\/wp\/v2\/pages\/129\/revisions\/300"}],"wp:attachment":[{"href":"https:\/\/ppgsc2.uefs.br\/nnepa\/wp-json\/wp\/v2\/media?parent=129"}],"curies":[{"name":"wp","href":"https:\/\/api.w.org\/{rel}","templated":true}]}}