{"id":60,"date":"2021-05-30T02:33:09","date_gmt":"2021-05-30T05:33:09","guid":{"rendered":"https:\/\/ppgsc2.uefs.br\/nipes\/?page_id=60"},"modified":"2024-06-07T14:59:57","modified_gmt":"2024-06-07T17:59:57","slug":"projetos","status":"publish","type":"page","link":"https:\/\/ppgsc2.uefs.br\/nipes\/projetos\/","title":{"rendered":"Projetos"},"content":{"rendered":"<h4 style=\"text-align: justify;\">Pesquisa<\/h4>\n<p style=\"text-align: justify;\">Programa de investiga\u00e7\u00e3o psicom\u00e9trica da Escala de Conforto para Familiares em Unidades de Terapia Intensiva (ECONF).<\/p>\n<p style=\"text-align: justify;\">Sa\u00fade mental, conforto e qualidade de vida familiares de pessoas em estado cr\u00edtico de sa\u00fade.<\/p>\n<p style=\"padding-left: 30px; text-align: justify;\"><strong>Subprojeto 1:<\/strong> An\u00e1lise Psicom\u00e9trica de Instrumentos para avalia\u00e7\u00e3o de pessoas em estado cr\u00edtico de sa\u00fade e seus familiares;<\/p>\n<p style=\"padding-left: 30px; text-align: justify;\"><strong>Subprojeto 2:<\/strong> Avalia\u00e7\u00e3o da qualidade de vida e os aspectos f\u00edsicos, cognitivos e psicol\u00f3gicos de pacientes durante e ap\u00f3s a hospitaliza\u00e7\u00e3o em Terapia Intensiva;<\/p>\n<p style=\"padding-left: 30px; text-align: justify;\"><strong>Subprojeto 3:<\/strong> Avalia\u00e7\u00e3o da preval\u00eancia e dos fatores de risco associados a S\u00edndrome P\u00f3s Intensiva (PICS-F) em Familiares de pessoas hospitalizadas durante e ap\u00f3s a interna\u00e7\u00e3o.<\/p>\n<p style=\"text-align: justify;\">Produ\u00e7\u00e3o do cuidado para a promo\u00e7\u00e3o do conforto de familiares de pessoas no contexto hospitalar.<\/p>\n<p style=\"padding-left: 30px; text-align: justify;\"><strong>Subprojeto 1:<\/strong> Conhecimento e avalia\u00e7\u00e3o da experi\u00eancia de conforto e desconforto vividos pela fam\u00edlia em situa\u00e7\u00e3o de hospitaliza\u00e7\u00e3o;<\/p>\n<p style=\"padding-left: 30px; text-align: justify;\"><strong>Subprojeto 2:<\/strong> Pr\u00e1ticas de cuidado adotadas por profissionais de sa\u00fade para a promo\u00e7\u00e3o do conforto de fam\u00edlias em situa\u00e7\u00e3o de hospitaliza\u00e7\u00e3o;<\/p>\n<p style=\"padding-left: 30px; text-align: justify;\"><strong>Subprojeto 3:<\/strong> Tecnologia de grupo como estrat\u00e9gia para a promo\u00e7\u00e3o do conforto de fam\u00edlias.<\/p>\n<p style=\"text-align: justify;\">Seguran\u00e7a do paciente na aten\u00e7\u00e3o hospitalar.<\/p>\n<p style=\"text-align: justify;\">Viv\u00eancias de conflitos e dilemas \u00e9ticos na percep\u00e7\u00e3o da equipe de enfermagem no centro cir\u00fargico.<\/p>\n<p style=\"text-align: justify;\">Conflitos e dilemas \u00e9ticos no cuidado da equipe de sa\u00fade no contexto hospitalar.<\/p>\n<p style=\"text-align: justify;\">Produ\u00e7\u00e3o do cuidado para a promo\u00e7\u00e3o do conforto de pessoas com infarto agudo do mioc\u00e1rdio.<\/p>\n<p style=\"text-align: justify;\">Cuidado \u00e0 pessoa em estado de adoecimento e forma\u00e7\u00e3o em sa\u00fade relacionados \u00e0 pesquisa qualitativa e an\u00e1lise existencial (CFQAE).<\/p>\n<h4 style=\"text-align: justify;\">Extens\u00e3o<\/h4>\n<p style=\"text-align: justify;\">Produ\u00e7\u00e3o do cuidado para promo\u00e7\u00e3o do conforto de fam\u00edlias no contexto hospitalar.<\/p>\n","protected":false},"excerpt":{"rendered":"<p>Pesquisa Programa de investiga\u00e7\u00e3o psicom\u00e9trica da Escala de Conforto para Familiares em Unidades de Terapia Intensiva (ECONF). Sa\u00fade mental, conforto e qualidade de vida familiares de pessoas em estado cr\u00edtico [&hellip;]<\/p>\n","protected":false},"author":1,"featured_media":0,"parent":0,"menu_order":0,"comment_status":"closed","ping_status":"closed","template":"","meta":{"footnotes":""},"class_list":["post-60","page","type-page","status-publish","hentry"],"_links":{"self":[{"href":"https:\/\/ppgsc2.uefs.br\/nipes\/wp-json\/wp\/v2\/pages\/60","targetHints":{"allow":["GET"]}}],"collection":[{"href":"https:\/\/ppgsc2.uefs.br\/nipes\/wp-json\/wp\/v2\/pages"}],"about":[{"href":"https:\/\/ppgsc2.uefs.br\/nipes\/wp-json\/wp\/v2\/types\/page"}],"author":[{"embeddable":true,"href":"https:\/\/ppgsc2.uefs.br\/nipes\/wp-json\/wp\/v2\/users\/1"}],"replies":[{"embeddable":true,"href":"https:\/\/ppgsc2.uefs.br\/nipes\/wp-json\/wp\/v2\/comments?post=60"}],"version-history":[{"count":5,"href":"https:\/\/ppgsc2.uefs.br\/nipes\/wp-json\/wp\/v2\/pages\/60\/revisions"}],"predecessor-version":[{"id":67,"href":"https:\/\/ppgsc2.uefs.br\/nipes\/wp-json\/wp\/v2\/pages\/60\/revisions\/67"}],"wp:attachment":[{"href":"https:\/\/ppgsc2.uefs.br\/nipes\/wp-json\/wp\/v2\/media?parent=60"}],"curies":[{"name":"wp","href":"https:\/\/api.w.org\/{rel}","templated":true}]}}