{"id":49,"date":"2021-05-30T02:28:13","date_gmt":"2021-05-30T05:28:13","guid":{"rendered":"https:\/\/ppgsc2.uefs.br\/nipes\/?page_id=49"},"modified":"2024-06-07T14:59:57","modified_gmt":"2024-06-07T17:59:57","slug":"equipe","status":"publish","type":"page","link":"https:\/\/ppgsc2.uefs.br\/nipes\/equipe\/","title":{"rendered":"Equipe"},"content":{"rendered":"<h4>Coordena\u00e7\u00e3o<\/h4>\n<ul>\n<li>Prof\u00aa Dr\u00aa Katia Santana Freitas (<a href=\"http:\/\/lattes.cnpq.br\/0893515092428912)\">lattes<\/a>)<\/li>\n<\/ul>\n<h4><\/h4>\n<h4>Vice-coordena\u00e7\u00e3o<\/h4>\n<ul>\n<li>Prof\u00aa Dr\u00aa Elaine Guedes Fontoura (<a href=\"http:\/\/lattes.cnpq.br\/6969229471478040\">lattes<\/a>)<\/li>\n<\/ul>\n<h4><\/h4>\n<h4>Professores e Pesquisadores<\/h4>\n<ul>\n<li>Prof\u00aa Dr\u00aa Adriana Brait (<a href=\"http:\/\/lattes.cnpq.br\/6495371946897358\">lattes<\/a>)<\/li>\n<li>Prof\u00aa Dr Aloisio Machado (<a href=\"http:\/\/lattes.cnpq.br\/0550981915615186\">lattes<\/a>)<\/li>\n<li>Prof\u00aa Ms. Camila Dourado (<a href=\"http:\/\/lattes.cnpq.br\/2401624242630604\">lattes<\/a>)<\/li>\n<li>Prof\u00aa Ms. Joselice G\u00f3is (<a href=\"http:\/\/lattes.cnpq.br\/3459577111115259\">lattes<\/a>)<\/li>\n<li>Prof\u00aa Dr\u00aa Juliana Miranda (<a href=\"http:\/\/lattes.cnpq.br\/6586008494633206\">lattes<\/a>)<\/li>\n<li>Prof\u00aa Dr\u00aa Maria L\u00facia Servo (<a href=\"http:\/\/lattes.cnpq.br\/5988537163974120\">lattes<\/a>)<\/li>\n<li>Prof\u00aa Dr\u00aa Marluce Alves Nunes (<a href=\"http:\/\/lattes.cnpq.br\/8937043123280073\">lattes<\/a>)<\/li>\n<li>Prof\u00aa Ms. Pollyana Portela (<a href=\"http:\/\/lattes.cnpq.br\/9175275958930365\">lattes<\/a>)<\/li>\n<\/ul>\n<h4><\/h4>\n<h4>Estudantes<\/h4>\n<p>Gradua\u00e7\u00e3o &#8211; Inicia\u00e7\u00e3o cientifica<\/p>\n<ul>\n<li>Analu Oliveira \u2013 Enfermagem<\/li>\n<li>Ayla Melo \u2013 Enfermagem<\/li>\n<li>D\u00e9borah Souza \u2013 Enfermagem<\/li>\n<li>Gabrielle Rios \u2013 Psicologia<\/li>\n<li>H\u00e9rica La\u00eds Leite \u2013 Medicina<\/li>\n<li>\u00cdris Cristy Silva \u2013 Enfermagem<\/li>\n<li>Lorraine Souza \u2013 Enfermagem<\/li>\n<li>Maryana Ferreira \u2013 Enfermagem<\/li>\n<li>Stefane Ellen Santos \u2013 Enfermagem<\/li>\n<li>Vanessa Marcela Santos \u2013 Enfermagem<\/li>\n<li>Vanessa Sena \u2013 Enfermagem<\/li>\n<li>Vivian Manuela Santos \u2013 Enfermagem<\/li>\n<li>Victor Ara\u00fajo \u2013Medicina<\/li>\n<\/ul>\n<p>Gradua\u00e7\u00e3o &#8211; Extens\u00e3o<\/p>\n<ul>\n<li>Amanda Carvalho \u2013 Psicologia<\/li>\n<\/ul>\n<p>Gradua\u00e7\u00e3o &#8211; Volunt\u00e1rios<\/p>\n<ul>\n<li>Daniela Damasceno \u2013 Enfermagem<\/li>\n<li>D\u00e9borah Assis \u2013 Enfermagem<\/li>\n<li>Isabelle Santos \u2013 Psicologia<\/li>\n<li>Jaqueline Souza \u2013 Enfermagem<\/li>\n<li>Juscivania Santos \u2013 Enfermagem<\/li>\n<li>La\u00eds dos Santos \u2013 Enfermagem<\/li>\n<li>Lilianne Calazans \u2013 Psicologia<\/li>\n<li>Patr\u00edcia Ara\u00fajo \u2013 Psicologia<\/li>\n<li>Renata Santana \u2013 Enfermagem<\/li>\n<li>Sthefane Azev\u00eado \u2013 Enfermagem<\/li>\n<\/ul>\n<h4><\/h4>\n<h4>Mestrado<\/h4>\n<ul>\n<li>Ceci da Silva<\/li>\n<li>Daniela Cunha<\/li>\n<li>Jaqueline Muniz<\/li>\n<li>J\u00e9ssica Esteves<\/li>\n<li>K\u00e9ccia dos Santos Nunes Gon\u00e7alves<\/li>\n<li>Luciana Maciel<\/li>\n<li>Tayara de Oliveira Vit\u00f3ria<\/li>\n<li>Thamara Arianny Ventin Amorim Oliveira de Assis<\/li>\n<li>Queuam Ferreira<\/li>\n<\/ul>\n<h4><\/h4>\n<h4>Doutorado<\/h4>\n<ul>\n<li>Aminne Bastos<\/li>\n<li>Camila Valente<\/li>\n<li>Igor Borba<\/li>\n<\/ul>\n<h4><\/h4>\n<h4>T\u00e9cnicos<\/h4>\n<ul>\n<li>Larissa Souza \u2013 Enfermeira<\/li>\n<\/ul>\n","protected":false},"excerpt":{"rendered":"<p>Coordena\u00e7\u00e3o Prof\u00aa Dr\u00aa Katia Santana Freitas (lattes) Vice-coordena\u00e7\u00e3o Prof\u00aa Dr\u00aa Elaine Guedes Fontoura (lattes) Professores e Pesquisadores Prof\u00aa Dr\u00aa Adriana Brait (lattes) Prof\u00aa Dr Aloisio Machado (lattes) Prof\u00aa Ms. Camila [&hellip;]<\/p>\n","protected":false},"author":1,"featured_media":0,"parent":0,"menu_order":0,"comment_status":"closed","ping_status":"closed","template":"","meta":{"footnotes":""},"class_list":["post-49","page","type-page","status-publish","hentry"],"_links":{"self":[{"href":"https:\/\/ppgsc2.uefs.br\/nipes\/wp-json\/wp\/v2\/pages\/49","targetHints":{"allow":["GET"]}}],"collection":[{"href":"https:\/\/ppgsc2.uefs.br\/nipes\/wp-json\/wp\/v2\/pages"}],"about":[{"href":"https:\/\/ppgsc2.uefs.br\/nipes\/wp-json\/wp\/v2\/types\/page"}],"author":[{"embeddable":true,"href":"https:\/\/ppgsc2.uefs.br\/nipes\/wp-json\/wp\/v2\/users\/1"}],"replies":[{"embeddable":true,"href":"https:\/\/ppgsc2.uefs.br\/nipes\/wp-json\/wp\/v2\/comments?post=49"}],"version-history":[{"count":8,"href":"https:\/\/ppgsc2.uefs.br\/nipes\/wp-json\/wp\/v2\/pages\/49\/revisions"}],"predecessor-version":[{"id":57,"href":"https:\/\/ppgsc2.uefs.br\/nipes\/wp-json\/wp\/v2\/pages\/49\/revisions\/57"}],"wp:attachment":[{"href":"https:\/\/ppgsc2.uefs.br\/nipes\/wp-json\/wp\/v2\/media?parent=49"}],"curies":[{"name":"wp","href":"https:\/\/api.w.org\/{rel}","templated":true}]}}