{"id":46,"date":"2021-05-30T02:11:09","date_gmt":"2021-05-30T05:11:09","guid":{"rendered":"https:\/\/ppgsc2.uefs.br\/nipes\/?page_id=46"},"modified":"2024-06-07T14:59:57","modified_gmt":"2024-06-07T17:59:57","slug":"apresentacao","status":"publish","type":"page","link":"https:\/\/ppgsc2.uefs.br\/nipes\/apresentacao\/","title":{"rendered":"Apresenta\u00e7\u00e3o"},"content":{"rendered":"<p style=\"text-align: justify;\">O N\u00facleo Interdisciplinar de Pesquisas e Estudos em Sa\u00fade (NIPES) foi organizado e institu\u00eddo em 2015 na Universidade Estadual de Feira de Santana (UEFS). O NIPES \u00e9 formado por docentes pesquisadores, profissionais de sa\u00fade e discentes da gradua\u00e7\u00e3o e p\u00f3s-gradua\u00e7\u00e3o, desenvolvendo parceria com outras institui\u00e7\u00f5es de ensino e tamb\u00e9m hospitalares.<\/p>\n<p style=\"text-align: justify;\">Nesse contexto, a partir de uma abordagem interdisciplinar e apoiado no trip\u00e9 \u201censino-pesquisa-extens\u00e3o\u201d, tem como objetivo promover discuss\u00f5es, projetos de pesquisa e extens\u00e3o em interface com distintas \u00e1reas de conhecimento. Para tanto, oferta suporte em debates sobre metodologia cient\u00edfica, epidemiologia e o desenvolvimento de t\u00e9cnicas para an\u00e1lise e interpreta\u00e7\u00e3o de dados em pesquisas quantitativas e qualitativas, que resultam em diversas publica\u00e7\u00f5es em revistas cient\u00edficas e em eventos nacionais e internacionais. Al\u00e9m disso, busca fortalecer a forma\u00e7\u00e3o dos futuros profissionais egressos da UEFS, contribuindo para que esses assumam uma postura \u00e9tica e comprometida.<\/p>\n<h4 style=\"text-align: justify;\">Endere\u00e7o no Diret\u00f3rio do Grupo de Pesquisa<\/h4>\n<p style=\"text-align: justify;\"><a href=\"http:\/\/dgp.cnpq.br\/dgp\/espelhogrupo\/3534524584400115\">http:\/\/dgp.cnpq.br\/dgp\/espelhogrupo\/3534524584400115<\/a><\/p>\n","protected":false},"excerpt":{"rendered":"<p>O N\u00facleo Interdisciplinar de Pesquisas e Estudos em Sa\u00fade (NIPES) foi organizado e institu\u00eddo em 2015 na Universidade Estadual de Feira de Santana (UEFS). O NIPES \u00e9 formado por docentes [&hellip;]<\/p>\n","protected":false},"author":1,"featured_media":0,"parent":0,"menu_order":0,"comment_status":"closed","ping_status":"closed","template":"","meta":{"footnotes":""},"class_list":["post-46","page","type-page","status-publish","hentry"],"_links":{"self":[{"href":"https:\/\/ppgsc2.uefs.br\/nipes\/wp-json\/wp\/v2\/pages\/46","targetHints":{"allow":["GET"]}}],"collection":[{"href":"https:\/\/ppgsc2.uefs.br\/nipes\/wp-json\/wp\/v2\/pages"}],"about":[{"href":"https:\/\/ppgsc2.uefs.br\/nipes\/wp-json\/wp\/v2\/types\/page"}],"author":[{"embeddable":true,"href":"https:\/\/ppgsc2.uefs.br\/nipes\/wp-json\/wp\/v2\/users\/1"}],"replies":[{"embeddable":true,"href":"https:\/\/ppgsc2.uefs.br\/nipes\/wp-json\/wp\/v2\/comments?post=46"}],"version-history":[{"count":5,"href":"https:\/\/ppgsc2.uefs.br\/nipes\/wp-json\/wp\/v2\/pages\/46\/revisions"}],"predecessor-version":[{"id":75,"href":"https:\/\/ppgsc2.uefs.br\/nipes\/wp-json\/wp\/v2\/pages\/46\/revisions\/75"}],"wp:attachment":[{"href":"https:\/\/ppgsc2.uefs.br\/nipes\/wp-json\/wp\/v2\/media?parent=46"}],"curies":[{"name":"wp","href":"https:\/\/api.w.org\/{rel}","templated":true}]}}