{"id":66,"date":"2016-04-10T19:25:06","date_gmt":"2016-04-10T22:25:06","guid":{"rendered":"https:\/\/ppgsc2.uefs.br\/nepi\/?page_id=66"},"modified":"2021-05-25T22:25:34","modified_gmt":"2021-05-26T01:25:34","slug":"contato","status":"publish","type":"page","link":"https:\/\/ppgsc2.uefs.br\/nepi\/contato\/","title":{"rendered":"Contato"},"content":{"rendered":"<p><strong>Endere\u00e7o:<\/strong> Avenida Transnordestina, s\/n &#8211; Novo Horizonte \u2013 Pr\u00e9dio da P\u00f3s Gradua\u00e7\u00e3o em Sa\u00fade Coletiva.<\/p>\n<p><strong>Telefone Fixo: <\/strong>(75) 3161-8320<\/p>\n<p><strong>E-mail:<\/strong> <a href=\"mailto:nepi.uefs@gmail.com\">nepi.uefs@gmail.com<\/a><\/p>\n<p><strong>Redes sociais:<\/strong><\/p>\n<p><strong>Instagram: <\/strong>@nepi.uefs<\/p>\n<p><strong>Youtube: <\/strong><a href=\"https:\/\/www.youtube.com\/nepiuefs\">https:\/\/www.youtube.com\/nepiuefs<\/a><\/p>\n<p><strong>Sites:<\/strong><\/p>\n<p><a href=\"http:\/\/nepiuefs.org\/\">http:\/\/nepiuefs.org\/<\/a><\/p>\n<p><a href=\"http:\/\/saudedostrabalhadoresdasaude.uefs.br\/\">http:\/\/saudedostrabalhadoresdasaude.uefs.br\/<\/a><\/p>\n","protected":false},"excerpt":{"rendered":"<p>Endere\u00e7o: Avenida Transnordestina, s\/n &#8211; Novo Horizonte \u2013 Pr\u00e9dio da P\u00f3s Gradua\u00e7\u00e3o em Sa\u00fade Coletiva. Telefone Fixo: (75) 3161-8320 E-mail: nepi.uefs@gmail.com Redes sociais: Instagram: @nepi.uefs Youtube: https:\/\/www.youtube.com\/nepiuefs Sites: http:\/\/nepiuefs.org\/ http:\/\/saudedostrabalhadoresdasaude.uefs.br\/<\/p>\n","protected":false},"author":1,"featured_media":0,"parent":0,"menu_order":0,"comment_status":"closed","ping_status":"closed","template":"","meta":{"footnotes":""},"class_list":["post-66","page","type-page","status-publish","hentry"],"_links":{"self":[{"href":"https:\/\/ppgsc2.uefs.br\/nepi\/wp-json\/wp\/v2\/pages\/66","targetHints":{"allow":["GET"]}}],"collection":[{"href":"https:\/\/ppgsc2.uefs.br\/nepi\/wp-json\/wp\/v2\/pages"}],"about":[{"href":"https:\/\/ppgsc2.uefs.br\/nepi\/wp-json\/wp\/v2\/types\/page"}],"author":[{"embeddable":true,"href":"https:\/\/ppgsc2.uefs.br\/nepi\/wp-json\/wp\/v2\/users\/1"}],"replies":[{"embeddable":true,"href":"https:\/\/ppgsc2.uefs.br\/nepi\/wp-json\/wp\/v2\/comments?post=66"}],"version-history":[{"count":3,"href":"https:\/\/ppgsc2.uefs.br\/nepi\/wp-json\/wp\/v2\/pages\/66\/revisions"}],"predecessor-version":[{"id":133,"href":"https:\/\/ppgsc2.uefs.br\/nepi\/wp-json\/wp\/v2\/pages\/66\/revisions\/133"}],"wp:attachment":[{"href":"https:\/\/ppgsc2.uefs.br\/nepi\/wp-json\/wp\/v2\/media?parent=66"}],"curies":[{"name":"wp","href":"https:\/\/api.w.org\/{rel}","templated":true}]}}