{"id":53,"date":"2016-04-10T17:54:28","date_gmt":"2016-04-10T20:54:28","guid":{"rendered":"https:\/\/ppgsc2.uefs.br\/nepi\/?page_id=53"},"modified":"2024-06-07T12:27:30","modified_gmt":"2024-06-07T15:27:30","slug":"projetos","status":"publish","type":"page","link":"https:\/\/ppgsc2.uefs.br\/nepi\/projetos\/","title":{"rendered":"Projetos"},"content":{"rendered":"<h4 style=\"text-align: justify;\">Projetos de Pesquisa<\/h4>\n<p style=\"text-align: justify;\">Vigil\u00e2ncia em Sa\u00fade Mental no contexto da Pandemia da COVID-19: fortalecimento das Redes de Aten\u00e7\u00e3o \u00e0 Sa\u00fade Mental e Trabalho<br \/>\n2021 \u2013 Atual<br \/>\nFinanciado por: PPSUS\/FAPESB 2021<\/p>\n<p style=\"text-align: justify;\">Trabalho Docente e Sa\u00fade em Tempos de Pandemia (COVID-19)<br \/>\n2020 \u2013 Atual<\/p>\n<p style=\"text-align: justify;\">Vigil\u00e2ncia em Sa\u00fade Mental e Trabalho: uma coorte da popula\u00e7\u00e3o de Feira de Santana-BA<br \/>\n2018 \u2013 Atual<br \/>\nFinanciado\u00a0por: PPSUS\/FAPESB 2018<\/p>\n<p style=\"text-align: justify;\">Condi\u00e7\u00f5es de Trabalho, de emprego e de sa\u00fade dos trabalhadores da aten\u00e7\u00e3o b\u00e1sica na Bahia, fase III: Fortalecimento das propostas de interven\u00e7\u00e3o na gest\u00e3o e vigil\u00e2ncia das condi\u00e7\u00f5es de trabalho na sa\u00fade<br \/>\n2017 \u2013 Atual<br \/>\nFinanciado por:\u00a0PPSUS\/FAPESB 2017<\/p>\n<p style=\"text-align: justify;\">Vigil\u00e2ncia e Monitoramento de Doen\u00e7as Infecciosas entre Trabalhadores e Trabalhadoras do Setor Sa\u00fade<br \/>\n2016 \u2013 Atual<br \/>\nFinanciado por: CNPq (Edital universal 2016).<\/p>\n<p style=\"text-align: justify;\">Condi\u00e7\u00f5es de Trabalho Docente e Sa\u00fade: Interven\u00e7\u00f5es para Constru\u00e7\u00e3o de Ambientes de Trabalho Saud\u00e1veis<br \/>\n2013 \u2013 Atual<br \/>\nFinanciado por: FAPESB (Pop Ci\u00eancia 2012)<\/p>\n<p style=\"text-align: justify;\">Redes de Pesquisa no Setor Sa\u00fade: Modelos e A\u00e7\u00f5es de Vigil\u00e2ncia e Gest\u00e3o da Sa\u00fade do Trabalhador na Bahia<br \/>\n2013 \u2013 Atual<br \/>\nFinanciado por: FAPESB\/MS\/CNPq<\/p>\n<h4 style=\"text-align: justify;\"><strong>\u00a0<\/strong><\/h4>\n<h4 style=\"text-align: justify;\">Proetos de Extens\u00e3o<\/h4>\n<p style=\"text-align: justify;\">Rede de Extens\u00e3o no Setor Sa\u00fade: A\u00e7\u00f5es de Vigil\u00e2ncia em Sa\u00fade do Trabalhador da Sa\u00fade e Gest\u00e3o do Trabalho em Munic\u00edpios Baianos<\/p>\n<ul style=\"text-align: justify;\">\n<li>Subprojeto 1- Comunica\u00e7\u00e3o em Sa\u00fade do Trabalhador da Sa\u00fade<\/li>\n<li>Subprojeto 2 &#8211; Educa\u00e7\u00e3o em Sa\u00fade &amp; Trabalho<\/li>\n<li>Subprojeto 3- A Sa\u00fade do Trabalhador na Gest\u00e3o do Trabalho em Sa\u00fade<\/li>\n<li>Subprojeto 4 &#8211; Vigil\u00e2ncia em Sa\u00fade do trabalhador<\/li>\n<\/ul>\n<p style=\"text-align: justify;\">Vigil\u00e2ncia e monitoramento de doen\u00e7as infecciosas entre trabalhadores do setor Sa\u00fade<\/p>\n<p><!--><\/p>\n","protected":false},"excerpt":{"rendered":"<p>Projetos de Pesquisa Vigil\u00e2ncia em Sa\u00fade Mental no contexto da Pandemia da COVID-19: fortalecimento das Redes de Aten\u00e7\u00e3o \u00e0 Sa\u00fade Mental e Trabalho 2021 \u2013 Atual Financiado por: PPSUS\/FAPESB 2021 [&hellip;]<\/p>\n","protected":false},"author":1,"featured_media":0,"parent":0,"menu_order":0,"comment_status":"closed","ping_status":"closed","template":"","meta":{"footnotes":""},"class_list":["post-53","page","type-page","status-publish","hentry"],"_links":{"self":[{"href":"https:\/\/ppgsc2.uefs.br\/nepi\/wp-json\/wp\/v2\/pages\/53","targetHints":{"allow":["GET"]}}],"collection":[{"href":"https:\/\/ppgsc2.uefs.br\/nepi\/wp-json\/wp\/v2\/pages"}],"about":[{"href":"https:\/\/ppgsc2.uefs.br\/nepi\/wp-json\/wp\/v2\/types\/page"}],"author":[{"embeddable":true,"href":"https:\/\/ppgsc2.uefs.br\/nepi\/wp-json\/wp\/v2\/users\/1"}],"replies":[{"embeddable":true,"href":"https:\/\/ppgsc2.uefs.br\/nepi\/wp-json\/wp\/v2\/comments?post=53"}],"version-history":[{"count":6,"href":"https:\/\/ppgsc2.uefs.br\/nepi\/wp-json\/wp\/v2\/pages\/53\/revisions"}],"predecessor-version":[{"id":135,"href":"https:\/\/ppgsc2.uefs.br\/nepi\/wp-json\/wp\/v2\/pages\/53\/revisions\/135"}],"wp:attachment":[{"href":"https:\/\/ppgsc2.uefs.br\/nepi\/wp-json\/wp\/v2\/media?parent=53"}],"curies":[{"name":"wp","href":"https:\/\/api.w.org\/{rel}","templated":true}]}}