{"id":49,"date":"2016-04-10T17:51:11","date_gmt":"2016-04-10T20:51:11","guid":{"rendered":"https:\/\/ppgsc2.uefs.br\/nepi\/?page_id=49"},"modified":"2024-06-07T12:27:30","modified_gmt":"2024-06-07T15:27:30","slug":"linhas-de-pesquisa","status":"publish","type":"page","link":"https:\/\/ppgsc2.uefs.br\/nepi\/linhas-de-pesquisa\/","title":{"rendered":"Linhas de Pesquisa"},"content":{"rendered":"<p>\u2981\u00a0Vigil\u00e2ncia em Sa\u00fade;<br \/>\n\u2981\u00a0Vigil\u00e2ncia em Sa\u00fade Mental;<br \/>\n\u2981\u00a0G\u00eanero, Sa\u00fade e Trabalho;<br \/>\n\u2981\u00a0Desempenho de Instrumentos de Pesquisa;<br \/>\n\u2981\u00a0Sa\u00fade do Trabalhador e Trabalhadora.<\/p>\n<p>&nbsp;<\/p>\n<h4>Atividades de ensino<\/h4>\n<p style=\"text-align: justify;\">Compreendem as disciplinas da \u00e1rea de epidemiologia ofertadas \u00e0s turmas da gradua\u00e7\u00e3o, mestrado e doutorado.<\/p>\n<p style=\"text-align: justify;\"><span style=\"color: #333333; font-size: 18px;\"><br \/>\nAtividades de pesquisa<\/span><\/p>\n<p>Incluem um amplo rol de projetos multic\u00eantricos em parceria com v\u00e1rias universidades na Bahia, no Brasil e no exterior.<\/p>\n<p>&nbsp;<\/p>\n<h4>Atividades de extens\u00e3o<\/h4>\n<p style=\"text-align: justify;\">Incluem dois programas cont\u00ednuos de a\u00e7\u00f5es com os trabalhadores da sa\u00fade de v\u00e1rios munic\u00edpios da Bahia.\u00a0Compreendem quatro Programas: 1) \u201cRede de extens\u00e3o no setor sa\u00fade: a\u00e7\u00f5es de vigil\u00e2ncia em sa\u00fade do trabalhador da sa\u00fade e gest\u00e3o do trabalho em munic\u00edpios baianos\u201d; 2) Vigil\u00e2ncia e monitoramento de doen\u00e7as infecciosas entre trabalhadores do setor Sa\u00fade; 3) Trabalho docente e sa\u00fade na educa\u00e7\u00e3o infantil e superior; 4) Trabalho docente e sa\u00fade em tempos de pandemia (COVID-19).<\/p>\n<p style=\"text-align: justify;\"><span style=\"color: #333333; font-size: 18px;\"><br \/>\nAtividades de forma\u00e7\u00e3o-capacita\u00e7\u00e3o<\/span><\/p>\n<p>incluem cursos de curta dura\u00e7\u00e3o ofertados aos servi\u00e7os de sa\u00fade do SUS.<\/p>\n<p><span style=\"color: #333333; font-size: 18px;\"><br \/>\nAtividades abertas \u00e0 participa\u00e7\u00e3o de toda a comunidade acad\u00eamica, gestores\/as e trabalhadores\/as<\/span><\/p>\n<p style=\"text-align: justify;\">Incluem: sess\u00f5es cient\u00edficas, semin\u00e1rios, de promo\u00e7\u00e3o de eventos (semin\u00e1rios, simp\u00f3sios, oficinas, dentre outros) simp\u00f3sios, palestras com prop\u00f3sito de fomentar discuss\u00f5es sobre temas estudados pelo grupo, atualizar e capacitar para os temas emergentes, novos m\u00e9todos e t\u00e9cnicas de an\u00e1lise de dados epidemiol\u00f3gicos e de programas estat\u00edsticos.<\/p>\n","protected":false},"excerpt":{"rendered":"<p>\u2981\u00a0Vigil\u00e2ncia em Sa\u00fade; \u2981\u00a0Vigil\u00e2ncia em Sa\u00fade Mental; \u2981\u00a0G\u00eanero, Sa\u00fade e Trabalho; \u2981\u00a0Desempenho de Instrumentos de Pesquisa; \u2981\u00a0Sa\u00fade do Trabalhador e Trabalhadora. &nbsp; Atividades de ensino Compreendem as disciplinas da \u00e1rea [&hellip;]<\/p>\n","protected":false},"author":1,"featured_media":0,"parent":0,"menu_order":0,"comment_status":"closed","ping_status":"closed","template":"","meta":{"footnotes":""},"class_list":["post-49","page","type-page","status-publish","hentry"],"_links":{"self":[{"href":"https:\/\/ppgsc2.uefs.br\/nepi\/wp-json\/wp\/v2\/pages\/49","targetHints":{"allow":["GET"]}}],"collection":[{"href":"https:\/\/ppgsc2.uefs.br\/nepi\/wp-json\/wp\/v2\/pages"}],"about":[{"href":"https:\/\/ppgsc2.uefs.br\/nepi\/wp-json\/wp\/v2\/types\/page"}],"author":[{"embeddable":true,"href":"https:\/\/ppgsc2.uefs.br\/nepi\/wp-json\/wp\/v2\/users\/1"}],"replies":[{"embeddable":true,"href":"https:\/\/ppgsc2.uefs.br\/nepi\/wp-json\/wp\/v2\/comments?post=49"}],"version-history":[{"count":4,"href":"https:\/\/ppgsc2.uefs.br\/nepi\/wp-json\/wp\/v2\/pages\/49\/revisions"}],"predecessor-version":[{"id":129,"href":"https:\/\/ppgsc2.uefs.br\/nepi\/wp-json\/wp\/v2\/pages\/49\/revisions\/129"}],"wp:attachment":[{"href":"https:\/\/ppgsc2.uefs.br\/nepi\/wp-json\/wp\/v2\/media?parent=49"}],"curies":[{"name":"wp","href":"https:\/\/api.w.org\/{rel}","templated":true}]}}