{"id":45,"date":"2016-04-10T17:47:09","date_gmt":"2016-04-10T20:47:09","guid":{"rendered":"https:\/\/ppgsc2.uefs.br\/nepi\/?page_id=45"},"modified":"2024-06-07T12:27:30","modified_gmt":"2024-06-07T15:27:30","slug":"equipe","status":"publish","type":"page","link":"https:\/\/ppgsc2.uefs.br\/nepi\/equipe\/","title":{"rendered":"Equipe"},"content":{"rendered":"<h4>Coordenadora<\/h4>\n<h6><\/h6>\n<h6>Dra. T\u00e2nia Maria de Ara\u00fajo<\/h6>\n<p><a href=\"https:\/\/ppgsc2.uefs.br\/nepi\/wp-content\/uploads\/sites\/7\/2016\/04\/NEPI-coordenadora-1.jpg\"><img loading=\"lazy\" decoding=\"async\" class=\"alignnone size-full wp-image-125\" src=\"https:\/\/ppgsc2.uefs.br\/nepi\/wp-content\/uploads\/sites\/7\/2016\/04\/NEPI-coordenadora-1.jpg\" alt=\"nepi-coordenadora\" width=\"200\" height=\"231\" \/><\/a><\/p>\n<p style=\"text-align: justify;\">Possui gradua\u00e7\u00e3o em Psicologia pela Universidade Federal de Minas Gerais (1990), Mestrado em Sa\u00fade Comunit\u00e1ria pela Universidade Federal da Bahia (1994), Doutorado em Sa\u00fade P\u00fablica pela Universidade Federal da Bahia (1999), P\u00f3s-doutorado na University of Massachusetts, Estados Unidos (2004) e P\u00f3s-doutorado na Heinrich-Heine-Universit\u00e4t D\u00fcsseldorf (HHU), Alemanha (2019).<\/p>\n<h4><\/h4>\n<h4>Pesquisadores(as)<\/h4>\n<p>\u2981 Aline Silva Gomes<br \/>\n\u2981 Iracema Lua<br \/>\n\u2981 Juliana Borges Alves Monteiro<br \/>\n\u2981 Luciano Marques dos Santos<br \/>\n\u2981 K\u00e1tia Santana Freitas<br \/>\n\u2981 Kaio Vinicius Freitas de Andrade<br \/>\n\u2981 L\u00e1zaro Ribas<br \/>\n\u2981 Magno Oliveira Macambira<br \/>\n\u2981 Mariana de Castro Brand\u00e3o Cardoso<br \/>\n\u2981 Margarete Costa Helioterio<br \/>\n\u2981 Mariana Rabelo Gomes<br \/>\n\u2981 Michelle de Santana Xavier Ramos<br \/>\n\u2981 Pedro Prates<br \/>\n\u2981 Paloma de Sousa Pinho Freitas<br \/>\n\u2981 Saulo Vasconcelos Rocha<br \/>\n\u2981 Suerda Fortaleza de Souza<br \/>\n\u2981 T\u00e9cia Maria Santos Carneiro e Cordeiro<br \/>\n\u2981 Yan\u00e1 Guimar\u00e3es<\/p>\n<h4><\/h4>\n<p><span style=\"color: #333333; font-size: 18px;\">P\u00f3s-Doutorando<\/span><\/p>\n<p>\u2981\u00a0Jules Ramon Brito Teixeira<\/p>\n<h4><\/h4>\n<h4>Doutorandos(as)<\/h4>\n<p>\u2981 Aline Macedo Carvalho Freitas<br \/>\n\u2981 Ariane Cedraz<br \/>\n\u2981 Camila Carvalho de Sousa<br \/>\n\u2981 Caroline Almeida de Azevedo<br \/>\n\u2981 Fernanda de Oliveira Souza<br \/>\n\u2981 Fernanda Queiroz Rego de Souza Lopes<br \/>\n\u2981 Jos\u00e9 Marques<br \/>\n\u2981 Manuela Matos Maturino<br \/>\n\u2981 Nat\u00e1lia do Carmo Ara\u00fajo<br \/>\n\u2981 Tarciso de Figueiredo Palma<br \/>\n\u2981 Vit\u00f3ria de Barros Siqueira<\/p>\n<h4><\/h4>\n<h4>Mestrandos<\/h4>\n<p>\u2981 Danyella Santana Souza<br \/>\n\u2981 Cintia Moraes<\/p>\n<h4><\/h4>\n<h4>Bolsistas de Inicia\u00e7\u00e3o Cient\u00edfica<\/h4>\n<p>\u2981 Alexia Fraga Oliveira<br \/>\n\u2981 Elidelma dos Santos Pinheiro<br \/>\n\u2981 Hernandes Machado de Jesus<br \/>\n\u2981 Jusciv\u00e2nia de Jesus Santos<br \/>\n\u2981 Let\u00edcia Cerqueira Pereira<br \/>\n\u2981 Sibelly dos Santos Lima<\/p>\n<h4><\/h4>\n<h4>Bolsistas de Extens\u00e3o<\/h4>\n<p>\u2981 Amanda Miranda de Almeida<br \/>\n\u2981 Daniela Sabrina Barreto Damasceno<br \/>\n\u2981 Edileuza Ferreira Carneiro<br \/>\n\u2981 Laiana de Almeida Santos<br \/>\n\u2981 Wenderson Santana Souza<\/p>\n<h4><\/h4>\n<h4>Alunos(as) Volunt\u00e1rios(as)<\/h4>\n<p>\u2981 Ariane Oliveira Pereira<br \/>\n\u2981 Daniela Souza Bastos<br \/>\n\u2981 Mayana Cezar Miranda<\/p>\n<h4><\/h4>\n<h4>Institui\u00e7\u00f5es Parceiras<\/h4>\n<p>\u2981 Universidade Federal do Rec\u00f4ncavo da Bahia (UFRB)<br \/>\n\u2981 Universidade Federal da Bahia (UFBA)<br \/>\n\u2981 Universidade Estadual do Sudoeste da Bahia (UESB)<br \/>\n\u2981 Universidade Federal de Mato Grosso (UFMT)<br \/>\n\u2981 Universidade do Estado do Rio de Janeiro (UERJ)<br \/>\n\u2981 Associa\u00e7\u00e3o dos Docentes da Universidade Estadual de Feira de Santana (ADUFS)<br \/>\n\u2981 Prefeitura Municipal de Santo Ant\u00f4nio de Jesus<br \/>\n\u2981 Prefeitura Municipal de Feira de Santana<br \/>\n\u2981 Sindicato dos Professores no Estado da Bahia<br \/>\n\u2981 Secretaria de Sa\u00fade do Estado da Bahia (SESAB)<br \/>\n\u2981 Diretoria de Vigil\u00e2ncia e Aten\u00e7\u00e3o \u00e0 Sa\u00fade do Trabalhador (DIVAST)<\/p>\n","protected":false},"excerpt":{"rendered":"<p>Coordenadora Dra. T\u00e2nia Maria de Ara\u00fajo Possui gradua\u00e7\u00e3o em Psicologia pela Universidade Federal de Minas Gerais (1990), Mestrado em Sa\u00fade Comunit\u00e1ria pela Universidade Federal da Bahia (1994), Doutorado em Sa\u00fade [&hellip;]<\/p>\n","protected":false},"author":1,"featured_media":0,"parent":0,"menu_order":0,"comment_status":"closed","ping_status":"closed","template":"","meta":{"footnotes":""},"class_list":["post-45","page","type-page","status-publish","hentry"],"_links":{"self":[{"href":"https:\/\/ppgsc2.uefs.br\/nepi\/wp-json\/wp\/v2\/pages\/45","targetHints":{"allow":["GET"]}}],"collection":[{"href":"https:\/\/ppgsc2.uefs.br\/nepi\/wp-json\/wp\/v2\/pages"}],"about":[{"href":"https:\/\/ppgsc2.uefs.br\/nepi\/wp-json\/wp\/v2\/types\/page"}],"author":[{"embeddable":true,"href":"https:\/\/ppgsc2.uefs.br\/nepi\/wp-json\/wp\/v2\/users\/1"}],"replies":[{"embeddable":true,"href":"https:\/\/ppgsc2.uefs.br\/nepi\/wp-json\/wp\/v2\/comments?post=45"}],"version-history":[{"count":9,"href":"https:\/\/ppgsc2.uefs.br\/nepi\/wp-json\/wp\/v2\/pages\/45\/revisions"}],"predecessor-version":[{"id":137,"href":"https:\/\/ppgsc2.uefs.br\/nepi\/wp-json\/wp\/v2\/pages\/45\/revisions\/137"}],"wp:attachment":[{"href":"https:\/\/ppgsc2.uefs.br\/nepi\/wp-json\/wp\/v2\/media?parent=45"}],"curies":[{"name":"wp","href":"https:\/\/api.w.org\/{rel}","templated":true}]}}