{"id":42,"date":"2016-04-10T17:44:12","date_gmt":"2016-04-10T20:44:12","guid":{"rendered":"https:\/\/ppgsc2.uefs.br\/nepi\/?page_id=42"},"modified":"2021-06-13T21:33:11","modified_gmt":"2021-06-14T00:33:11","slug":"apresentacao","status":"publish","type":"page","link":"https:\/\/ppgsc2.uefs.br\/nepi\/apresentacao\/","title":{"rendered":"Apresenta\u00e7\u00e3o"},"content":{"rendered":"<p>O N\u00facleo de Epidemiologia (NEPI) foi proposto e implantado em agosto de 1999. O NEPI estrutura-se como polo aglutinador de atividades e a\u00e7\u00f5es em v\u00e1rios temas em sa\u00fade coletiva\/sa\u00fade mental\/sa\u00fade do trabalhador e da trabalhadora. Integra docentes, pesquisadores(as), discentes de p\u00f3s-gradua\u00e7\u00e3o, gradua\u00e7\u00e3o da UEFS, bolsistas de inicia\u00e7\u00e3o cient\u00edfica e de extens\u00e3o em projetos, programas e atividades de ensino, pesquisa, extens\u00e3o, forma\u00e7\u00e3o e aprimoramento profissional. Assim, contribui para o desenvolvimento cient\u00edfico e tecnol\u00f3gico da UEFS, elevando a qualidade dos cursos ministrados nesta universidade e favorecendo a qualifica\u00e7\u00e3o dos(as) profissionais inseridos(as). \u00c9 um grupo de pesquisa cadastrado no CNPq.<\/p>\n<h4>Objetivos:<\/h4>\n<ul>\n<li style=\"text-align: justify;\">Estimular e dar suporte, na UEFS, ao planejamento e execu\u00e7\u00e3o de projetos de pesquisa que utilizem m\u00e9todo epidemiol\u00f3gico para produ\u00e7\u00e3o de conhecimento na \u00e1rea da Sa\u00fade Coletiva;<\/li>\n<li style=\"text-align: justify;\">Desenvolver an\u00e1lises epidemiol\u00f3gicas da situa\u00e7\u00e3o de sa\u00fade de popula\u00e7\u00f5es concretas, propondo a\u00e7\u00f5es para o equacionamento dos problemas detectados, estabelecendo foco especial no semi\u00e1rido baiano;<\/li>\n<li style=\"text-align: justify;\">Contribuir para o desenvolvimento cient\u00edfico e tecnol\u00f3gico de Feira de Santana e regi\u00e3o, assessorando o sistema local de sa\u00fade na implementa\u00e7\u00e3o de a\u00e7\u00f5es voltadas \u00e0 promo\u00e7\u00e3o e prote\u00e7\u00e3o \u00e0 sa\u00fade, com foco na sa\u00fade dos\/as trabalhadores\/as e na sa\u00fade mental;<\/li>\n<li style=\"text-align: justify;\">Estabelecer parcerias com outras universidades para estabelecimento de projetos multic\u00eantricos voltados ao diagn\u00f3stico e estrat\u00e9gias de enfrentamento aos problemas de sa\u00fade de sa\u00fade coletiva no pa\u00eds.<\/li>\n<\/ul>\n<p>&nbsp;<\/p>\n<h4 style=\"text-align: justify;\">Endere\u00e7o do Diret\u00f3rio de Grupos de Pesquisa<\/h4>\n<p><a href=\"http:\/\/dgp.cnpq.br\/dgp\/espelhogrupo\/1622\">http:\/\/dgp.cnpq.br\/dgp\/espelhogrupo\/1622<\/a><\/p>\n","protected":false},"excerpt":{"rendered":"<p>O N\u00facleo de Epidemiologia (NEPI) foi proposto e implantado em agosto de 1999. O NEPI estrutura-se como polo aglutinador de atividades e a\u00e7\u00f5es em v\u00e1rios temas em sa\u00fade coletiva\/sa\u00fade mental\/sa\u00fade [&hellip;]<\/p>\n","protected":false},"author":1,"featured_media":0,"parent":0,"menu_order":0,"comment_status":"closed","ping_status":"closed","template":"","meta":{"footnotes":""},"class_list":["post-42","page","type-page","status-publish","hentry"],"_links":{"self":[{"href":"https:\/\/ppgsc2.uefs.br\/nepi\/wp-json\/wp\/v2\/pages\/42","targetHints":{"allow":["GET"]}}],"collection":[{"href":"https:\/\/ppgsc2.uefs.br\/nepi\/wp-json\/wp\/v2\/pages"}],"about":[{"href":"https:\/\/ppgsc2.uefs.br\/nepi\/wp-json\/wp\/v2\/types\/page"}],"author":[{"embeddable":true,"href":"https:\/\/ppgsc2.uefs.br\/nepi\/wp-json\/wp\/v2\/users\/1"}],"replies":[{"embeddable":true,"href":"https:\/\/ppgsc2.uefs.br\/nepi\/wp-json\/wp\/v2\/comments?post=42"}],"version-history":[{"count":11,"href":"https:\/\/ppgsc2.uefs.br\/nepi\/wp-json\/wp\/v2\/pages\/42\/revisions"}],"predecessor-version":[{"id":145,"href":"https:\/\/ppgsc2.uefs.br\/nepi\/wp-json\/wp\/v2\/pages\/42\/revisions\/145"}],"wp:attachment":[{"href":"https:\/\/ppgsc2.uefs.br\/nepi\/wp-json\/wp\/v2\/media?parent=42"}],"curies":[{"name":"wp","href":"https:\/\/api.w.org\/{rel}","templated":true}]}}