{"id":110,"date":"2016-04-11T00:40:15","date_gmt":"2016-04-11T03:40:15","guid":{"rendered":"https:\/\/ppgsc2.uefs.br\/nepi\/?page_id=110"},"modified":"2024-06-07T12:27:30","modified_gmt":"2024-06-07T15:27:30","slug":"parcerias","status":"publish","type":"page","link":"https:\/\/ppgsc2.uefs.br\/nepi\/parcerias\/","title":{"rendered":"Parcerias"},"content":{"rendered":"<h4>Institui\u00e7\u00f5es Parceiras<\/h4>\n<p>Universidade Federal do Rec\u00f4ncavo da Bahia<br \/>\nUniversidade Federal da Bahia<br \/>\nUniversidade Federal de Minas Gerais<br \/>\nUniversidade Estadual do Sudoeste da Bahia<br \/>\nUniversidade Federal do Vale do S\u00e3o Francisco<br \/>\nPrefeitura de Santo Antonio de Jesus<br \/>\nSindicato dos Professores no Estado da Bahia<\/p>\n","protected":false},"excerpt":{"rendered":"<p>Institui\u00e7\u00f5es Parceiras Universidade Federal do Rec\u00f4ncavo da Bahia Universidade Federal da Bahia Universidade Federal de Minas Gerais Universidade Estadual do Sudoeste da Bahia Universidade Federal do Vale do S\u00e3o Francisco [&hellip;]<\/p>\n","protected":false},"author":1,"featured_media":0,"parent":0,"menu_order":0,"comment_status":"closed","ping_status":"closed","template":"","meta":{"footnotes":""},"class_list":["post-110","page","type-page","status-publish","hentry"],"_links":{"self":[{"href":"https:\/\/ppgsc2.uefs.br\/nepi\/wp-json\/wp\/v2\/pages\/110","targetHints":{"allow":["GET"]}}],"collection":[{"href":"https:\/\/ppgsc2.uefs.br\/nepi\/wp-json\/wp\/v2\/pages"}],"about":[{"href":"https:\/\/ppgsc2.uefs.br\/nepi\/wp-json\/wp\/v2\/types\/page"}],"author":[{"embeddable":true,"href":"https:\/\/ppgsc2.uefs.br\/nepi\/wp-json\/wp\/v2\/users\/1"}],"replies":[{"embeddable":true,"href":"https:\/\/ppgsc2.uefs.br\/nepi\/wp-json\/wp\/v2\/comments?post=110"}],"version-history":[{"count":2,"href":"https:\/\/ppgsc2.uefs.br\/nepi\/wp-json\/wp\/v2\/pages\/110\/revisions"}],"predecessor-version":[{"id":112,"href":"https:\/\/ppgsc2.uefs.br\/nepi\/wp-json\/wp\/v2\/pages\/110\/revisions\/112"}],"wp:attachment":[{"href":"https:\/\/ppgsc2.uefs.br\/nepi\/wp-json\/wp\/v2\/media?parent=110"}],"curies":[{"name":"wp","href":"https:\/\/api.w.org\/{rel}","templated":true}]}}