{"id":48,"date":"2021-05-30T03:17:02","date_gmt":"2021-05-30T06:17:02","guid":{"rendered":"https:\/\/ppgsc2.uefs.br\/gestio\/?page_id=48"},"modified":"2024-06-07T15:13:57","modified_gmt":"2024-06-07T18:13:57","slug":"projetos","status":"publish","type":"page","link":"https:\/\/ppgsc2.uefs.br\/gestio\/projetos\/","title":{"rendered":"Projetos"},"content":{"rendered":"<h4 style=\"text-align: justify;\">PROJETOS DE PESQUISA<\/h4>\n<p>Produ\u00e7\u00e3o do cuidado, avalia\u00e7\u00e3o de servi\u00e7os e programas de sa\u00fade em Enfermagem.<\/p>\n<p>&nbsp;<\/p>\n<p>Assist\u00eancia Domiciliar no \u00e2mbito do SUS: estudo de caso no interior do estado da Bahia.<\/p>\n<p>&nbsp;<\/p>\n<p>Valida\u00e7\u00e3o de instrumento para avalia\u00e7\u00e3o da implanta\u00e7\u00e3o da Pol\u00edtica Nacional de Aten\u00e7\u00e3o Integral \u00e0s Pessoas com Doen\u00e7a Falciforme e outras Hemoglobinopatias<\/p>\n<p>&nbsp;<\/p>\n<p>Avaliabilidade da Pol\u00edtica Nacional de Aten\u00e7\u00e3o Integral as Pessoas com Doen\u00e7as Falciformes e outras Hemoglobinopatias no estado da Bahia<\/p>\n<p>&nbsp;<\/p>\n<p>Avalia\u00e7\u00e3o do processo de gest\u00e3o por secret\u00e1rios municipais de sa\u00fade vem uma microrregi\u00e3o do Estado da Bahia<\/p>\n<p>&nbsp;<\/p>\n<p>Percep\u00e7\u00e3o do Enfermeiro da ESF frente ao processo de cuidar do Idoso com depend\u00eancia em domic\u00edlio<\/p>\n<p>&nbsp;<\/p>\n<p>Fatores associados \u00e0 ocorr\u00eancia de erros no preparo e administra\u00e7\u00e3o de medicamentos intravenosos<\/p>\n","protected":false},"excerpt":{"rendered":"<p>PROJETOS DE PESQUISA Produ\u00e7\u00e3o do cuidado, avalia\u00e7\u00e3o de servi\u00e7os e programas de sa\u00fade em Enfermagem. &nbsp; Assist\u00eancia Domiciliar no \u00e2mbito do SUS: estudo de caso no interior do estado da [&hellip;]<\/p>\n","protected":false},"author":1,"featured_media":0,"parent":0,"menu_order":0,"comment_status":"closed","ping_status":"closed","template":"","meta":{"footnotes":""},"class_list":["post-48","page","type-page","status-publish","hentry"],"_links":{"self":[{"href":"https:\/\/ppgsc2.uefs.br\/gestio\/wp-json\/wp\/v2\/pages\/48","targetHints":{"allow":["GET"]}}],"collection":[{"href":"https:\/\/ppgsc2.uefs.br\/gestio\/wp-json\/wp\/v2\/pages"}],"about":[{"href":"https:\/\/ppgsc2.uefs.br\/gestio\/wp-json\/wp\/v2\/types\/page"}],"author":[{"embeddable":true,"href":"https:\/\/ppgsc2.uefs.br\/gestio\/wp-json\/wp\/v2\/users\/1"}],"replies":[{"embeddable":true,"href":"https:\/\/ppgsc2.uefs.br\/gestio\/wp-json\/wp\/v2\/comments?post=48"}],"version-history":[{"count":5,"href":"https:\/\/ppgsc2.uefs.br\/gestio\/wp-json\/wp\/v2\/pages\/48\/revisions"}],"predecessor-version":[{"id":56,"href":"https:\/\/ppgsc2.uefs.br\/gestio\/wp-json\/wp\/v2\/pages\/48\/revisions\/56"}],"wp:attachment":[{"href":"https:\/\/ppgsc2.uefs.br\/gestio\/wp-json\/wp\/v2\/media?parent=48"}],"curies":[{"name":"wp","href":"https:\/\/api.w.org\/{rel}","templated":true}]}}